{"id":551,"date":"2024-01-29T21:10:57","date_gmt":"2024-01-29T20:10:57","guid":{"rendered":"https:\/\/collection.galerie-gerdes.com\/?post_type=product&#038;p=551"},"modified":"2024-05-21T13:05:51","modified_gmt":"2024-05-21T11:05:51","slug":"fritz-hass","status":"publish","type":"product","link":"https:\/\/collection.galerie-gerdes.com\/sv\/p\/fritz-hass\/","title":{"rendered":"Stimmungsvolle S\u00fcddeutsche Dorf-Landschaft, Gem\u00e4lde von Fritz Hass, M\u00fcnchen"},"content":{"rendered":"<p>Fritz Hass (12. April 1902 in M\u00fcnchen bis 1994 in M\u00fcnchen) war ein deutscher Maler. Er galt als letzter Impressionist der M\u00fcnchner Malschule.<\/p>\n<p>Fritz Hass war der Sohn des gleichnamigen M\u00fcnchner Malers und Karikaturisten Fritz Hass, bei dem er seine erste k\u00fcnstlerische Ausbildung erhielt. Ab dem 27. April 1920 studierte er an der Akademie der Bildenden K\u00fcnste M\u00fcnchen. Dort war er Sch\u00fcler des Akademieprofessors Hermann Groeber. Studienreisen f\u00fchrten ihn in die Niederlande, nach England, Frankreich, der Schweiz, \u00d6sterreich und Italien. Anschlie\u00dfend lie\u00df er sich in M\u00fcnchen nieder, wo er ein gro\u00dfes Atelier in der Schraudolphstra\u00dfe bezog, welches w\u00e4hrend der Luftangriffe auf M\u00fcnchen zerst\u00f6rt wurde. Nach dem Zweiten Weltkrieg lebte und arbeitete er in Landsberg am Lech und in der Schweiz. 1970 kehrte er nach M\u00fcnchen zur\u00fcck. Bis zu seinem Tod im hohen Alter von 92 Jahren war er k\u00fcnstlerisch t\u00e4tig. Kunstschaffen Anfangs machte sich Fritz Hass einen Namen als Portr\u00e4tmaler. Er fertigte unter anderem Bildnisse von Prinz und Prinzessin Waldemar von Preu\u00dfen sowie Albert Schweitzer. Sp\u00e4ter war die Landschaftsmalerei ein Schwerpunkt seines k\u00fcnstlerischen Schaffens. Seine Motive w\u00e4hlte er vorzugsweise in der bayerischen, schweizer und \u00f6sterreichischen Bergwelt sowie in der Gegend um den Chiemsee und um das Dachauer Moos. In seinem Sp\u00e4twerk widmet er sich der Blumenmalerei. Seine Bilder zeichnen sich durch impressionistische Leichtigkeit und sensibles Farbempfinden aus.<\/p>\n","protected":false},"excerpt":{"rendered":"<p>Fritz Hass (1902-1994)<\/p>\n","protected":false},"featured_media":554,"template":"","meta":{"site-sidebar-layout":"default","site-content-layout":"","ast-site-content-layout":"default","site-content-style":"default","site-sidebar-style":"default","ast-global-header-display":"","ast-banner-title-visibility":"","ast-main-header-display":"","ast-hfb-above-header-display":"","ast-hfb-below-header-display":"","ast-hfb-mobile-header-display":"","site-post-title":"","ast-breadcrumbs-content":"","ast-featured-img":"","footer-sml-layout":"","ast-disable-related-posts":"","theme-transparent-header-meta":"default","adv-header-id-meta":"","stick-header-meta":"","header-above-stick-meta":"","header-main-stick-meta":"","header-below-stick-meta":"","astra-migrate-meta-layouts":"set","ast-page-background-enabled":"default","ast-page-background-meta":{"desktop":{"background-color":"var(--ast-global-color-4)","background-image":"","background-repeat":"repeat","background-position":"center center","background-size":"auto","background-attachment":"scroll","background-type":"","background-media":"","overlay-type":"","overlay-color":"","overlay-opacity":"","overlay-gradient":""},"tablet":{"background-color":"","background-image":"","background-repeat":"repeat","background-position":"center center","background-size":"auto","background-attachment":"scroll","background-type":"","background-media":"","overlay-type":"","overlay-color":"","overlay-opacity":"","overlay-gradient":""},"mobile":{"background-color":"","background-image":"","background-repeat":"repeat","background-position":"center center","background-size":"auto","background-attachment":"scroll","background-type":"","background-media":"","overlay-type":"","overlay-color":"","overlay-opacity":"","overlay-gradient":""}},"ast-content-background-meta":{"desktop":{"background-color":"var(--ast-global-color-5)","background-image":"","background-repeat":"repeat","background-position":"center center","background-size":"auto","background-attachment":"scroll","background-type":"","background-media":"","overlay-type":"","overlay-color":"","overlay-opacity":"","overlay-gradient":""},"tablet":{"background-color":"var(--ast-global-color-5)","background-image":"","background-repeat":"repeat","background-position":"center center","background-size":"auto","background-attachment":"scroll","background-type":"","background-media":"","overlay-type":"","overlay-color":"","overlay-opacity":"","overlay-gradient":""},"mobile":{"background-color":"var(--ast-global-color-5)","background-image":"","background-repeat":"repeat","background-position":"center center","background-size":"auto","background-attachment":"scroll","background-type":"","background-media":"","overlay-type":"","overlay-color":"","overlay-opacity":"","overlay-gradient":""}}},"product_brand":[],"product_cat":[52,25,184,179,409],"product_tag":[364,362,363,74,361,365],"class_list":{"0":"post-551","1":"product","2":"type-product","3":"status-publish","4":"has-post-thumbnail","6":"product_cat-20th-century","7":"product_cat-deutsch","8":"product_cat-fritz-hass-der-juengere","9":"product_cat-gemaelde","10":"product_cat-landschaft","11":"product_tag-art","12":"product_tag-gemalde","13":"product_tag-kunst","14":"product_tag-painting","15":"product_tag-peintures","16":"product_tag-pittura","17":"desktop-align-center","18":"tablet-align-left","19":"mobile-align-left","21":"first","22":"instock","23":"taxable","24":"shipping-taxable","25":"product-type-simple"},"_links":{"self":[{"href":"https:\/\/collection.galerie-gerdes.com\/sv\/wp-json\/wp\/v2\/product\/551","targetHints":{"allow":["GET"]}}],"collection":[{"href":"https:\/\/collection.galerie-gerdes.com\/sv\/wp-json\/wp\/v2\/product"}],"about":[{"href":"https:\/\/collection.galerie-gerdes.com\/sv\/wp-json\/wp\/v2\/types\/product"}],"wp:featuredmedia":[{"embeddable":true,"href":"https:\/\/collection.galerie-gerdes.com\/sv\/wp-json\/wp\/v2\/media\/554"}],"wp:attachment":[{"href":"https:\/\/collection.galerie-gerdes.com\/sv\/wp-json\/wp\/v2\/media?parent=551"}],"wp:term":[{"taxonomy":"product_brand","embeddable":true,"href":"https:\/\/collection.galerie-gerdes.com\/sv\/wp-json\/wp\/v2\/product_brand?post=551"},{"taxonomy":"product_cat","embeddable":true,"href":"https:\/\/collection.galerie-gerdes.com\/sv\/wp-json\/wp\/v2\/product_cat?post=551"},{"taxonomy":"product_tag","embeddable":true,"href":"https:\/\/collection.galerie-gerdes.com\/sv\/wp-json\/wp\/v2\/product_tag?post=551"}],"curies":[{"name":"wp","href":"https:\/\/api.w.org\/{rel}","templated":true}]}}