{"id":6664,"date":"2024-05-12T10:37:03","date_gmt":"2024-05-12T08:37:03","guid":{"rendered":"https:\/\/collection.galerie-gerdes.com\/?post_type=product&#038;p=6664"},"modified":"2024-05-22T16:27:03","modified_gmt":"2024-05-22T14:27:03","slug":"interior-studie-mit-fenster-gemalde-von-alois-benedicter","status":"publish","type":"product","link":"https:\/\/collection.galerie-gerdes.com\/sv\/p\/interior-studie-mit-fenster-gemalde-von-alois-benedicter\/","title":{"rendered":"Interior-Studie mit Fenster, Gem\u00e4lde von Alois BENEDICTER"},"content":{"rendered":"<p>Alois Josef Benedicter wurde am 4. Juni 1843 in Dischingen als Sohn eines F\u00e4rbermeisters geboren. Seine k\u00fcnstlerische Laufbahn begann im Alter von vierzehn Jahren, als er bei seinem Cousin, dem Kirchen- und Dekorationsmaler Mathias Stadler, in Kelheim in die Lehre ging. Im Jahr 1861 zog Benedicter nach Stuttgart, wo er bei einem Dekorationsmaler arbeitete. Zwischen 1863 und 1870 setzte er sein Studium an der renommierten Kunstakademie M\u00fcnchen fort, wo er von namhaften K\u00fcnstlern wie Hermann Ansch\u00fctz, Georg Hiltensperger, Alexander Str\u00e4huber und S\u00e1ndor Wagner unterrichtet wurde.<\/p>\n<p>Nach seinem Studienabschluss konzentrierte sich Benedicter vor allem auf gro\u00dfformatige Architekturbilder. Eine Verletzung, die er w\u00e4hrend des Deutsch-Franz\u00f6sischen Krieges 1870\/71 erlitt, zwang ihn jedoch dazu, auf kleinere Formate umzusteigen. W\u00e4hrend Reisen in die Niederlande und Belgien entdeckte Benedicter die niederl\u00e4ndische Genremalerei und begann, neben Architekturbildern und Interieurs, auch Genrebilder zu schaffen. Im Jahr 1876 unternahm Benedicter eine Reise nach Italien.<\/p>\n<p>Nach seiner Heirat im Jahr 1879 lie\u00df sich Benedicter in Rothenburg ob der Tauber nieder. Im Jahr 1893 zog die Familie nach Pasing, einem heutigen Stadtteil von M\u00fcnchen, wo Benedicter im gleichen Jahr Mitglied der M\u00fcnchner K\u00fcnstlergenossenschaft wurde. In seinem sp\u00e4teren Schaffen widmete sich Benedicter vermehrt der Landschaftsmalerei, obwohl er auch figurative Darstellungen schuf. Peter Wiench beschreibt Benedicters Stil im Allgemeinen K\u00fcnstlerlexikon als &#8221;technisch perfekt, plastisch durchgestaltet und an der niederl\u00e4ndischen Genre- und Landschaftsmalerei orientiert&#8221;.<\/p>\n<p>Alois Josef Benedicter verstarb am 14. April 1931 in Pasing, heute ein Stadtteil von M\u00fcnchen.<\/p>\n","protected":false},"excerpt":{"rendered":"<p>Alois Josef BENEDICTER (1843-1931)<br \/>\nKleines Leinwandst\u00fcck ohne Keilrahmen<\/p>\n","protected":false},"featured_media":6671,"template":"","meta":{"site-sidebar-layout":"default","site-content-layout":"","ast-site-content-layout":"default","site-content-style":"default","site-sidebar-style":"default","ast-global-header-display":"","ast-banner-title-visibility":"","ast-main-header-display":"","ast-hfb-above-header-display":"","ast-hfb-below-header-display":"","ast-hfb-mobile-header-display":"","site-post-title":"","ast-breadcrumbs-content":"","ast-featured-img":"","footer-sml-layout":"","ast-disable-related-posts":"","theme-transparent-header-meta":"default","adv-header-id-meta":"","stick-header-meta":"","header-above-stick-meta":"","header-main-stick-meta":"","header-below-stick-meta":"","astra-migrate-meta-layouts":"set","ast-page-background-enabled":"default","ast-page-background-meta":{"desktop":{"background-color":"var(--ast-global-color-4)","background-image":"","background-repeat":"repeat","background-position":"center center","background-size":"auto","background-attachment":"scroll","background-type":"","background-media":"","overlay-type":"","overlay-color":"","overlay-opacity":"","overlay-gradient":""},"tablet":{"background-color":"","background-image":"","background-repeat":"repeat","background-position":"center center","background-size":"auto","background-attachment":"scroll","background-type":"","background-media":"","overlay-type":"","overlay-color":"","overlay-opacity":"","overlay-gradient":""},"mobile":{"background-color":"","background-image":"","background-repeat":"repeat","background-position":"center center","background-size":"auto","background-attachment":"scroll","background-type":"","background-media":"","overlay-type":"","overlay-color":"","overlay-opacity":"","overlay-gradient":""}},"ast-content-background-meta":{"desktop":{"background-color":"var(--ast-global-color-5)","background-image":"","background-repeat":"repeat","background-position":"center center","background-size":"auto","background-attachment":"scroll","background-type":"","background-media":"","overlay-type":"","overlay-color":"","overlay-opacity":"","overlay-gradient":""},"tablet":{"background-color":"var(--ast-global-color-5)","background-image":"","background-repeat":"repeat","background-position":"center center","background-size":"auto","background-attachment":"scroll","background-type":"","background-media":"","overlay-type":"","overlay-color":"","overlay-opacity":"","overlay-gradient":""},"mobile":{"background-color":"var(--ast-global-color-5)","background-image":"","background-repeat":"repeat","background-position":"center center","background-size":"auto","background-attachment":"scroll","background-type":"","background-media":"","overlay-type":"","overlay-color":"","overlay-opacity":"","overlay-gradient":""}}},"product_brand":[],"product_cat":[52,359,25,179,409,267],"product_tag":[364,362,363,74,361,365],"class_list":{"0":"post-6664","1":"product","2":"type-product","3":"status-publish","4":"has-post-thumbnail","6":"product_cat-20th-century","7":"product_cat-alois-josef-benedicter","8":"product_cat-deutsch","9":"product_cat-gemaelde","10":"product_cat-landschaft","11":"product_cat-oelgemaelde","12":"product_tag-art","13":"product_tag-gemalde","14":"product_tag-kunst","15":"product_tag-painting","16":"product_tag-peintures","17":"product_tag-pittura","18":"desktop-align-center","19":"tablet-align-left","20":"mobile-align-left","22":"first","23":"instock","24":"taxable","25":"shipping-taxable","26":"product-type-simple"},"_links":{"self":[{"href":"https:\/\/collection.galerie-gerdes.com\/sv\/wp-json\/wp\/v2\/product\/6664","targetHints":{"allow":["GET"]}}],"collection":[{"href":"https:\/\/collection.galerie-gerdes.com\/sv\/wp-json\/wp\/v2\/product"}],"about":[{"href":"https:\/\/collection.galerie-gerdes.com\/sv\/wp-json\/wp\/v2\/types\/product"}],"wp:featuredmedia":[{"embeddable":true,"href":"https:\/\/collection.galerie-gerdes.com\/sv\/wp-json\/wp\/v2\/media\/6671"}],"wp:attachment":[{"href":"https:\/\/collection.galerie-gerdes.com\/sv\/wp-json\/wp\/v2\/media?parent=6664"}],"wp:term":[{"taxonomy":"product_brand","embeddable":true,"href":"https:\/\/collection.galerie-gerdes.com\/sv\/wp-json\/wp\/v2\/product_brand?post=6664"},{"taxonomy":"product_cat","embeddable":true,"href":"https:\/\/collection.galerie-gerdes.com\/sv\/wp-json\/wp\/v2\/product_cat?post=6664"},{"taxonomy":"product_tag","embeddable":true,"href":"https:\/\/collection.galerie-gerdes.com\/sv\/wp-json\/wp\/v2\/product_tag?post=6664"}],"curies":[{"name":"wp","href":"https:\/\/api.w.org\/{rel}","templated":true}]}}