{"id":6842,"date":"2024-05-18T15:31:00","date_gmt":"2024-05-18T13:31:00","guid":{"rendered":"https:\/\/collection.galerie-gerdes.com\/?post_type=product&#038;p=6842"},"modified":"2024-09-26T17:11:12","modified_gmt":"2024-09-26T15:11:12","slug":"weiden-am-krottenbach-bei-neustift-am-walde-wiener-kuenstlerhaus-1910-gemaelde-von-georg-holub","status":"publish","type":"product","link":"https:\/\/collection.galerie-gerdes.com\/sv\/p\/weiden-am-krottenbach-bei-neustift-am-walde-wiener-kuenstlerhaus-1910-gemaelde-von-georg-holub\/","title":{"rendered":"Weiden am Krottenbach bei Neustift am Walde | Wiener K\u00fcnstlerhaus 1910 | Gem\u00e4lde von Georg Holub"},"content":{"rendered":"<p>Georg Holub (* 29. November 1861 in Br\u00fcnn; \u2020 6. April 1919 in Wien) war ein \u00f6sterreichischer Maler.<\/p>\n<p>Holub begann seine berufliche Laufbahn als Friseur, bevor er sp\u00e4ter an der Wiener Akademie der bildenden K\u00fcnste aufgenommen wurde. Sein Deb\u00fct gab er auf der Wiener Jahresausstellung 1891 mit einem Landschaftsmotiv von der Save.<\/p>\n<p>Holub stellte seine Werke regelm\u00e4\u00dfig in verschiedenen Wiener Ausstellungen aus, haupts\u00e4chlich im K\u00fcnstlerhaus Wien, dem er seit 1905 als Mitglied angeh\u00f6rte. Seine Arbeiten waren gepr\u00e4gt von strengem Naturalismus und umfassten \u00fcberwiegend Motive aus den Ostalpen, die er in \u00d6l und Aquarell darstellte. Zu seinen bekannten Werken geh\u00f6ren unter anderem &#8221;Wei\u00dfenfelsersee&#8221;, &#8221;Die Rax im Winter&#8221;, &#8221;Landschaft bei Schrems&#8221;, und &#8221;H\u00fctte auf der Alm Waucha Krain&#8221; aus dem Jahr 1910. Ebenso schuf er Aquarelle wie &#8221;Sommerlicher Gartenpavillon, davor Korbm\u00f6bel&#8221; von 1894 und &#8221;Dorfkirche in einer Voralpenlandschaft&#8221;.<\/p>\n<p>Holubs reichhaltiges Werk umfasste auch Motive aus dem S\u00fcden, wie &#8221;Meeresk\u00fcste am Abend&#8221;, &#8221;Ein steiniger Weg im S\u00fcden&#8221; und &#8221;S\u00fcdliche K\u00fcstenlandschaft mit einer Villa&#8221;. Seine Landschaftsmalereien wurden gesch\u00e4tzt, und einige seiner Werke wurden auch als Postkarten ver\u00f6ffentlicht (1906).<\/p>\n<p>Georg Holub wird als ausgezeichneter Landschaftsmaler seiner Zeit angesehen, der auch andere Motive gekonnt umsetzen konnte. Er ist auf dem Wiener Zentralfriedhof in einem ehrenhalber gewidmeten Grab bestattet (Gruppe 16 A, Reihe 11, Nr. 24). Auf seinem Grabstein ist f\u00e4lschlicherweise das Jahr 1920 als Sterbedatum angegeben.<\/p>\n","protected":false},"excerpt":{"rendered":"<p>Georg HOLUB (1861-1919)<\/p>\n","protected":false},"featured_media":6867,"template":"","meta":{"site-sidebar-layout":"default","site-content-layout":"","ast-site-content-layout":"default","site-content-style":"default","site-sidebar-style":"default","ast-global-header-display":"","ast-banner-title-visibility":"","ast-main-header-display":"","ast-hfb-above-header-display":"","ast-hfb-below-header-display":"","ast-hfb-mobile-header-display":"","site-post-title":"","ast-breadcrumbs-content":"","ast-featured-img":"","footer-sml-layout":"","ast-disable-related-posts":"","theme-transparent-header-meta":"default","adv-header-id-meta":"","stick-header-meta":"","header-above-stick-meta":"","header-main-stick-meta":"","header-below-stick-meta":"","astra-migrate-meta-layouts":"set","ast-page-background-enabled":"default","ast-page-background-meta":{"desktop":{"background-color":"var(--ast-global-color-4)","background-image":"","background-repeat":"repeat","background-position":"center center","background-size":"auto","background-attachment":"scroll","background-type":"","background-media":"","overlay-type":"","overlay-color":"","overlay-opacity":"","overlay-gradient":""},"tablet":{"background-color":"","background-image":"","background-repeat":"repeat","background-position":"center center","background-size":"auto","background-attachment":"scroll","background-type":"","background-media":"","overlay-type":"","overlay-color":"","overlay-opacity":"","overlay-gradient":""},"mobile":{"background-color":"","background-image":"","background-repeat":"repeat","background-position":"center center","background-size":"auto","background-attachment":"scroll","background-type":"","background-media":"","overlay-type":"","overlay-color":"","overlay-opacity":"","overlay-gradient":""}},"ast-content-background-meta":{"desktop":{"background-color":"var(--ast-global-color-5)","background-image":"","background-repeat":"repeat","background-position":"center center","background-size":"auto","background-attachment":"scroll","background-type":"","background-media":"","overlay-type":"","overlay-color":"","overlay-opacity":"","overlay-gradient":""},"tablet":{"background-color":"var(--ast-global-color-5)","background-image":"","background-repeat":"repeat","background-position":"center center","background-size":"auto","background-attachment":"scroll","background-type":"","background-media":"","overlay-type":"","overlay-color":"","overlay-opacity":"","overlay-gradient":""},"mobile":{"background-color":"var(--ast-global-color-5)","background-image":"","background-repeat":"repeat","background-position":"center center","background-size":"auto","background-attachment":"scroll","background-type":"","background-media":"","overlay-type":"","overlay-color":"","overlay-opacity":"","overlay-gradient":""}}},"product_brand":[],"product_cat":[15,52,179,394,409,267,384],"product_tag":[],"class_list":{"0":"post-6842","1":"product","2":"type-product","3":"status-publish","4":"has-post-thumbnail","6":"product_cat-oesterreichisch","7":"product_cat-20th-century","8":"product_cat-gemaelde","9":"product_cat-georg-holub","10":"product_cat-landschaft","11":"product_cat-oelgemaelde","12":"product_cat-wiener-kunstlerhaus","13":"desktop-align-center","14":"tablet-align-left","15":"mobile-align-left","17":"first","18":"instock","19":"taxable","20":"shipping-taxable","21":"product-type-simple"},"_links":{"self":[{"href":"https:\/\/collection.galerie-gerdes.com\/sv\/wp-json\/wp\/v2\/product\/6842","targetHints":{"allow":["GET"]}}],"collection":[{"href":"https:\/\/collection.galerie-gerdes.com\/sv\/wp-json\/wp\/v2\/product"}],"about":[{"href":"https:\/\/collection.galerie-gerdes.com\/sv\/wp-json\/wp\/v2\/types\/product"}],"wp:featuredmedia":[{"embeddable":true,"href":"https:\/\/collection.galerie-gerdes.com\/sv\/wp-json\/wp\/v2\/media\/6867"}],"wp:attachment":[{"href":"https:\/\/collection.galerie-gerdes.com\/sv\/wp-json\/wp\/v2\/media?parent=6842"}],"wp:term":[{"taxonomy":"product_brand","embeddable":true,"href":"https:\/\/collection.galerie-gerdes.com\/sv\/wp-json\/wp\/v2\/product_brand?post=6842"},{"taxonomy":"product_cat","embeddable":true,"href":"https:\/\/collection.galerie-gerdes.com\/sv\/wp-json\/wp\/v2\/product_cat?post=6842"},{"taxonomy":"product_tag","embeddable":true,"href":"https:\/\/collection.galerie-gerdes.com\/sv\/wp-json\/wp\/v2\/product_tag?post=6842"}],"curies":[{"name":"wp","href":"https:\/\/api.w.org\/{rel}","templated":true}]}}