{"id":89,"date":"2023-12-16T23:54:23","date_gmt":"2023-12-16T22:54:23","guid":{"rendered":"https:\/\/collection.galerie-gerdes.com\/?post_type=product&#038;p=89"},"modified":"2024-09-26T17:16:30","modified_gmt":"2024-09-26T15:16:30","slug":"wasch-stillleben-1989","status":"publish","type":"product","link":"https:\/\/collection.galerie-gerdes.com\/sv\/p\/wasch-stillleben-1989\/","title":{"rendered":"Wasch-Stillleben, 1989, Gem\u00e4lde von BOZS\u00d3 J\u00c1NOS (Ungarn)"},"content":{"rendered":"<p>BOZS\u00d3 J\u00c1NOS 1922 \u2013 1998, Autodidakt. Sein Meister war Istv\u00e1n Harczi an der Kunstschule in Kecskem\u00e9t. Er lebte und arbeitete in Kecskem\u00e9t. 1987 wurde er mit dem Munk\u00e1csy-Preis und sp\u00e4ter mit dem Goldenen Grad des Verdienstordens der Arbeit ausgezeichnet. Er wurde mit dem Kunstpreis des Komitats B\u00e1cs-Kiskun und dem 1. Preis der Winterausstellung ausgezeichnet. Er hat an zahlreichen Ausstellungen in Ungarn (Ungarische Nationalgalerie, H\u00f3dmez\u0151v\u00e1s\u00e1rhely) und im Ausland (Wien, Deutschland) teilgenommen. Seine Werke wurden in der Ungarischen Nationalgalerie, den Museen von Kecskem\u00e9t und H\u00f3dmez\u0151v\u00e1s\u00e1rhely ausgestellt.<\/p>\n","protected":false},"excerpt":{"rendered":"<p>BOZS\u00d3 J\u00c1NOS (1922 \u2013 1998)<br \/>\nRahmen hat Abplatzer<\/p>\n","protected":false},"featured_media":90,"template":"","meta":{"site-sidebar-layout":"default","site-content-layout":"","ast-site-content-layout":"default","site-content-style":"default","site-sidebar-style":"default","ast-global-header-display":"","ast-banner-title-visibility":"","ast-main-header-display":"","ast-hfb-above-header-display":"","ast-hfb-below-header-display":"","ast-hfb-mobile-header-display":"","site-post-title":"","ast-breadcrumbs-content":"","ast-featured-img":"","footer-sml-layout":"","ast-disable-related-posts":"","theme-transparent-header-meta":"default","adv-header-id-meta":"","stick-header-meta":"","header-above-stick-meta":"","header-main-stick-meta":"","header-below-stick-meta":"","astra-migrate-meta-layouts":"set","ast-page-background-enabled":"default","ast-page-background-meta":{"desktop":{"background-color":"var(--ast-global-color-4)","background-image":"","background-repeat":"repeat","background-position":"center center","background-size":"auto","background-attachment":"scroll","background-type":"","background-media":"","overlay-type":"","overlay-color":"","overlay-opacity":"","overlay-gradient":""},"tablet":{"background-color":"","background-image":"","background-repeat":"repeat","background-position":"center center","background-size":"auto","background-attachment":"scroll","background-type":"","background-media":"","overlay-type":"","overlay-color":"","overlay-opacity":"","overlay-gradient":""},"mobile":{"background-color":"","background-image":"","background-repeat":"repeat","background-position":"center center","background-size":"auto","background-attachment":"scroll","background-type":"","background-media":"","overlay-type":"","overlay-color":"","overlay-opacity":"","overlay-gradient":""}},"ast-content-background-meta":{"desktop":{"background-color":"var(--ast-global-color-5)","background-image":"","background-repeat":"repeat","background-position":"center center","background-size":"auto","background-attachment":"scroll","background-type":"","background-media":"","overlay-type":"","overlay-color":"","overlay-opacity":"","overlay-gradient":""},"tablet":{"background-color":"var(--ast-global-color-5)","background-image":"","background-repeat":"repeat","background-position":"center center","background-size":"auto","background-attachment":"scroll","background-type":"","background-media":"","overlay-type":"","overlay-color":"","overlay-opacity":"","overlay-gradient":""},"mobile":{"background-color":"var(--ast-global-color-5)","background-image":"","background-repeat":"repeat","background-position":"center center","background-size":"auto","background-attachment":"scroll","background-type":"","background-media":"","overlay-type":"","overlay-color":"","overlay-opacity":"","overlay-gradient":""}}},"product_brand":[],"product_cat":[52,179,60],"product_tag":[364,362,63,363,34,74,361,365,61,62],"class_list":{"0":"post-89","1":"product","2":"type-product","3":"status-publish","4":"has-post-thumbnail","6":"product_cat-20th-century","7":"product_cat-gemaelde","8":"product_cat-ungarisch","9":"product_tag-art","10":"product_tag-gemalde","11":"product_tag-hungary","12":"product_tag-kunst","13":"product_tag-oil-painting","14":"product_tag-painting","15":"product_tag-peintures","16":"product_tag-pittura","17":"product_tag-stillleben","18":"product_tag-waescherei","19":"desktop-align-center","20":"tablet-align-left","21":"mobile-align-left","23":"first","24":"instock","25":"taxable","26":"shipping-taxable","27":"product-type-simple"},"_links":{"self":[{"href":"https:\/\/collection.galerie-gerdes.com\/sv\/wp-json\/wp\/v2\/product\/89","targetHints":{"allow":["GET"]}}],"collection":[{"href":"https:\/\/collection.galerie-gerdes.com\/sv\/wp-json\/wp\/v2\/product"}],"about":[{"href":"https:\/\/collection.galerie-gerdes.com\/sv\/wp-json\/wp\/v2\/types\/product"}],"wp:featuredmedia":[{"embeddable":true,"href":"https:\/\/collection.galerie-gerdes.com\/sv\/wp-json\/wp\/v2\/media\/90"}],"wp:attachment":[{"href":"https:\/\/collection.galerie-gerdes.com\/sv\/wp-json\/wp\/v2\/media?parent=89"}],"wp:term":[{"taxonomy":"product_brand","embeddable":true,"href":"https:\/\/collection.galerie-gerdes.com\/sv\/wp-json\/wp\/v2\/product_brand?post=89"},{"taxonomy":"product_cat","embeddable":true,"href":"https:\/\/collection.galerie-gerdes.com\/sv\/wp-json\/wp\/v2\/product_cat?post=89"},{"taxonomy":"product_tag","embeddable":true,"href":"https:\/\/collection.galerie-gerdes.com\/sv\/wp-json\/wp\/v2\/product_tag?post=89"}],"curies":[{"name":"wp","href":"https:\/\/api.w.org\/{rel}","templated":true}]}}