{"id":221489,"date":"2024-08-11T22:02:50","date_gmt":"2024-08-11T20:02:50","guid":{"rendered":"https:\/\/www.collection.galerie-gerdes.com\/?post_type=product&#038;p=221489"},"modified":"2024-08-17T15:02:29","modified_gmt":"2024-08-17T13:02:29","slug":"tiere-am-fluss-muenchen-1886-gemaelde-von-wilhelm-frey","status":"publish","type":"product","link":"https:\/\/collection.galerie-gerdes.com\/tr\/p\/tiere-am-fluss-muenchen-1886-gemaelde-von-wilhelm-frey\/","title":{"rendered":"Tiere am Fluss, M\u00fcnchen 1886 | Gem\u00e4lde von Wilhelm Frey"},"content":{"rendered":"<p>Wilhelm Friedrich Frey (* 24. Juni 1826 in Karlsruhe; \u2020 4. Februar 1911 in Mannheim) war ein deutscher Tier- und Landschaftsmaler der M\u00fcnchner Schule, Professor (ab 1906) und Direktor der Gro\u00dfherzoglichen Gem\u00e4ldegalerie in Mannheim (ab 1895).<\/p>\n<p>Frey besuchte w\u00e4hrend seiner letzten Lyzeumsjahre die Zeichen- und Malklasse von Karl Koopmann und studierte von 1845 bis 1852 an der Akademie der Bildenden K\u00fcnste in M\u00fcnchen, wo er von Heinrich Heinlein beeinflusst wurde. In seinen Hochgebirgslandschaften integrierte er oft Tiere und Menschen als Staffage. Auch Robert Eberle und Friedrich Voltz gaben ihm wertvolle k\u00fcnstlerische Anregungen.<\/p>\n<p>1852 begann Frey eine Ausbildung im Gesang und war von 1855 bis 1869 an verschiedenen B\u00fchnen t\u00e4tig, unter anderem in Hermannstadt, Mannheim, Schwerin, Berlin, Breslau und Meiningen. W\u00e4hrend dieser Zeit setzte er seine Malerei fort. Ende 1869 lie\u00df er sich mit seiner Frau, einer Schwester des Berliner Malers Charles Hoguet, am Achensee nieder und widmete sich dem Studium des Volks- und Tierlebens sowie der Landschaft der bayrischen Alpen.<\/p>\n<p>Ab 1870 stellte Frey regelm\u00e4\u00dfig in M\u00fcnchen und Berlin aus. Seine Reisen f\u00fchrten ihn an die untere Weser (1874), nach Holland (1882), ins Schweizer und Tiroler Hochgebirge (1885\/86), an die Ostseek\u00fcste (1887) und nach Norderney (1891\/92). 1895 wurde er zum Direktor der Gro\u00dfherzoglichen Gem\u00e4ldegalerie in Mannheim ernannt und erhielt 1906 den Titel eines Professors. W\u00e4hrend seiner Zeit in Mannheim erschloss er die Mittelrheinlandschaft und schuf zahlreiche Werke, insbesondere aus der Bodenseeregion. Die charakteristischen silbrig-luftigen Stimmungen seiner Bodenseebilder inspirierten ihn zu weiteren Arbeiten an der Unterelbe, wo er durch seine zweite Ehe (1879 mit Sophie Block) pers\u00f6nliche Verbindungen nach Bremen und Lilienthal bei Worpswede hatte.<\/p>\n<p>Frey war vor allem als Tier- und Landschaftsmaler bekannt, jedoch schuf er auch Portr\u00e4ts und genreartige Figurenbilder. In seinen fr\u00fchen Werken (z.B. &#8220;Vieh im Bergland&#8221;, 1867) wechselte er bald zu einer breiteren und sichereren Pinself\u00fchrung mit toniger Farbgebung. Ab den 1890er Jahren, insbesondere durch die Einbeziehung der norddeutschen K\u00fcstenlandschaften in sein Werk, begann er sich verst\u00e4rkt mit Luft- und Farbenproblemen auseinanderzusetzen, was ihm erm\u00f6glichte, sich auch im hohen Alter noch k\u00fcnstlerisch weiterzuentwickeln. Diese Phase seiner Karriere ist gepr\u00e4gt von einem breiten Vortrag, kr\u00e4ftiger Lokalfarbigkeit, heller Farbgebung bis hin zu silbrigen T\u00f6nen und einem oft dramatischen Wolkenspiel. Ein besonderer Fokus lag in dieser Zeit auch auf der Darstellung von Jagdhunden. Neben den Bodenseebildern waren die Motive von Mittelrhein und Worpswede bevorzugte Themen, denen er am Ende seines Lebens noch die Hochgebirgsnatur der Schweiz und Tirols hinzuf\u00fcgte. Viele seiner Werke sind in Museen in Karlsruhe, Mainz, Mannheim und Rostock vertreten und wurden in verschiedenen Kunstzeitschriften abgebildet, darunter &#8220;Kunst f\u00fcr Alle&#8221; (1889-1894) und &#8220;Seemanns Meister der Farbe&#8221; (1911).<\/p>\n<p>Frey war in erster Ehe mit Mathilde Hoguet (1833\u20131878), der Tochter des Ballettmeisters und Choreographen Michel Fran\u00e7ois Hoguet, verheiratet. Nach ihrem Tod heiratete er 1879 Sophie Block (1842\u20131918), die Tochter eines Gutsherren aus Schwerin. Aus dieser Ehe ging der Sohn Alexander Moritz Frey hervor, der sp\u00e4ter als Schriftsteller bekannt wurde.<\/p>\n","protected":false},"excerpt":{"rendered":"<p>Wilhelm Frey (1826- 1911)<\/p>\n","protected":false},"featured_media":221490,"template":"","meta":{"site-sidebar-layout":"default","site-content-layout":"","ast-site-content-layout":"default","site-content-style":"default","site-sidebar-style":"default","ast-global-header-display":"","ast-banner-title-visibility":"","ast-main-header-display":"","ast-hfb-above-header-display":"","ast-hfb-below-header-display":"","ast-hfb-mobile-header-display":"","site-post-title":"","ast-breadcrumbs-content":"","ast-featured-img":"","footer-sml-layout":"","ast-disable-related-posts":"","theme-transparent-header-meta":"default","adv-header-id-meta":"","stick-header-meta":"","header-above-stick-meta":"","header-main-stick-meta":"","header-below-stick-meta":"","astra-migrate-meta-layouts":"set","ast-page-background-enabled":"default","ast-page-background-meta":{"desktop":{"background-color":"var(--ast-global-color-4)","background-image":"","background-repeat":"repeat","background-position":"center center","background-size":"auto","background-attachment":"scroll","background-type":"","background-media":"","overlay-type":"","overlay-color":"","overlay-opacity":"","overlay-gradient":""},"tablet":{"background-color":"","background-image":"","background-repeat":"repeat","background-position":"center center","background-size":"auto","background-attachment":"scroll","background-type":"","background-media":"","overlay-type":"","overlay-color":"","overlay-opacity":"","overlay-gradient":""},"mobile":{"background-color":"","background-image":"","background-repeat":"repeat","background-position":"center center","background-size":"auto","background-attachment":"scroll","background-type":"","background-media":"","overlay-type":"","overlay-color":"","overlay-opacity":"","overlay-gradient":""}},"ast-content-background-meta":{"desktop":{"background-color":"var(--ast-global-color-5)","background-image":"","background-repeat":"repeat","background-position":"center center","background-size":"auto","background-attachment":"scroll","background-type":"","background-media":"","overlay-type":"","overlay-color":"","overlay-opacity":"","overlay-gradient":""},"tablet":{"background-color":"var(--ast-global-color-5)","background-image":"","background-repeat":"repeat","background-position":"center center","background-size":"auto","background-attachment":"scroll","background-type":"","background-media":"","overlay-type":"","overlay-color":"","overlay-opacity":"","overlay-gradient":""},"mobile":{"background-color":"var(--ast-global-color-5)","background-image":"","background-repeat":"repeat","background-position":"center center","background-size":"auto","background-attachment":"scroll","background-type":"","background-media":"","overlay-type":"","overlay-color":"","overlay-opacity":"","overlay-gradient":""}}},"product_brand":[],"product_cat":[14336],"product_tag":[],"class_list":{"0":"post-221489","1":"product","2":"type-product","3":"status-publish","4":"has-post-thumbnail","6":"product_cat-wilhelm-frey","7":"desktop-align-center","8":"tablet-align-left","9":"mobile-align-left","11":"first","12":"instock","13":"taxable","14":"shipping-taxable","15":"product-type-simple"},"_links":{"self":[{"href":"https:\/\/collection.galerie-gerdes.com\/tr\/wp-json\/wp\/v2\/product\/221489","targetHints":{"allow":["GET"]}}],"collection":[{"href":"https:\/\/collection.galerie-gerdes.com\/tr\/wp-json\/wp\/v2\/product"}],"about":[{"href":"https:\/\/collection.galerie-gerdes.com\/tr\/wp-json\/wp\/v2\/types\/product"}],"wp:featuredmedia":[{"embeddable":true,"href":"https:\/\/collection.galerie-gerdes.com\/tr\/wp-json\/wp\/v2\/media\/221490"}],"wp:attachment":[{"href":"https:\/\/collection.galerie-gerdes.com\/tr\/wp-json\/wp\/v2\/media?parent=221489"}],"wp:term":[{"taxonomy":"product_brand","embeddable":true,"href":"https:\/\/collection.galerie-gerdes.com\/tr\/wp-json\/wp\/v2\/product_brand?post=221489"},{"taxonomy":"product_cat","embeddable":true,"href":"https:\/\/collection.galerie-gerdes.com\/tr\/wp-json\/wp\/v2\/product_cat?post=221489"},{"taxonomy":"product_tag","embeddable":true,"href":"https:\/\/collection.galerie-gerdes.com\/tr\/wp-json\/wp\/v2\/product_tag?post=221489"}],"curies":[{"name":"wp","href":"https:\/\/api.w.org\/{rel}","templated":true}]}}