{"id":247497,"date":"2024-10-22T21:58:38","date_gmt":"2024-10-22T19:58:38","guid":{"rendered":"https:\/\/www.collection.galerie-gerdes.com\/?post_type=product&#038;p=247497"},"modified":"2024-10-29T17:42:32","modified_gmt":"2024-10-29T16:42:32","slug":"veraenderte-lage-1892-federzeichnung-von-ferdinand-nitzsche","status":"publish","type":"product","link":"https:\/\/collection.galerie-gerdes.com\/tr\/p\/veraenderte-lage-1892-federzeichnung-von-ferdinand-nitzsche\/","title":{"rendered":"\u201eVer\u00e4nderte Lage\u201c, 1892 | Federzeichnung von Ferdinand Nitzsche"},"content":{"rendered":"<p>Ferdinand Nitzsche (geboren am 3. Oktober 1871 in Hildesheim, gestorben am 29. November 1907 in Wiesbaden) war ein deutscher Gewerbelehrer, Theaterinspektor und Illustrator. Nach seiner Ausbildung an der Kunstgewerbeschule in M\u00fcnchen trat er eine Lehrt\u00e4tigkeit an der Wiesbadener Gewerbeschule an. Dank der Unterst\u00fctzung von Kaiser Wilhelm II. wechselte er 1897 in den \u201eTechnischen Verband\u201c des Wiesbadener Hoftheaters. 1903 \u00fcbernahm er die Position des Oberinspektors f\u00fcr das Garderobewesen, die zuvor von Hofrat Ludwig Raupp bekleidet wurde, der nach Berlin versetzt worden war.<\/p>\n<p>Nitzsche war bekannt f\u00fcr seine akribische Herangehensweise und seine handwerkliche Perfektion. Im Einklang mit den Vorlieben des Kaisers, der historisch orientierte St\u00fccke bevorzugte, setzte er B\u00fchnenbilder und Kost\u00fcme mit gro\u00dfer Detailtreue um. Er studierte intensiv die Mode und Stoffe vergangener Epochen, um historische Auff\u00fchrungen m\u00f6glichst authentisch darzustellen. Neben seiner Theaterarbeit bet\u00e4tigte er sich auch als Maler, Zeichner und Illustrator, unter anderem f\u00fcr die Satirezeitschrift <em>W\u00e4sch-Bitt<\/em>, die von Franz Bossong herausgegeben wurde. F\u00fcr seine Verdienste wurde Nitzsche mit dem K\u00f6niglichen Kronen-Orden 4. Klasse ausgezeichnet.<\/p>\n","protected":false},"excerpt":{"rendered":"<p>Ferdinand Nitzsche (1871-1907)<\/p>\n","protected":false},"featured_media":247802,"template":"","meta":{"site-sidebar-layout":"default","site-content-layout":"","ast-site-content-layout":"default","site-content-style":"default","site-sidebar-style":"default","ast-global-header-display":"","ast-banner-title-visibility":"","ast-main-header-display":"","ast-hfb-above-header-display":"","ast-hfb-below-header-display":"","ast-hfb-mobile-header-display":"","site-post-title":"","ast-breadcrumbs-content":"","ast-featured-img":"","footer-sml-layout":"","ast-disable-related-posts":"","theme-transparent-header-meta":"default","adv-header-id-meta":"","stick-header-meta":"","header-above-stick-meta":"","header-main-stick-meta":"","header-below-stick-meta":"","astra-migrate-meta-layouts":"set","ast-page-background-enabled":"default","ast-page-background-meta":{"desktop":{"background-color":"var(--ast-global-color-4)","background-image":"","background-repeat":"repeat","background-position":"center center","background-size":"auto","background-attachment":"scroll","background-type":"","background-media":"","overlay-type":"","overlay-color":"","overlay-opacity":"","overlay-gradient":""},"tablet":{"background-color":"","background-image":"","background-repeat":"repeat","background-position":"center center","background-size":"auto","background-attachment":"scroll","background-type":"","background-media":"","overlay-type":"","overlay-color":"","overlay-opacity":"","overlay-gradient":""},"mobile":{"background-color":"","background-image":"","background-repeat":"repeat","background-position":"center center","background-size":"auto","background-attachment":"scroll","background-type":"","background-media":"","overlay-type":"","overlay-color":"","overlay-opacity":"","overlay-gradient":""}},"ast-content-background-meta":{"desktop":{"background-color":"var(--ast-global-color-5)","background-image":"","background-repeat":"repeat","background-position":"center center","background-size":"auto","background-attachment":"scroll","background-type":"","background-media":"","overlay-type":"","overlay-color":"","overlay-opacity":"","overlay-gradient":""},"tablet":{"background-color":"var(--ast-global-color-5)","background-image":"","background-repeat":"repeat","background-position":"center center","background-size":"auto","background-attachment":"scroll","background-type":"","background-media":"","overlay-type":"","overlay-color":"","overlay-opacity":"","overlay-gradient":""},"mobile":{"background-color":"var(--ast-global-color-5)","background-image":"","background-repeat":"repeat","background-position":"center center","background-size":"auto","background-attachment":"scroll","background-type":"","background-media":"","overlay-type":"","overlay-color":"","overlay-opacity":"","overlay-gradient":""}}},"product_brand":[],"product_cat":[53,25,14396,420,179,418,424,266],"product_tag":[],"class_list":{"0":"post-247497","1":"product","2":"type-product","3":"status-publish","4":"has-post-thumbnail","6":"product_cat-19th-century","7":"product_cat-deutsch","8":"product_cat-ferdinand-nitzsche","9":"product_cat-figuren","10":"product_cat-gemaelde","11":"product_cat-genre","12":"product_cat-karikaturen","13":"product_cat-zeichnung","14":"desktop-align-center","15":"tablet-align-left","16":"mobile-align-left","18":"first","19":"instock","20":"taxable","21":"shipping-taxable","22":"product-type-simple"},"_links":{"self":[{"href":"https:\/\/collection.galerie-gerdes.com\/tr\/wp-json\/wp\/v2\/product\/247497","targetHints":{"allow":["GET"]}}],"collection":[{"href":"https:\/\/collection.galerie-gerdes.com\/tr\/wp-json\/wp\/v2\/product"}],"about":[{"href":"https:\/\/collection.galerie-gerdes.com\/tr\/wp-json\/wp\/v2\/types\/product"}],"wp:featuredmedia":[{"embeddable":true,"href":"https:\/\/collection.galerie-gerdes.com\/tr\/wp-json\/wp\/v2\/media\/247802"}],"wp:attachment":[{"href":"https:\/\/collection.galerie-gerdes.com\/tr\/wp-json\/wp\/v2\/media?parent=247497"}],"wp:term":[{"taxonomy":"product_brand","embeddable":true,"href":"https:\/\/collection.galerie-gerdes.com\/tr\/wp-json\/wp\/v2\/product_brand?post=247497"},{"taxonomy":"product_cat","embeddable":true,"href":"https:\/\/collection.galerie-gerdes.com\/tr\/wp-json\/wp\/v2\/product_cat?post=247497"},{"taxonomy":"product_tag","embeddable":true,"href":"https:\/\/collection.galerie-gerdes.com\/tr\/wp-json\/wp\/v2\/product_tag?post=247497"}],"curies":[{"name":"wp","href":"https:\/\/api.w.org\/{rel}","templated":true}]}}