{"id":271647,"date":"2024-11-09T15:31:13","date_gmt":"2024-11-09T14:31:13","guid":{"rendered":"https:\/\/www.collection.galerie-gerdes.com\/?post_type=product&#038;p=271647"},"modified":"2024-12-18T16:46:17","modified_gmt":"2024-12-18T15:46:17","slug":"pferdebegutachtung-federzeichnung-von-ernst-ludwig-ostermayer","status":"publish","type":"product","link":"https:\/\/collection.galerie-gerdes.com\/tr\/p\/pferdebegutachtung-federzeichnung-von-ernst-ludwig-ostermayer\/","title":{"rendered":"Pferdebegutachtung | Federzeichnung von Ernst Ludwig Ostermayer"},"content":{"rendered":"<p>Ernst Ludwig Ostermayer (* 3. Dezember 1868 in Weilheim an der Teck; \u2020 19. Mai 1918 an der Westfront) war ein deutscher Portr\u00e4t- und Pferdemaler sowie Landschaftsfotograf. Ostermayer studierte Malerei zun\u00e4chst an der Gro\u00dfherzoglichen Badischen Kunstschule in Karlsruhe und setzte seine Ausbildung an der Acad\u00e9mie Julian in Paris fort. Weitere Studien absolvierte er bei Franz Roubaud in M\u00fcnchen und Robert von Haug in Stuttgart.<\/p>\n<p>Ab 1903 lebte und arbeitete Ostermayer in M\u00fcnchen, wo er sich auf Portr\u00e4t- und Pferdemalerei sowie Landschaftsfotografie spezialisierte. Dar\u00fcber hinaus war er als Schriftsteller aktiv. W\u00e4hrend des Ersten Weltkrieges diente er als Kriegsmaler und fiel 1918 an der Westfront.<\/p>\n","protected":false},"excerpt":{"rendered":"<p>Ernst Ludwig Ostermayer (* 3. Dezember 1868 in Weilheim an der Teck; \u2020 19. Mai 1918 an der Westfront) war [&hellip;]<\/p>\n","protected":false},"featured_media":271776,"template":"","meta":{"site-sidebar-layout":"default","site-content-layout":"","ast-site-content-layout":"default","site-content-style":"default","site-sidebar-style":"default","ast-global-header-display":"","ast-banner-title-visibility":"","ast-main-header-display":"","ast-hfb-above-header-display":"","ast-hfb-below-header-display":"","ast-hfb-mobile-header-display":"","site-post-title":"","ast-breadcrumbs-content":"","ast-featured-img":"","footer-sml-layout":"","ast-disable-related-posts":"","theme-transparent-header-meta":"default","adv-header-id-meta":"","stick-header-meta":"","header-above-stick-meta":"","header-main-stick-meta":"","header-below-stick-meta":"","astra-migrate-meta-layouts":"set","ast-page-background-enabled":"default","ast-page-background-meta":{"desktop":{"background-color":"var(--ast-global-color-4)","background-image":"","background-repeat":"repeat","background-position":"center center","background-size":"auto","background-attachment":"scroll","background-type":"","background-media":"","overlay-type":"","overlay-color":"","overlay-opacity":"","overlay-gradient":""},"tablet":{"background-color":"","background-image":"","background-repeat":"repeat","background-position":"center center","background-size":"auto","background-attachment":"scroll","background-type":"","background-media":"","overlay-type":"","overlay-color":"","overlay-opacity":"","overlay-gradient":""},"mobile":{"background-color":"","background-image":"","background-repeat":"repeat","background-position":"center center","background-size":"auto","background-attachment":"scroll","background-type":"","background-media":"","overlay-type":"","overlay-color":"","overlay-opacity":"","overlay-gradient":""}},"ast-content-background-meta":{"desktop":{"background-color":"var(--ast-global-color-5)","background-image":"","background-repeat":"repeat","background-position":"center center","background-size":"auto","background-attachment":"scroll","background-type":"","background-media":"","overlay-type":"","overlay-color":"","overlay-opacity":"","overlay-gradient":""},"tablet":{"background-color":"var(--ast-global-color-5)","background-image":"","background-repeat":"repeat","background-position":"center center","background-size":"auto","background-attachment":"scroll","background-type":"","background-media":"","overlay-type":"","overlay-color":"","overlay-opacity":"","overlay-gradient":""},"mobile":{"background-color":"var(--ast-global-color-5)","background-image":"","background-repeat":"repeat","background-position":"center center","background-size":"auto","background-attachment":"scroll","background-type":"","background-media":"","overlay-type":"","overlay-color":"","overlay-opacity":"","overlay-gradient":""}}},"product_brand":[],"product_cat":[53,25,14662,179,418,424,421,266],"product_tag":[],"class_list":{"0":"post-271647","1":"product","2":"type-product","3":"status-publish","4":"has-post-thumbnail","6":"product_cat-19th-century","7":"product_cat-deutsch","8":"product_cat-ernst-ludwig-ostermayer","9":"product_cat-gemaelde","10":"product_cat-genre","11":"product_cat-karikaturen","12":"product_cat-tiere","13":"product_cat-zeichnung","14":"desktop-align-center","15":"tablet-align-left","16":"mobile-align-left","18":"first","19":"instock","20":"taxable","21":"shipping-taxable","22":"product-type-simple"},"_links":{"self":[{"href":"https:\/\/collection.galerie-gerdes.com\/tr\/wp-json\/wp\/v2\/product\/271647","targetHints":{"allow":["GET"]}}],"collection":[{"href":"https:\/\/collection.galerie-gerdes.com\/tr\/wp-json\/wp\/v2\/product"}],"about":[{"href":"https:\/\/collection.galerie-gerdes.com\/tr\/wp-json\/wp\/v2\/types\/product"}],"wp:featuredmedia":[{"embeddable":true,"href":"https:\/\/collection.galerie-gerdes.com\/tr\/wp-json\/wp\/v2\/media\/271776"}],"wp:attachment":[{"href":"https:\/\/collection.galerie-gerdes.com\/tr\/wp-json\/wp\/v2\/media?parent=271647"}],"wp:term":[{"taxonomy":"product_brand","embeddable":true,"href":"https:\/\/collection.galerie-gerdes.com\/tr\/wp-json\/wp\/v2\/product_brand?post=271647"},{"taxonomy":"product_cat","embeddable":true,"href":"https:\/\/collection.galerie-gerdes.com\/tr\/wp-json\/wp\/v2\/product_cat?post=271647"},{"taxonomy":"product_tag","embeddable":true,"href":"https:\/\/collection.galerie-gerdes.com\/tr\/wp-json\/wp\/v2\/product_tag?post=271647"}],"curies":[{"name":"wp","href":"https:\/\/api.w.org\/{rel}","templated":true}]}}