{"id":282411,"date":"2024-11-28T17:19:19","date_gmt":"2024-11-28T16:19:19","guid":{"rendered":"https:\/\/www.collection.galerie-gerdes.com\/?post_type=product&#038;p=282411"},"modified":"2024-12-18T16:46:12","modified_gmt":"2024-12-18T15:46:12","slug":"la-course-des-anes-conseil-eselrennen-federzeichnung-von-jean-gourmelin","status":"publish","type":"product","link":"https:\/\/collection.galerie-gerdes.com\/tr\/p\/la-course-des-anes-conseil-eselrennen-federzeichnung-von-jean-gourmelin\/","title":{"rendered":"La course des \u00e2nes \u201eConseil\u201c &#8211; Eselrennen | Federzeichnung von Jean Gourmelin"},"content":{"rendered":"<p>Jean Gourmelin (* 23. November 1920 in Paris; \u2020 9. Oktober 2011 in Meudon) war ein franz\u00f6sischer Zeichner, der f\u00fcr seine Arbeiten im Bereich der Idee, des Absurden und des Fantastischen bekannt war. Sein Werk, beeinflusst vom Surrealismus, zeichnet sich durch ein einzigartiges und kraftvolles pers\u00f6nliches Universum aus.<\/p>\n<p>Seine bevorzugte Technik war die Arbeit mit Feder und Tinte, aber er widmete sich auch der Gravur, Malerei und Skulptur. Gourmelins Kunst befasste sich mit metaphysischen Themen wie Zufall, Raum und Zeit. Geboren in Paris, nahe der Place de l&#8217;\u00c9toile, wuchs er in einfachen Verh\u00e4ltnissen auf. Schon fr\u00fch fiel sein Talent im Zeichenunterricht unter Robert Lesbounit auf.<\/p>\n<p>Im Alter von 14 Jahren zog Gourmelin mit seinen Eltern nach Vend\u00f4me, wo er am Lyc\u00e9e Ronsard Zeichenunterricht nahm. Dort begegnete er dem Maler Charles Portel, der ihn in die Techniken der Malerei, Schablonenkunst und Gravur einf\u00fchrte. Diese Zeit pr\u00e4gte auch sein Interesse am Surrealismus, das durch Freundschaften mit Henry Galy-Carles und Roland Brudieux vertieft wurde.<\/p>\n<p>Mit 17 Jahren schrieb er sich an der \u00c9cole Sup\u00e9rieure des Arts D\u00e9coratifs ein und besuchte Kurse an der Acad\u00e9mie de la Grande-Chaumi\u00e8re. In den 1940er Jahren begann er, Tapeten f\u00fcr die Maison Nobilis zu gestalten, was ihm erste Anerkennung einbrachte. W\u00e4hrend des Zweiten Weltkriegs arbeitete er in einer Metallwarenfabrik, um dem Zwangsarbeitsdienst zu entgehen.<\/p>\n<p>1951 erschienen seine ersten Zeichnungen in der Zeitschrift <em>Caract\u00e8res<\/em>. Von 1951 bis 1969 arbeitete er mit dem Meister-Glask\u00fcnstler Max Ingrand an zahlreichen Projekten, darunter Kirchenfenster in Blois, Amboise, Rouen und Saint-Malo.<\/p>\n<p>1961 traf Gourmelin den Schriftsteller Jacques Sternberg, der ihn ermutigte, die Idee \u00fcber die Form zu stellen. Diese Begegnung f\u00fchrte zu Ver\u00f6ffentlichungen in der Zeitschrift <em>Plan\u00e8te<\/em> und in Anthologien. 1967 hatte er seine erste Einzelausstellung in Paris. 1968 gab er die Arbeit an Glasfenstern auf, um sich ganz dem Zeichnen zu widmen.<\/p>\n<p>Ab den 1970er Jahren erreichte Gourmelin internationale Bekanntheit durch Ausstellungen und Ver\u00f6ffentlichungen, darunter Werke wie <em>Instants d\u2019espace<\/em> und <em>\u00c0 la M\u00e9moire de l\u2019humanit\u00e9<\/em>. Sein Stil wandelte sich von schwarzem Humor und Absurdit\u00e4t zu einer philosophischen und metaphysischen Perspektive.<\/p>\n<p>2000 musste er das Zeichnen aufgrund einer Augenerkrankung aufgeben. Nach mehreren Schlaganf\u00e4llen wurde er 2008 hospitalisiert und verstarb 2011 in einem Pflegeheim in Meudon.<\/p>\n","protected":false},"excerpt":{"rendered":"<p>Jean Gourmelin (1920-2011)<\/p>\n","protected":false},"featured_media":283228,"template":"","meta":{"site-sidebar-layout":"default","site-content-layout":"","ast-site-content-layout":"default","site-content-style":"default","site-sidebar-style":"default","ast-global-header-display":"","ast-banner-title-visibility":"","ast-main-header-display":"","ast-hfb-above-header-display":"","ast-hfb-below-header-display":"","ast-hfb-mobile-header-display":"","site-post-title":"","ast-breadcrumbs-content":"","ast-featured-img":"","footer-sml-layout":"","ast-disable-related-posts":"","theme-transparent-header-meta":"default","adv-header-id-meta":"","stick-header-meta":"","header-above-stick-meta":"","header-main-stick-meta":"","header-below-stick-meta":"","astra-migrate-meta-layouts":"set","ast-page-background-enabled":"default","ast-page-background-meta":{"desktop":{"background-color":"var(--ast-global-color-4)","background-image":"","background-repeat":"repeat","background-position":"center center","background-size":"auto","background-attachment":"scroll","background-type":"","background-media":"","overlay-type":"","overlay-color":"","overlay-opacity":"","overlay-gradient":""},"tablet":{"background-color":"","background-image":"","background-repeat":"repeat","background-position":"center center","background-size":"auto","background-attachment":"scroll","background-type":"","background-media":"","overlay-type":"","overlay-color":"","overlay-opacity":"","overlay-gradient":""},"mobile":{"background-color":"","background-image":"","background-repeat":"repeat","background-position":"center center","background-size":"auto","background-attachment":"scroll","background-type":"","background-media":"","overlay-type":"","overlay-color":"","overlay-opacity":"","overlay-gradient":""}},"ast-content-background-meta":{"desktop":{"background-color":"var(--ast-global-color-5)","background-image":"","background-repeat":"repeat","background-position":"center center","background-size":"auto","background-attachment":"scroll","background-type":"","background-media":"","overlay-type":"","overlay-color":"","overlay-opacity":"","overlay-gradient":""},"tablet":{"background-color":"var(--ast-global-color-5)","background-image":"","background-repeat":"repeat","background-position":"center center","background-size":"auto","background-attachment":"scroll","background-type":"","background-media":"","overlay-type":"","overlay-color":"","overlay-opacity":"","overlay-gradient":""},"mobile":{"background-color":"var(--ast-global-color-5)","background-image":"","background-repeat":"repeat","background-position":"center center","background-size":"auto","background-attachment":"scroll","background-type":"","background-media":"","overlay-type":"","overlay-color":"","overlay-opacity":"","overlay-gradient":""}}},"product_brand":[],"product_cat":[52,65,179,14694,424,421,266],"product_tag":[],"class_list":{"0":"post-282411","1":"product","2":"type-product","3":"status-publish","4":"has-post-thumbnail","6":"product_cat-20th-century","7":"product_cat-franzoesisch","8":"product_cat-gemaelde","9":"product_cat-jean-gourmelin","10":"product_cat-karikaturen","11":"product_cat-tiere","12":"product_cat-zeichnung","13":"desktop-align-center","14":"tablet-align-left","15":"mobile-align-left","17":"first","18":"instock","19":"taxable","20":"shipping-taxable","21":"product-type-simple"},"_links":{"self":[{"href":"https:\/\/collection.galerie-gerdes.com\/tr\/wp-json\/wp\/v2\/product\/282411","targetHints":{"allow":["GET"]}}],"collection":[{"href":"https:\/\/collection.galerie-gerdes.com\/tr\/wp-json\/wp\/v2\/product"}],"about":[{"href":"https:\/\/collection.galerie-gerdes.com\/tr\/wp-json\/wp\/v2\/types\/product"}],"wp:featuredmedia":[{"embeddable":true,"href":"https:\/\/collection.galerie-gerdes.com\/tr\/wp-json\/wp\/v2\/media\/283228"}],"wp:attachment":[{"href":"https:\/\/collection.galerie-gerdes.com\/tr\/wp-json\/wp\/v2\/media?parent=282411"}],"wp:term":[{"taxonomy":"product_brand","embeddable":true,"href":"https:\/\/collection.galerie-gerdes.com\/tr\/wp-json\/wp\/v2\/product_brand?post=282411"},{"taxonomy":"product_cat","embeddable":true,"href":"https:\/\/collection.galerie-gerdes.com\/tr\/wp-json\/wp\/v2\/product_cat?post=282411"},{"taxonomy":"product_tag","embeddable":true,"href":"https:\/\/collection.galerie-gerdes.com\/tr\/wp-json\/wp\/v2\/product_tag?post=282411"}],"curies":[{"name":"wp","href":"https:\/\/api.w.org\/{rel}","templated":true}]}}