{"id":309076,"date":"2023-12-16T16:23:37","date_gmt":"2023-12-16T15:23:37","guid":{"rendered":"https:\/\/collection.galerie-gerdes.com\/produkt\/danimarka-manzarasi-goel-kenarindaki-ev-achton-friisin-tablosu\/"},"modified":"2023-12-16T16:23:37","modified_gmt":"2023-12-16T15:23:37","slug":"danimarka-manzarasi-goel-kenarindaki-ev-achton-friisin-tablosu","status":"publish","type":"product","link":"https:\/\/collection.galerie-gerdes.com\/tr\/p\/danimarka-manzarasi-goel-kenarindaki-ev-achton-friisin-tablosu\/","title":{"rendered":"Danimarka manzaras\u0131, g\u00f6l kenar\u0131ndaki ev, Achton Friis&#8217;in tablosu"},"content":{"rendered":"<p>Achton Johannes Friis (1871-1939) tan\u0131nm\u0131\u015f bir ressam ve ill\u00fcstrat\u00f6rd\u00fc. 5 Eyl\u00fcl 1871&#8217;de Trustrup, Lyngby Sogn, Randers County&#8217;de do\u011fdu ve 17 Aral\u0131k 1939&#8217;da Kopenhag&#8217;da \u00f6ld\u00fc. Annesi Maren F. Fries bir \u00e7ift\u00e7inin k\u0131z\u0131yd\u0131 ve 15 Aral\u0131k 1909&#8217;da Kopenhag&#8217;da kemanc\u0131 Martha Elster ile evlendi. Martha 17 Eyl\u00fcl 1879&#8217;da ayn\u0131 \u015fehirde do\u011fmu\u015f ve 28 \u015eubat 1966&#8217;da Frederiksberg&#8217;de \u00f6lm\u00fc\u015ft\u00fcr. Varl\u0131kl\u0131 bir aileden gelen Y\u00fczba\u015f\u0131 Chr. Gregers E. ve Lovise Augusta Petersen&#8217;in k\u0131z\u0131yd\u0131.    <\/p>\n<p>Achton Friis, bir \u00e7ift\u00e7inin niteliklerini aristokrat bir tav\u0131rla birle\u015ftiren \u00e7ok y\u00f6nl\u00fc bir adamd\u0131. Bu e\u015fsiz kar\u0131\u015f\u0131m, herhangi bir alanda ola\u011fan\u00fcst\u00fc yetenekli olmamas\u0131na ra\u011fmen, hem sad\u0131k hem de son derece anlaml\u0131 bir ya\u015fam s\u00fcrmesini sa\u011flad\u0131. Danimarka&#8217;da Mylius-Erichsen ile birlikte yapt\u0131\u011f\u0131 ke\u015fif gezisi s\u0131ras\u0131nda, Gr\u00f6nland&#8217;\u0131n kuzeydo\u011fu k\u0131y\u0131lar\u0131n\u0131n manzaralar\u0131ndan derinden etkilenen bir yazar ve g\u00f6rsel sanat\u00e7\u0131 olarak yetene\u011fini ke\u015ffetti. Bir dizi canl\u0131 ve etkileyici manzara resminin yan\u0131 s\u0131ra, di\u011ferlerinin yan\u0131 s\u0131ra arkada\u015f\u0131 J\u00f8rgen Br\u00f8nlund&#8217;un kaz\u0131nm\u0131\u015f ve boyanm\u0131\u015f portrelerini yaratt\u0131. Bu \u00e7al\u0131\u015fmalar Mylius-Erichsen&#8217;in Gr\u00f6nland \u00fczerine yazd\u0131\u011f\u0131 kitaplarda yeniden \u00fcretildi.    <\/p>\n<p>Friis, sanatsal katk\u0131lar\u0131n\u0131n yan\u0131 s\u0131ra &#8220;Kutup Avc\u0131s\u0131&#8221; adl\u0131 kitab\u0131nda oldu\u011fu gibi seyahatnameler de yazd\u0131 ve resimledi. Ancak onun ger\u00e7ek yetene\u011fi, Danimarka&#8217;n\u0131n farkl\u0131 g\u00fczelliklerini bir sanat\u00e7\u0131n\u0131n g\u00f6z\u00fcnden yakalamakt\u0131. Eserleri, &#8220;Danimarkal\u0131lar\u0131n Adalar\u0131  <\/p>\n","protected":false},"excerpt":{"rendered":"<p>Achton Johannes Friis (1871-1939)<br \/>\nBireysel renk kay\u0131plar\u0131, \u00e7izikler, ezikler<\/p>\n","protected":false},"featured_media":7668,"template":"","meta":{"site-sidebar-layout":"default","site-content-layout":"","ast-site-content-layout":"default","site-content-style":"default","site-sidebar-style":"default","ast-global-header-display":"","ast-banner-title-visibility":"","ast-main-header-display":"","ast-hfb-above-header-display":"","ast-hfb-below-header-display":"","ast-hfb-mobile-header-display":"","site-post-title":"","ast-breadcrumbs-content":"","ast-featured-img":"","footer-sml-layout":"","ast-disable-related-posts":"","theme-transparent-header-meta":"default","adv-header-id-meta":"","stick-header-meta":"","header-above-stick-meta":"","header-main-stick-meta":"","header-below-stick-meta":"","astra-migrate-meta-layouts":"default","ast-page-background-enabled":"default","ast-page-background-meta":{"desktop":{"background-color":"var(--ast-global-color-4)","background-image":"","background-repeat":"repeat","background-position":"center center","background-size":"auto","background-attachment":"scroll","background-type":"","background-media":"","overlay-type":"","overlay-color":"","overlay-opacity":"","overlay-gradient":""},"tablet":{"background-color":"","background-image":"","background-repeat":"repeat","background-position":"center center","background-size":"auto","background-attachment":"scroll","background-type":"","background-media":"","overlay-type":"","overlay-color":"","overlay-opacity":"","overlay-gradient":""},"mobile":{"background-color":"","background-image":"","background-repeat":"repeat","background-position":"center center","background-size":"auto","background-attachment":"scroll","background-type":"","background-media":"","overlay-type":"","overlay-color":"","overlay-opacity":"","overlay-gradient":""}},"ast-content-background-meta":{"desktop":{"background-color":"var(--ast-global-color-5)","background-image":"","background-repeat":"repeat","background-position":"center center","background-size":"auto","background-attachment":"scroll","background-type":"","background-media":"","overlay-type":"","overlay-color":"","overlay-opacity":"","overlay-gradient":""},"tablet":{"background-color":"var(--ast-global-color-5)","background-image":"","background-repeat":"repeat","background-position":"center center","background-size":"auto","background-attachment":"scroll","background-type":"","background-media":"","overlay-type":"","overlay-color":"","overlay-opacity":"","overlay-gradient":""},"mobile":{"background-color":"var(--ast-global-color-5)","background-image":"","background-repeat":"repeat","background-position":"center center","background-size":"auto","background-attachment":"scroll","background-type":"","background-media":"","overlay-type":"","overlay-color":"","overlay-opacity":"","overlay-gradient":""}}},"product_brand":[],"product_cat":[2726,693,695],"product_tag":[1621,14958,1622,1623,14957,1624,1625,1626,14960,14959],"class_list":{"0":"post-309076","1":"product","2":"type-product","3":"status-publish","4":"has-post-thumbnail","6":"product_cat-danish-tr","7":"product_cat-landschaft-tr","8":"product_cat-painting-tr","9":"product_tag-art-tr","10":"product_tag-danimarka","11":"product_tag-gemalde-tr","12":"product_tag-kunst-tr","13":"product_tag-manzara","14":"product_tag-painting-tr","15":"product_tag-peintures-tr","16":"product_tag-pittura-tr","17":"product_tag-tuval-tr","18":"product_tag-yagli-boya-tr","19":"desktop-align-center","20":"tablet-align-left","21":"mobile-align-left","23":"first","24":"instock","25":"taxable","26":"shipping-taxable","27":"product-type-simple"},"_links":{"self":[{"href":"https:\/\/collection.galerie-gerdes.com\/tr\/wp-json\/wp\/v2\/product\/309076","targetHints":{"allow":["GET"]}}],"collection":[{"href":"https:\/\/collection.galerie-gerdes.com\/tr\/wp-json\/wp\/v2\/product"}],"about":[{"href":"https:\/\/collection.galerie-gerdes.com\/tr\/wp-json\/wp\/v2\/types\/product"}],"wp:featuredmedia":[{"embeddable":true,"href":"https:\/\/collection.galerie-gerdes.com\/tr\/wp-json\/wp\/v2\/media\/7668"}],"wp:attachment":[{"href":"https:\/\/collection.galerie-gerdes.com\/tr\/wp-json\/wp\/v2\/media?parent=309076"}],"wp:term":[{"taxonomy":"product_brand","embeddable":true,"href":"https:\/\/collection.galerie-gerdes.com\/tr\/wp-json\/wp\/v2\/product_brand?post=309076"},{"taxonomy":"product_cat","embeddable":true,"href":"https:\/\/collection.galerie-gerdes.com\/tr\/wp-json\/wp\/v2\/product_cat?post=309076"},{"taxonomy":"product_tag","embeddable":true,"href":"https:\/\/collection.galerie-gerdes.com\/tr\/wp-json\/wp\/v2\/product_tag?post=309076"}],"curies":[{"name":"wp","href":"https:\/\/api.w.org\/{rel}","templated":true}]}}