{"id":320865,"date":"2025-08-04T17:39:52","date_gmt":"2025-08-04T15:39:52","guid":{"rendered":"https:\/\/collection.galerie-gerdes.com\/?post_type=product&#038;p=320865"},"modified":"2025-08-04T17:39:52","modified_gmt":"2025-08-04T15:39:52","slug":"tanzende-bei-mondlicht-mischtechnik-von-rene-fehr","status":"publish","type":"product","link":"https:\/\/collection.galerie-gerdes.com\/tr\/p\/tanzende-bei-mondlicht-mischtechnik-von-rene-fehr\/","title":{"rendered":"Tanzende bei Mondlicht | Mischtechnik von Ren\u00e9 Fehr"},"content":{"rendered":"<p data-start=\"0\" data-end=\"201\"><strong data-start=\"0\" data-end=\"21\">Ren\u00e9 William Fehr<\/strong> ist ein Schweizer Cartoonist und Kunstmaler, der seit Jahrzehnten mit pointierter Gesellschaftskritik, feinem Humor und einem Gesp\u00fcr f\u00fcr das Absurde das kulturelle Leben mitpr\u00e4gt.<\/p>\n<p data-start=\"203\" data-end=\"588\">Nach dem Besuch der Fachhochschule f\u00fcr Gestaltung in Z\u00fcrich absolvierte Fehr eine Ausbildung zum Grafiker. Seit 1967 ist er als freischaffender Cartoonist und Kunstmaler t\u00e4tig. In seinem k\u00fcnstlerischen Werk widmet er sich bevorzugt Themen wie <strong data-start=\"446\" data-end=\"469\">Gesellschaftskritik<\/strong>, <strong data-start=\"471\" data-end=\"487\">Umweltschutz<\/strong> sowie <strong data-start=\"494\" data-end=\"514\">absurdem Nonsens<\/strong>, die er mit scharfem Blick, Ironie und gestalterischem K\u00f6nnen verhandelt.<\/p>\n<p data-start=\"590\" data-end=\"795\">Ren\u00e9 Fehr ist Gr\u00fcndungsmitglied des <strong data-start=\"626\" data-end=\"656\">Art Directors Club Schweiz<\/strong> und blickt auf eine langj\u00e4hrige Zusammenarbeit mit zahlreichen renommierten Medien zur\u00fcck. Zu seinen Auftraggebern geh\u00f6rten unter anderem:<\/p>\n<ul data-start=\"797\" data-end=\"990\">\n<li data-start=\"797\" data-end=\"815\">\n<p data-start=\"799\" data-end=\"815\"><em data-start=\"799\" data-end=\"813\">Nebelspalter<\/em><\/p>\n<\/li>\n<li data-start=\"816\" data-end=\"844\">\n<p data-start=\"818\" data-end=\"844\"><em data-start=\"818\" data-end=\"842\">Schweizer Illustrierte<\/em><\/p>\n<\/li>\n<li data-start=\"845\" data-end=\"863\">\n<p data-start=\"847\" data-end=\"863\"><em data-start=\"847\" data-end=\"861\">Br\u00fcckenbauer<\/em><\/p>\n<\/li>\n<li data-start=\"864\" data-end=\"939\">\n<p data-start=\"866\" data-end=\"939\"><em data-start=\"866\" data-end=\"890\">Tages-Anzeiger-Magazin<\/em> (u.\u202fa. mit der Rubrik \u201eDas Fax von Ren\u00e9 Fehr\u201c)<\/p>\n<\/li>\n<li data-start=\"940\" data-end=\"963\">\n<p data-start=\"942\" data-end=\"963\"><em data-start=\"942\" data-end=\"961\">Schweizer Familie<\/em><\/p>\n<\/li>\n<li data-start=\"964\" data-end=\"977\">\n<p data-start=\"966\" data-end=\"977\"><em data-start=\"966\" data-end=\"975\">Capital<\/em><\/p>\n<\/li>\n<li data-start=\"978\" data-end=\"990\">\n<p data-start=\"980\" data-end=\"990\"><em data-start=\"980\" data-end=\"990\">Vorw\u00e4rts<\/em><\/p>\n<\/li>\n<\/ul>\n<p data-start=\"992\" data-end=\"1213\">Seine Arbeiten wurden in <strong data-start=\"1017\" data-end=\"1065\">zahlreichen Ausstellungen im In- und Ausland<\/strong> gezeigt. Dar\u00fcber hinaus ver\u00f6ffentlichte er bislang <strong data-start=\"1117\" data-end=\"1133\">sechs B\u00fccher<\/strong>, die sein zeichnerisches und thematisches Spektrum eindrucksvoll dokumentieren.<\/p>\n<p data-start=\"1215\" data-end=\"1361\" data-is-last-node=\"\" data-is-only-node=\"\">Mit seinem unverwechselbaren Stil und seiner klugen, oft provokativen Handschrift z\u00e4hlt Ren\u00e9 Fehr zu den profiliertesten Cartoonisten der Schweiz.<\/p>\n","protected":false},"excerpt":{"rendered":"<p>Ren\u00e9 Fehr (1945)<\/p>\n","protected":false},"featured_media":322987,"template":"","meta":{"site-sidebar-layout":"default","site-content-layout":"","ast-site-content-layout":"default","site-content-style":"default","site-sidebar-style":"default","ast-global-header-display":"","ast-banner-title-visibility":"","ast-main-header-display":"","ast-hfb-above-header-display":"","ast-hfb-below-header-display":"","ast-hfb-mobile-header-display":"","site-post-title":"","ast-breadcrumbs-content":"","ast-featured-img":"","footer-sml-layout":"","ast-disable-related-posts":"","theme-transparent-header-meta":"default","adv-header-id-meta":"","stick-header-meta":"","header-above-stick-meta":"","header-main-stick-meta":"","header-below-stick-meta":"","astra-migrate-meta-layouts":"set","ast-page-background-enabled":"default","ast-page-background-meta":{"desktop":{"background-color":"var(--ast-global-color-4)","background-image":"","background-repeat":"repeat","background-position":"center center","background-size":"auto","background-attachment":"scroll","background-type":"","background-media":"","overlay-type":"","overlay-color":"","overlay-opacity":"","overlay-gradient":""},"tablet":{"background-color":"","background-image":"","background-repeat":"repeat","background-position":"center center","background-size":"auto","background-attachment":"scroll","background-type":"","background-media":"","overlay-type":"","overlay-color":"","overlay-opacity":"","overlay-gradient":""},"mobile":{"background-color":"","background-image":"","background-repeat":"repeat","background-position":"center center","background-size":"auto","background-attachment":"scroll","background-type":"","background-media":"","overlay-type":"","overlay-color":"","overlay-opacity":"","overlay-gradient":""}},"ast-content-background-meta":{"desktop":{"background-color":"var(--ast-global-color-5)","background-image":"","background-repeat":"repeat","background-position":"center center","background-size":"auto","background-attachment":"scroll","background-type":"","background-media":"","overlay-type":"","overlay-color":"","overlay-opacity":"","overlay-gradient":""},"tablet":{"background-color":"var(--ast-global-color-5)","background-image":"","background-repeat":"repeat","background-position":"center center","background-size":"auto","background-attachment":"scroll","background-type":"","background-media":"","overlay-type":"","overlay-color":"","overlay-opacity":"","overlay-gradient":""},"mobile":{"background-color":"var(--ast-global-color-5)","background-image":"","background-repeat":"repeat","background-position":"center center","background-size":"auto","background-attachment":"scroll","background-type":"","background-media":"","overlay-type":"","overlay-color":"","overlay-opacity":"","overlay-gradient":""}}},"product_brand":[],"product_cat":[15259],"product_tag":[],"class_list":{"0":"post-320865","1":"product","2":"type-product","3":"status-publish","4":"has-post-thumbnail","6":"product_cat-rene-fehr","7":"desktop-align-center","8":"tablet-align-left","9":"mobile-align-left","11":"first","12":"instock","13":"taxable","14":"shipping-taxable","15":"product-type-simple"},"_links":{"self":[{"href":"https:\/\/collection.galerie-gerdes.com\/tr\/wp-json\/wp\/v2\/product\/320865","targetHints":{"allow":["GET"]}}],"collection":[{"href":"https:\/\/collection.galerie-gerdes.com\/tr\/wp-json\/wp\/v2\/product"}],"about":[{"href":"https:\/\/collection.galerie-gerdes.com\/tr\/wp-json\/wp\/v2\/types\/product"}],"wp:featuredmedia":[{"embeddable":true,"href":"https:\/\/collection.galerie-gerdes.com\/tr\/wp-json\/wp\/v2\/media\/322987"}],"wp:attachment":[{"href":"https:\/\/collection.galerie-gerdes.com\/tr\/wp-json\/wp\/v2\/media?parent=320865"}],"wp:term":[{"taxonomy":"product_brand","embeddable":true,"href":"https:\/\/collection.galerie-gerdes.com\/tr\/wp-json\/wp\/v2\/product_brand?post=320865"},{"taxonomy":"product_cat","embeddable":true,"href":"https:\/\/collection.galerie-gerdes.com\/tr\/wp-json\/wp\/v2\/product_cat?post=320865"},{"taxonomy":"product_tag","embeddable":true,"href":"https:\/\/collection.galerie-gerdes.com\/tr\/wp-json\/wp\/v2\/product_tag?post=320865"}],"curies":[{"name":"wp","href":"https:\/\/api.w.org\/{rel}","templated":true}]}}