{"id":320866,"date":"2025-08-04T17:31:35","date_gmt":"2025-08-04T15:31:35","guid":{"rendered":"https:\/\/collection.galerie-gerdes.com\/?post_type=product&#038;p=320866"},"modified":"2025-08-04T17:34:02","modified_gmt":"2025-08-04T15:34:02","slug":"aquatinta-teils-handkoloriert-richard-westall","status":"publish","type":"product","link":"https:\/\/collection.galerie-gerdes.com\/tr\/p\/aquatinta-teils-handkoloriert-richard-westall\/","title":{"rendered":"Aquatinta teils handkoloriert | Richard Westall"},"content":{"rendered":"<p>Richard Westall RA (geboren am 2. Januar 1765 in Reepham bei Norwich; gestorben am 4. Dezember 1836) war ein englischer Maler und Illustrator, der sich insbesondere durch Portr\u00e4ts sowie durch Darstellungen historischer und literarischer Szenen einen Namen machte. Besonders bekannt wurde er f\u00fcr seine Portr\u00e4ts des Dichters Lord Byron. Zudem war er Zeichenlehrer der jungen K\u00f6nigin Victoria.<\/p>\n<p>Westall war der erfolgreichere von zwei Halbbr\u00fcdern, die beide als Maler t\u00e4tig waren. Sein j\u00fcngerer Halbbruder war William Westall (1781\u20131850), ein weitgereister Landschaftsmaler. Beide waren S\u00f6hne von Benjamin Westall aus Norwich.<\/p>\n<p>Nach dem fr\u00fchen Tod seiner Mutter und dem Bankrott seines Vaters zog Richard Westall 1772 nach London. Dort begann er 1779 eine Lehre als Graveur f\u00fcr heraldischen Silberschmuck. In dieser Zeit wurde er vom Maler John Alefounder ermutigt, sich ganz der Malerei zu widmen. Ab dem 10. Dezember 1785 studierte er an der Royal Academy School of Arts. Bereits ab 1784 stellte er regelm\u00e4\u00dfig in der Royal Academy aus. 1792 wurde er zum assoziierten Mitglied (Associate) gew\u00e4hlt, 1794 schlie\u00dflich zum vollwertigen Akademiemitglied (Royal Academician).<\/p>\n<p>Zwischen 1790 und 1795 lebte er gemeinsam mit dem Maler Thomas Lawrence \u2013 dem sp\u00e4teren Pr\u00e4sidenten der Royal Academy \u2013 in einem Haus in der Greek Street Nr. 57, Ecke Soho Square. Jeder der beiden K\u00fcnstler hatte dort seinen eigenen Eingang mit Namensschild.<\/p>\n<p>Westalls Werke, von denen viele in Aquarell ausgef\u00fchrt wurden, fanden vor allem gegen Ende des 18. Jahrhunderts gro\u00dfe Beachtung. Sein wichtigster F\u00f6rderer, der Kunstkenner Richard Payne Knight, sch\u00e4tzte ihn als herausragenden Vertreter der \u201epittoresken\u201c Darstellungsweise. Im neoklassizistischen Stil schuf er Werke f\u00fcr John Boydells Shakespeare Gallery sowie f\u00fcr Henry Fuselis Milton Gallery. Sein Gem\u00e4lde von John Milton mit seinen T\u00f6chtern befindet sich heute im Sir John Soane&#8217;s Museum in London. Zudem befinden sich mehrere Werke von ihm, die Szenen aus dem Leben Horatio Nelsons zeigen, im National Maritime Museum in Greenwich.<\/p>\n<p>Richard Westall war eine zentrale Figur der britischen Kunstszene seiner Zeit und verband in seinem Schaffen klassizistische Eleganz mit literarischer Erz\u00e4hlfreude.<\/p>\n","protected":false},"excerpt":{"rendered":"<p>Richard Westall (1765-1836)<br \/>\nNicht gerahmt &#8211; an den R\u00e4ndern besch\u00e4digt ausgeschnitten<\/p>\n","protected":false},"featured_media":323107,"template":"","meta":{"site-sidebar-layout":"default","site-content-layout":"","ast-site-content-layout":"default","site-content-style":"default","site-sidebar-style":"default","ast-global-header-display":"","ast-banner-title-visibility":"","ast-main-header-display":"","ast-hfb-above-header-display":"","ast-hfb-below-header-display":"","ast-hfb-mobile-header-display":"","site-post-title":"","ast-breadcrumbs-content":"","ast-featured-img":"","footer-sml-layout":"","ast-disable-related-posts":"","theme-transparent-header-meta":"default","adv-header-id-meta":"","stick-header-meta":"","header-above-stick-meta":"","header-main-stick-meta":"","header-below-stick-meta":"","astra-migrate-meta-layouts":"set","ast-page-background-enabled":"default","ast-page-background-meta":{"desktop":{"background-color":"var(--ast-global-color-4)","background-image":"","background-repeat":"repeat","background-position":"center center","background-size":"auto","background-attachment":"scroll","background-type":"","background-media":"","overlay-type":"","overlay-color":"","overlay-opacity":"","overlay-gradient":""},"tablet":{"background-color":"","background-image":"","background-repeat":"repeat","background-position":"center center","background-size":"auto","background-attachment":"scroll","background-type":"","background-media":"","overlay-type":"","overlay-color":"","overlay-opacity":"","overlay-gradient":""},"mobile":{"background-color":"","background-image":"","background-repeat":"repeat","background-position":"center center","background-size":"auto","background-attachment":"scroll","background-type":"","background-media":"","overlay-type":"","overlay-color":"","overlay-opacity":"","overlay-gradient":""}},"ast-content-background-meta":{"desktop":{"background-color":"var(--ast-global-color-5)","background-image":"","background-repeat":"repeat","background-position":"center center","background-size":"auto","background-attachment":"scroll","background-type":"","background-media":"","overlay-type":"","overlay-color":"","overlay-opacity":"","overlay-gradient":""},"tablet":{"background-color":"var(--ast-global-color-5)","background-image":"","background-repeat":"repeat","background-position":"center center","background-size":"auto","background-attachment":"scroll","background-type":"","background-media":"","overlay-type":"","overlay-color":"","overlay-opacity":"","overlay-gradient":""},"mobile":{"background-color":"var(--ast-global-color-5)","background-image":"","background-repeat":"repeat","background-position":"center center","background-size":"auto","background-attachment":"scroll","background-type":"","background-media":"","overlay-type":"","overlay-color":"","overlay-opacity":"","overlay-gradient":""}}},"product_brand":[],"product_cat":[15258],"product_tag":[],"class_list":{"0":"post-320866","1":"product","2":"type-product","3":"status-publish","4":"has-post-thumbnail","6":"product_cat-richard-westall","7":"desktop-align-center","8":"tablet-align-left","9":"mobile-align-left","11":"first","12":"instock","13":"taxable","14":"shipping-taxable","15":"product-type-simple"},"_links":{"self":[{"href":"https:\/\/collection.galerie-gerdes.com\/tr\/wp-json\/wp\/v2\/product\/320866","targetHints":{"allow":["GET"]}}],"collection":[{"href":"https:\/\/collection.galerie-gerdes.com\/tr\/wp-json\/wp\/v2\/product"}],"about":[{"href":"https:\/\/collection.galerie-gerdes.com\/tr\/wp-json\/wp\/v2\/types\/product"}],"wp:featuredmedia":[{"embeddable":true,"href":"https:\/\/collection.galerie-gerdes.com\/tr\/wp-json\/wp\/v2\/media\/323107"}],"wp:attachment":[{"href":"https:\/\/collection.galerie-gerdes.com\/tr\/wp-json\/wp\/v2\/media?parent=320866"}],"wp:term":[{"taxonomy":"product_brand","embeddable":true,"href":"https:\/\/collection.galerie-gerdes.com\/tr\/wp-json\/wp\/v2\/product_brand?post=320866"},{"taxonomy":"product_cat","embeddable":true,"href":"https:\/\/collection.galerie-gerdes.com\/tr\/wp-json\/wp\/v2\/product_cat?post=320866"},{"taxonomy":"product_tag","embeddable":true,"href":"https:\/\/collection.galerie-gerdes.com\/tr\/wp-json\/wp\/v2\/product_tag?post=320866"}],"curies":[{"name":"wp","href":"https:\/\/api.w.org\/{rel}","templated":true}]}}