{"id":3498,"date":"2024-02-29T16:10:15","date_gmt":"2024-02-29T15:10:15","guid":{"rendered":"https:\/\/collection.galerie-gerdes.com\/?post_type=product&#038;p=3498"},"modified":"2024-04-24T14:03:37","modified_gmt":"2024-04-24T12:03:37","slug":"peisig-florin-ciubotaru-abstraktes-gemaelde","status":"publish","type":"product","link":"https:\/\/collection.galerie-gerdes.com\/tr\/p\/peisig-florin-ciubotaru-abstraktes-gemaelde\/","title":{"rendered":"Peisig, Florin CIUBOTARU, Abstraktes Gem\u00e4lde"},"content":{"rendered":"<p>Indem er seine gesellschaftliche Stellung, seine Rolle und sein Status dekonstruiert, ist Florin Anton Ciubotaru ein (meta)kritischer Maler. Er war, wie viele seiner beachtenswerten Zeitgenossen, Sch\u00fcler am Institut der sch\u00f6nen K\u00fcnste \u201eNicholae Grigorescu\u201c, an der er\u00a01963 seinen Abschluss erhielt. Seitdem folgte er einem Weg der Herausforderung, Ergr\u00fcndung, des Infragestellens und des endlosen \u00dcberdenkens. Das ist zum Teil auf seine mangelnde Geduld f\u00fcr die Maskeraden, d.\u00a0h. die Vorg\u00e4nge in der Welt der Kultur, zur\u00fcckzuf\u00fchren. Seine Kommunikationen in Zusammenhang mit seinen eigenen Ausstellungen als formelhafte, leere Zeremonien sind ausgesprochen vielsagend. Seine Kunst ist \u00e4hnlich reflektiv: Indem der K\u00fcnstler Darstellungsmittel in intimen Kompositionen in Schichten legt und verschleiert, ist es wahrscheinlich, dass er der Einzige ist, der sie vollst\u00e4ndig erkennt und versteht. Ciubotarus Obsession f\u00fcr Meinungsfreiheit und seine Ablehnung, bei Dingen, die er als problematisches System wahrnimmt, nachzugeben, stehen vielleicht hinter der kryptischen Natur seines Werks.<\/p>\n<p>&nbsp;<\/p>\n<p>https:\/\/art-collection.europarl.europa.eu\/de\/collections\/telephone\/<\/p>\n","protected":false},"excerpt":{"rendered":"<p><strong>Florin CIUBOTARU (1939-2022) <\/strong><\/p>\n","protected":false},"featured_media":3559,"template":"","meta":{"site-sidebar-layout":"default","site-content-layout":"","ast-site-content-layout":"default","site-content-style":"default","site-sidebar-style":"default","ast-global-header-display":"","ast-banner-title-visibility":"","ast-main-header-display":"","ast-hfb-above-header-display":"","ast-hfb-below-header-display":"","ast-hfb-mobile-header-display":"","site-post-title":"","ast-breadcrumbs-content":"","ast-featured-img":"","footer-sml-layout":"","ast-disable-related-posts":"","theme-transparent-header-meta":"default","adv-header-id-meta":"","stick-header-meta":"","header-above-stick-meta":"","header-main-stick-meta":"","header-below-stick-meta":"","astra-migrate-meta-layouts":"set","ast-page-background-enabled":"default","ast-page-background-meta":{"desktop":{"background-color":"var(--ast-global-color-4)","background-image":"","background-repeat":"repeat","background-position":"center center","background-size":"auto","background-attachment":"scroll","background-type":"","background-media":"","overlay-type":"","overlay-color":"","overlay-opacity":"","overlay-gradient":""},"tablet":{"background-color":"","background-image":"","background-repeat":"repeat","background-position":"center center","background-size":"auto","background-attachment":"scroll","background-type":"","background-media":"","overlay-type":"","overlay-color":"","overlay-opacity":"","overlay-gradient":""},"mobile":{"background-color":"","background-image":"","background-repeat":"repeat","background-position":"center center","background-size":"auto","background-attachment":"scroll","background-type":"","background-media":"","overlay-type":"","overlay-color":"","overlay-opacity":"","overlay-gradient":""}},"ast-content-background-meta":{"desktop":{"background-color":"var(--ast-global-color-5)","background-image":"","background-repeat":"repeat","background-position":"center center","background-size":"auto","background-attachment":"scroll","background-type":"","background-media":"","overlay-type":"","overlay-color":"","overlay-opacity":"","overlay-gradient":""},"tablet":{"background-color":"var(--ast-global-color-5)","background-image":"","background-repeat":"repeat","background-position":"center center","background-size":"auto","background-attachment":"scroll","background-type":"","background-media":"","overlay-type":"","overlay-color":"","overlay-opacity":"","overlay-gradient":""},"mobile":{"background-color":"var(--ast-global-color-5)","background-image":"","background-repeat":"repeat","background-position":"center center","background-size":"auto","background-attachment":"scroll","background-type":"","background-media":"","overlay-type":"","overlay-color":"","overlay-opacity":"","overlay-gradient":""}}},"product_brand":[],"product_cat":[52,246,179,252],"product_tag":[364,362,363,74,361,365],"class_list":{"0":"post-3498","1":"product","2":"type-product","3":"status-publish","4":"has-post-thumbnail","6":"product_cat-20th-century","7":"product_cat-florin-ciubotaru","8":"product_cat-gemaelde","9":"product_cat-rumaenisch","10":"product_tag-art","11":"product_tag-gemalde","12":"product_tag-kunst","13":"product_tag-painting","14":"product_tag-peintures","15":"product_tag-pittura","16":"desktop-align-center","17":"tablet-align-left","18":"mobile-align-left","20":"first","21":"instock","22":"taxable","23":"shipping-taxable","24":"product-type-simple"},"_links":{"self":[{"href":"https:\/\/collection.galerie-gerdes.com\/tr\/wp-json\/wp\/v2\/product\/3498","targetHints":{"allow":["GET"]}}],"collection":[{"href":"https:\/\/collection.galerie-gerdes.com\/tr\/wp-json\/wp\/v2\/product"}],"about":[{"href":"https:\/\/collection.galerie-gerdes.com\/tr\/wp-json\/wp\/v2\/types\/product"}],"wp:featuredmedia":[{"embeddable":true,"href":"https:\/\/collection.galerie-gerdes.com\/tr\/wp-json\/wp\/v2\/media\/3559"}],"wp:attachment":[{"href":"https:\/\/collection.galerie-gerdes.com\/tr\/wp-json\/wp\/v2\/media?parent=3498"}],"wp:term":[{"taxonomy":"product_brand","embeddable":true,"href":"https:\/\/collection.galerie-gerdes.com\/tr\/wp-json\/wp\/v2\/product_brand?post=3498"},{"taxonomy":"product_cat","embeddable":true,"href":"https:\/\/collection.galerie-gerdes.com\/tr\/wp-json\/wp\/v2\/product_cat?post=3498"},{"taxonomy":"product_tag","embeddable":true,"href":"https:\/\/collection.galerie-gerdes.com\/tr\/wp-json\/wp\/v2\/product_tag?post=3498"}],"curies":[{"name":"wp","href":"https:\/\/api.w.org\/{rel}","templated":true}]}}