{"id":6192,"date":"2024-04-30T13:14:06","date_gmt":"2024-04-30T11:14:06","guid":{"rendered":"https:\/\/collection.galerie-gerdes.com\/?post_type=product&#038;p=6192"},"modified":"2025-01-18T10:32:01","modified_gmt":"2025-01-18T09:32:01","slug":"frontales-halbportrat-einer-frau-monotypie-zeichnung-von-alfred-seidel-aus-dem-nachlass","status":"publish","type":"product","link":"https:\/\/collection.galerie-gerdes.com\/tr\/p\/frontales-halbportrat-einer-frau-monotypie-zeichnung-von-alfred-seidel-aus-dem-nachlass\/","title":{"rendered":"Frontales Halbportr\u00e4t einer Frau | Monotypie &#038; Zeichnung von Alfred Seidel aus dem Nachlass"},"content":{"rendered":"<p>Alfred Herbert Georg Seidel wurde am 1. November 1913 in Breslau geboren. Nach dem tragischen Verlust seines Vaters Otto im Ersten Weltkrieg zog er mit seiner Mutter Maria und seiner Schwester Helene in ihre oberschlesische Heimat nach Scharley bzw. Deutsch-Piekar. Dort, in der N\u00e4he des Kohlereviers nahe der damaligen Grenze zum russischen Imperium, verbrachte Alfred Seidel seine Kindheit.<\/p>\n<p>Unter der F\u00fcrsorge zweier Tanten und der Berufst\u00e4tigkeit seiner Mutter erhielt er seine Erziehung. Die Umgebung war gepr\u00e4gt von kleinb\u00fcrgerlichen Werten und tief verwurzelter Katholizismus. Seidel wurde 1920 an der Volksschule in Deutsch-Piekar eingeschult und wechselte 1924 zum Realgymnasium in Beuthen. Dort erkannte ein aufmerksamer Zeichenlehrer sein Talent und f\u00f6rderte es. Schon fr\u00fch f\u00fchlte sich Seidel zum k\u00fcnstlerischen Schaffen hingezogen.<\/p>\n<p>Kurz vor dem Abitur verlie\u00df er 1933 das Realgymnasium und begann am 2. November 1933 eine Ausbildung zum Theatermaler. Es folgten Engagements als Theatermaler am oberschlesischen Landestheater in Beuthen und sp\u00e4ter als erster Theatermaler und Atelierleiter am Stadttheater in Salzburg.<\/p>\n<p>W\u00e4hrend des Zweiten Weltkrieges wurde Seidel eingezogen und zweimal verwundet. Trotz des Verlusts seines rechten Auges erwies sich seine Berufung zum K\u00fcnstler als unersch\u00fctterlich. Er schuf zahlreiche Grafiken, Zeichnungen, Gem\u00e4lde in verschiedenen Techniken sowie Glasfenster und Bildhauerarbeiten. Sein lebenslanges Interesse an Literatur spiegelte sich in seinen Illustrationen und schriftstellerischen Werken wider.<\/p>\n<p>Nach seiner Entlassung aus amerikanischer Kriegsgefangenschaft im Jahr 1945 fand Seidel zun\u00e4chst in Sillenbuch und ab 1954 in Schorndorf eine neue Heimat. Er war viele Jahre lang Mitglied der K\u00fcnstlergilde Esslingen. Alfred Seidel verstarb am 20. November 2001 in Schorndorf und hinterlie\u00df seine Frau Elisabeth sowie ihre drei Kinder Susanne, Matthias und Christoph. Im Jahr 2017 \u00fcberlie\u00dfen seine Erben einen Gro\u00dfteil seiner Werke der Stadt Schorndorf.<\/p>\n<p>Alfred Seidel illustrierte besonders zu Beginn seiner Karriere viele M\u00e4rchen, wobei die Nachkriegsjahre ihm durch Neuauflagen klassischer M\u00e4rchen ein ideales Arbeitsfeld boten. Beispiele seiner Illustrationen umfassen Werke von Andersen, den Br\u00fcdern Grimm, Agnes Sapper und Tamara Ramsay. Sp\u00e4ter widmete er sich auch der Illustration von Romanen, darunter Werken von Egon H. Rakette.<\/p>\n<p>Dar\u00fcber hinaus schuf er unabh\u00e4ngig und ohne konkrete Auftr\u00e4ge Grafiken zu literarischen Themen, die er in sogenannten \u201eGraphischen Zyklen\u201c zusammenfasste. Diese behandeln Werke von Dostojewsky, Tolstoi, Moli\u00e8re, William Shakespeare und Friedrich D\u00fcrrenmatt sowie Graphiken f\u00fcr Zeitschriften und Kalender.<\/p>\n<p>W\u00e4hrend seiner gesamten Schaffenszeit entstanden zahlreiche Werke in verschiedenen Techniken wie \u00d6lgem\u00e4lde, Linolschnitte und Aquarelle. Seine bevorzugten Themen waren religi\u00f6se oder mythologische Motive sowie Portr\u00e4ts aus seinem beruflichen und pers\u00f6nlichen Umfeld. Landschaften bildeten eher eine Ausnahme.<\/p>\n<p>Ab 1957 gestaltete Seidel zunehmend \u00f6ffentliche R\u00e4ume, insbesondere k\u00fcnstlerische Innenausstattungen von katholischen Kirchen. Er schuf Wandmosaike, Alt\u00e4re, Tabernakel, Kreuzwege und zahlreiche Glasfenster f\u00fcr die Di\u00f6zese Rottenburg-Stuttgart.<\/p>\n<p>Unabh\u00e4ngig von Auftr\u00e4gen verfasste Alfred Seidel auch eine Reihe von Dramen und Erz\u00e4hlungen, die sich mit verschiedenen Themen wie &#8220;Christopher Kolumbus&#8221;, &#8220;Konradin, der letzte Staufer&#8221;, &#8220;Schwund des Religi\u00f6sen&#8221;, &#8220;Erbschaftsbetrug&#8221; und &#8220;Wege der Selbsterkenntnis&#8221; befassen. Seine Erz\u00e4hlungen beleuchten insbesondere seine Kindheit und Jugend in Oberschlesien sowie seine famili\u00e4ren Erfahrungen und Begegnungen.<\/p>\n<p>F\u00fcr sein k\u00fcnstlerisches Schaffen wurde Alfred Georg Seidel im Jahr 1981 mit dem Bundesverdienstkreuz am Bande der Bundesrepublik Deutschland ausgezeichnet.<\/p>\n","protected":false},"excerpt":{"rendered":"<p>Alfred Seidel (1913-2001)<\/p>\n<p>Sehr gro\u00dfes d\u00fcnnes Blatt, R\u00e4nder besch\u00e4digt, ggf. Knicke und Wellen. Wird gefaltet versendet.<\/p>\n","protected":false},"featured_media":6210,"template":"","meta":{"site-sidebar-layout":"default","site-content-layout":"","ast-site-content-layout":"default","site-content-style":"default","site-sidebar-style":"default","ast-global-header-display":"","ast-banner-title-visibility":"","ast-main-header-display":"","ast-hfb-above-header-display":"","ast-hfb-below-header-display":"","ast-hfb-mobile-header-display":"","site-post-title":"","ast-breadcrumbs-content":"","ast-featured-img":"","footer-sml-layout":"","ast-disable-related-posts":"","theme-transparent-header-meta":"default","adv-header-id-meta":"","stick-header-meta":"","header-above-stick-meta":"","header-main-stick-meta":"","header-below-stick-meta":"","astra-migrate-meta-layouts":"set","ast-page-background-enabled":"default","ast-page-background-meta":{"desktop":{"background-color":"var(--ast-global-color-4)","background-image":"","background-repeat":"repeat","background-position":"center center","background-size":"auto","background-attachment":"scroll","background-type":"","background-media":"","overlay-type":"","overlay-color":"","overlay-opacity":"","overlay-gradient":""},"tablet":{"background-color":"","background-image":"","background-repeat":"repeat","background-position":"center center","background-size":"auto","background-attachment":"scroll","background-type":"","background-media":"","overlay-type":"","overlay-color":"","overlay-opacity":"","overlay-gradient":""},"mobile":{"background-color":"","background-image":"","background-repeat":"repeat","background-position":"center center","background-size":"auto","background-attachment":"scroll","background-type":"","background-media":"","overlay-type":"","overlay-color":"","overlay-opacity":"","overlay-gradient":""}},"ast-content-background-meta":{"desktop":{"background-color":"var(--ast-global-color-5)","background-image":"","background-repeat":"repeat","background-position":"center center","background-size":"auto","background-attachment":"scroll","background-type":"","background-media":"","overlay-type":"","overlay-color":"","overlay-opacity":"","overlay-gradient":""},"tablet":{"background-color":"var(--ast-global-color-5)","background-image":"","background-repeat":"repeat","background-position":"center center","background-size":"auto","background-attachment":"scroll","background-type":"","background-media":"","overlay-type":"","overlay-color":"","overlay-opacity":"","overlay-gradient":""},"mobile":{"background-color":"var(--ast-global-color-5)","background-image":"","background-repeat":"repeat","background-position":"center center","background-size":"auto","background-attachment":"scroll","background-type":"","background-media":"","overlay-type":"","overlay-color":"","overlay-opacity":"","overlay-gradient":""}}},"product_brand":[],"product_cat":[52,374,25,179,266],"product_tag":[],"class_list":{"0":"post-6192","1":"product","2":"type-product","3":"status-publish","4":"has-post-thumbnail","6":"product_cat-20th-century","7":"product_cat-alfred-seidel","8":"product_cat-deutsch","9":"product_cat-gemaelde","10":"product_cat-zeichnung","11":"desktop-align-center","12":"tablet-align-left","13":"mobile-align-left","15":"first","16":"instock","17":"taxable","18":"shipping-taxable","19":"product-type-simple"},"_links":{"self":[{"href":"https:\/\/collection.galerie-gerdes.com\/tr\/wp-json\/wp\/v2\/product\/6192","targetHints":{"allow":["GET"]}}],"collection":[{"href":"https:\/\/collection.galerie-gerdes.com\/tr\/wp-json\/wp\/v2\/product"}],"about":[{"href":"https:\/\/collection.galerie-gerdes.com\/tr\/wp-json\/wp\/v2\/types\/product"}],"wp:featuredmedia":[{"embeddable":true,"href":"https:\/\/collection.galerie-gerdes.com\/tr\/wp-json\/wp\/v2\/media\/6210"}],"wp:attachment":[{"href":"https:\/\/collection.galerie-gerdes.com\/tr\/wp-json\/wp\/v2\/media?parent=6192"}],"wp:term":[{"taxonomy":"product_brand","embeddable":true,"href":"https:\/\/collection.galerie-gerdes.com\/tr\/wp-json\/wp\/v2\/product_brand?post=6192"},{"taxonomy":"product_cat","embeddable":true,"href":"https:\/\/collection.galerie-gerdes.com\/tr\/wp-json\/wp\/v2\/product_cat?post=6192"},{"taxonomy":"product_tag","embeddable":true,"href":"https:\/\/collection.galerie-gerdes.com\/tr\/wp-json\/wp\/v2\/product_tag?post=6192"}],"curies":[{"name":"wp","href":"https:\/\/api.w.org\/{rel}","templated":true}]}}