{"id":201880,"date":"2024-07-27T00:32:52","date_gmt":"2024-07-26T22:32:52","guid":{"rendered":"https:\/\/www.collection.galerie-gerdes.com\/?post_type=product&#038;p=201880"},"modified":"2024-10-27T12:33:51","modified_gmt":"2024-10-27T11:33:51","slug":"personen-szene-federzeichnung-von-alfred-haushofer","status":"publish","type":"product","link":"https:\/\/collection.galerie-gerdes.com\/uk\/p\/personen-szene-federzeichnung-von-alfred-haushofer\/","title":{"rendered":"Personen-Szene | Federzeichnung von Alfred Haushofer"},"content":{"rendered":"<p>Alfred Haushofer (*16. M\u00e4rz 1872 in M\u00fcnchen; \u20204. Juli 1943 in Seebruck am Chiemsee) war ein deutscher Landschaftsmaler, Zeichner und Illustrator, der sich mit Darstellungen der oberbayerischen Natur und Landschaft einen Namen machte.<\/p>\n<p>Er entstammte einer bedeutenden M\u00fcnchner Familie: Sein Vater, Max Haushofer Jr., war Professor f\u00fcr National\u00f6konomie und Statistik, und sein Gro\u00dfvater Maximilian Haushofer war ein angesehener Maler. Alfred Haushofers Geschwister waren der Geograf Karl Haushofer und die K\u00fcnstlerin sowie Frauenrechtlerin Marie Haushofer. Alfred war der Onkel des Schriftstellers und NS-Widerstandsk\u00e4mpfers Albrecht Haushofer.<\/p>\n<p>Haushofer besuchte das Maximiliansgymnasium in M\u00fcnchen und begann 1891 seine k\u00fcnstlerische Ausbildung an der Kunstakademie M\u00fcnchen bei Gabriel Hackl, wo er sich der Natur- und Landschaftsmalerei widmete. Im Jahr 1907 heiratete er Mathilde Luber und zog mit ihr an den Chiemsee, wo er in Seebruck ein Haus baute, das fortan seine Heimat und Arbeitsst\u00e4tte wurde. Dort entstanden zahlreiche Landschaftsbilder, die sich der oberbayerischen Natur widmeten und die Region des Chiemsees in den Fokus nahmen.<\/p>\n<p>W\u00e4hrend des Ersten Weltkriegs diente Haushofer als Hauptmann der Reserve und wurde f\u00fcr seine Verdienste mit dem Eisernen Kreuz II. Klasse sowie dem Bayerischen Milit\u00e4rverdienstorden ausgezeichnet. Nach dem Krieg kehrte er nach Seebruck zur\u00fcck, wo er weiterhin als Maler t\u00e4tig war. Alfred Haushofer verstarb 1943 im Alter von 71 Jahren und wurde auf der Insel Frauenchiemsee beigesetzt.<\/p>\n","protected":false},"excerpt":{"rendered":"<p>Alfred Haushofer (1872-1943)<\/p>\n","protected":false},"featured_media":201886,"template":"","meta":{"site-sidebar-layout":"default","site-content-layout":"","ast-site-content-layout":"default","site-content-style":"default","site-sidebar-style":"default","ast-global-header-display":"","ast-banner-title-visibility":"","ast-main-header-display":"","ast-hfb-above-header-display":"","ast-hfb-below-header-display":"","ast-hfb-mobile-header-display":"","site-post-title":"","ast-breadcrumbs-content":"","ast-featured-img":"","footer-sml-layout":"","ast-disable-related-posts":"","theme-transparent-header-meta":"default","adv-header-id-meta":"","stick-header-meta":"","header-above-stick-meta":"","header-main-stick-meta":"","header-below-stick-meta":"","astra-migrate-meta-layouts":"set","ast-page-background-enabled":"default","ast-page-background-meta":{"desktop":{"background-color":"var(--ast-global-color-4)","background-image":"","background-repeat":"repeat","background-position":"center center","background-size":"auto","background-attachment":"scroll","background-type":"","background-media":"","overlay-type":"","overlay-color":"","overlay-opacity":"","overlay-gradient":""},"tablet":{"background-color":"","background-image":"","background-repeat":"repeat","background-position":"center center","background-size":"auto","background-attachment":"scroll","background-type":"","background-media":"","overlay-type":"","overlay-color":"","overlay-opacity":"","overlay-gradient":""},"mobile":{"background-color":"","background-image":"","background-repeat":"repeat","background-position":"center center","background-size":"auto","background-attachment":"scroll","background-type":"","background-media":"","overlay-type":"","overlay-color":"","overlay-opacity":"","overlay-gradient":""}},"ast-content-background-meta":{"desktop":{"background-color":"var(--ast-global-color-5)","background-image":"","background-repeat":"repeat","background-position":"center center","background-size":"auto","background-attachment":"scroll","background-type":"","background-media":"","overlay-type":"","overlay-color":"","overlay-opacity":"","overlay-gradient":""},"tablet":{"background-color":"var(--ast-global-color-5)","background-image":"","background-repeat":"repeat","background-position":"center center","background-size":"auto","background-attachment":"scroll","background-type":"","background-media":"","overlay-type":"","overlay-color":"","overlay-opacity":"","overlay-gradient":""},"mobile":{"background-color":"var(--ast-global-color-5)","background-image":"","background-repeat":"repeat","background-position":"center center","background-size":"auto","background-attachment":"scroll","background-type":"","background-media":"","overlay-type":"","overlay-color":"","overlay-opacity":"","overlay-gradient":""}}},"product_brand":[],"product_cat":[14295,25,179,424,266],"product_tag":[],"class_list":{"0":"post-201880","1":"product","2":"type-product","3":"status-publish","4":"has-post-thumbnail","6":"product_cat-alfred-haushofer","7":"product_cat-deutsch","8":"product_cat-gemaelde","9":"product_cat-karikaturen","10":"product_cat-zeichnung","11":"desktop-align-center","12":"tablet-align-left","13":"mobile-align-left","15":"first","16":"instock","17":"taxable","18":"shipping-taxable","19":"product-type-simple"},"_links":{"self":[{"href":"https:\/\/collection.galerie-gerdes.com\/uk\/wp-json\/wp\/v2\/product\/201880","targetHints":{"allow":["GET"]}}],"collection":[{"href":"https:\/\/collection.galerie-gerdes.com\/uk\/wp-json\/wp\/v2\/product"}],"about":[{"href":"https:\/\/collection.galerie-gerdes.com\/uk\/wp-json\/wp\/v2\/types\/product"}],"wp:featuredmedia":[{"embeddable":true,"href":"https:\/\/collection.galerie-gerdes.com\/uk\/wp-json\/wp\/v2\/media\/201886"}],"wp:attachment":[{"href":"https:\/\/collection.galerie-gerdes.com\/uk\/wp-json\/wp\/v2\/media?parent=201880"}],"wp:term":[{"taxonomy":"product_brand","embeddable":true,"href":"https:\/\/collection.galerie-gerdes.com\/uk\/wp-json\/wp\/v2\/product_brand?post=201880"},{"taxonomy":"product_cat","embeddable":true,"href":"https:\/\/collection.galerie-gerdes.com\/uk\/wp-json\/wp\/v2\/product_cat?post=201880"},{"taxonomy":"product_tag","embeddable":true,"href":"https:\/\/collection.galerie-gerdes.com\/uk\/wp-json\/wp\/v2\/product_tag?post=201880"}],"curies":[{"name":"wp","href":"https:\/\/api.w.org\/{rel}","templated":true}]}}