{"id":304798,"date":"2025-02-20T19:54:48","date_gmt":"2025-02-20T18:54:48","guid":{"rendered":"https:\/\/collection.galerie-gerdes.com\/?post_type=product&#038;p=304798"},"modified":"2025-02-20T19:54:49","modified_gmt":"2025-02-20T18:54:49","slug":"isarfloesser-1885-zeichnung-von-august-roeseler","status":"publish","type":"product","link":"https:\/\/collection.galerie-gerdes.com\/uk\/p\/isarfloesser-1885-zeichnung-von-august-roeseler\/","title":{"rendered":"Isarfl\u00f6sser, 1885 | Zeichnung von August Roeseler"},"content":{"rendered":"<p>August Roeseler, geboren am 1. Mai 1866 in Hamburg und verstorben vermutlich im Juni 1934 in M\u00fcnchen, war ein deutscher Maler, Zeichner, Radierer und Karikaturist. Er erlangte besondere Bekanntheit f\u00fcr seine humorvollen Darstellungen des M\u00fcnchner Kleinb\u00fcrgertums und seine zahlreichen Illustrationen von Hunden, insbesondere Dackeln \u2013 ein Motiv, das ihm den Beinamen \u201eDackelmaler\u201c einbrachte.<\/p>\n<p>Seine k\u00fcnstlerische Laufbahn begann mit einem Studium an der K\u00f6niglichen Akademie der K\u00fcnste in M\u00fcnchen, das er am 15. Oktober 1884 aufnahm. Dort wurde er von Wilhelm von Lindenschmit dem J\u00fcngeren unterrichtet. Nach dem Studium widmete er sich intensiv der Illustration und Karikatur und arbeitete f\u00fcr namhafte satirische Zeitschriften wie Fliegende Bl\u00e4tter, Jugend und Simplicissimus.<\/p>\n<p>Neben seiner T\u00e4tigkeit als Karikaturist besch\u00e4ftigte sich Roeseler auch mit der Malerei und Plakatkunst. Seine humorvollen Werke spiegeln das Alltagsleben seiner Zeit wider und erfreuten sich gro\u00dfer Beliebtheit.<\/p>\n","protected":false},"excerpt":{"rendered":"<p>August Roeseler (1866 &#8211; 1934)<\/p>\n","protected":false},"featured_media":305107,"template":"","meta":{"site-sidebar-layout":"default","site-content-layout":"","ast-site-content-layout":"default","site-content-style":"default","site-sidebar-style":"default","ast-global-header-display":"","ast-banner-title-visibility":"","ast-main-header-display":"","ast-hfb-above-header-display":"","ast-hfb-below-header-display":"","ast-hfb-mobile-header-display":"","site-post-title":"","ast-breadcrumbs-content":"","ast-featured-img":"","footer-sml-layout":"","ast-disable-related-posts":"","theme-transparent-header-meta":"default","adv-header-id-meta":"","stick-header-meta":"","header-above-stick-meta":"","header-main-stick-meta":"","header-below-stick-meta":"","astra-migrate-meta-layouts":"set","ast-page-background-enabled":"default","ast-page-background-meta":{"desktop":{"background-color":"var(--ast-global-color-4)","background-image":"","background-repeat":"repeat","background-position":"center center","background-size":"auto","background-attachment":"scroll","background-type":"","background-media":"","overlay-type":"","overlay-color":"","overlay-opacity":"","overlay-gradient":""},"tablet":{"background-color":"","background-image":"","background-repeat":"repeat","background-position":"center center","background-size":"auto","background-attachment":"scroll","background-type":"","background-media":"","overlay-type":"","overlay-color":"","overlay-opacity":"","overlay-gradient":""},"mobile":{"background-color":"","background-image":"","background-repeat":"repeat","background-position":"center center","background-size":"auto","background-attachment":"scroll","background-type":"","background-media":"","overlay-type":"","overlay-color":"","overlay-opacity":"","overlay-gradient":""}},"ast-content-background-meta":{"desktop":{"background-color":"var(--ast-global-color-5)","background-image":"","background-repeat":"repeat","background-position":"center center","background-size":"auto","background-attachment":"scroll","background-type":"","background-media":"","overlay-type":"","overlay-color":"","overlay-opacity":"","overlay-gradient":""},"tablet":{"background-color":"var(--ast-global-color-5)","background-image":"","background-repeat":"repeat","background-position":"center center","background-size":"auto","background-attachment":"scroll","background-type":"","background-media":"","overlay-type":"","overlay-color":"","overlay-opacity":"","overlay-gradient":""},"mobile":{"background-color":"var(--ast-global-color-5)","background-image":"","background-repeat":"repeat","background-position":"center center","background-size":"auto","background-attachment":"scroll","background-type":"","background-media":"","overlay-type":"","overlay-color":"","overlay-opacity":"","overlay-gradient":""}}},"product_brand":[],"product_cat":[14738],"product_tag":[],"class_list":{"0":"post-304798","1":"product","2":"type-product","3":"status-publish","4":"has-post-thumbnail","6":"product_cat-august-roeseler","7":"desktop-align-center","8":"tablet-align-left","9":"mobile-align-left","11":"first","12":"instock","13":"taxable","14":"shipping-taxable","15":"product-type-simple"},"_links":{"self":[{"href":"https:\/\/collection.galerie-gerdes.com\/uk\/wp-json\/wp\/v2\/product\/304798","targetHints":{"allow":["GET"]}}],"collection":[{"href":"https:\/\/collection.galerie-gerdes.com\/uk\/wp-json\/wp\/v2\/product"}],"about":[{"href":"https:\/\/collection.galerie-gerdes.com\/uk\/wp-json\/wp\/v2\/types\/product"}],"wp:featuredmedia":[{"embeddable":true,"href":"https:\/\/collection.galerie-gerdes.com\/uk\/wp-json\/wp\/v2\/media\/305107"}],"wp:attachment":[{"href":"https:\/\/collection.galerie-gerdes.com\/uk\/wp-json\/wp\/v2\/media?parent=304798"}],"wp:term":[{"taxonomy":"product_brand","embeddable":true,"href":"https:\/\/collection.galerie-gerdes.com\/uk\/wp-json\/wp\/v2\/product_brand?post=304798"},{"taxonomy":"product_cat","embeddable":true,"href":"https:\/\/collection.galerie-gerdes.com\/uk\/wp-json\/wp\/v2\/product_cat?post=304798"},{"taxonomy":"product_tag","embeddable":true,"href":"https:\/\/collection.galerie-gerdes.com\/uk\/wp-json\/wp\/v2\/product_tag?post=304798"}],"curies":[{"name":"wp","href":"https:\/\/api.w.org\/{rel}","templated":true}]}}