{"id":3654,"date":"2024-03-13T13:27:51","date_gmt":"2024-03-13T12:27:51","guid":{"rendered":"https:\/\/collection.galerie-gerdes.com\/?post_type=product&#038;p=3654"},"modified":"2024-05-21T13:04:37","modified_gmt":"2024-05-21T11:04:37","slug":"romantische-seelandschaft-mit-booten-berthold-hellingrath","status":"publish","type":"product","link":"https:\/\/collection.galerie-gerdes.com\/uk\/p\/romantische-seelandschaft-mit-booten-berthold-hellingrath\/","title":{"rendered":"Romantische Seelandschaft mit Booten, Berthold HELLINGRATH"},"content":{"rendered":"<p>Berthold Franz Hellingrath wurde am 27. Oktober 1877 in Elbing, Westpreu\u00dfen, geboren und verstarb am 15. Dezember 1954 in Hannover. Er war ein renommierter deutscher Maler, Radierer und Hochschullehrer.<\/p>\n<p>Hellingrath war der Sohn eines Rheinl\u00e4nders und einer Schlesierin. Im Alter von f\u00fcnf Jahren zog er mit seinen Eltern, Bertha und Franz Hellingrath, nach Danzig. Dort erhielt er seine erste k\u00fcnstlerische Ausbildung an der Provinzial-Kunstschule unter der Anleitung von Wilhelm August Stryowski (1834\u20131917) und Bernhard Sturmhoefel (1853\u20131913). Anschlie\u00dfend studierte er von 1899 bis 1905 an der Kunstakademie Dresden und war Sch\u00fcler von Gotthardt Kuehl. Das Studium in Dresden wurde auf Anraten von Arthur Bendrat aufgenommen, den er w\u00e4hrend Bendrats Studienreise nach Danzig kennengelernt hatte und mit dem er eine lebenslange Freundschaft pflegte. Ab 1907 f\u00fchrte Hellingrath sein eigenes Atelier in Dresden, wo er mit Erich Heckel, dem Mitbegr\u00fcnder der K\u00fcnstlergruppe &#8220;Die Br\u00fccke&#8221; (1905), sowie mit Max Pechstein in Kontakt stand. Zus\u00e4tzlich bereiste er h\u00e4ufig die Ostsee und hielt sich oft in Danzig auf.<\/p>\n<p>Im Jahr 1925 wurde Hellingrath zum Dozenten f\u00fcr Architekturmalerei, Proportionslehre und Freihandzeichnen f\u00fcr Bauingenieure an der Technischen Hochschule Hannover ernannt. Seine Verdienste wurden 1928 durch die Ernennung zum Honorarprofessor anerkannt.<\/p>\n<p>Zum 1. Mai 1933 trat er der NSDAP bei (Mitgliedsnummer 2.956.334) und wurde ebenfalls Mitglied des Nationalsozialistischen Deutschen Dozentenbundes (NSDDB). Jedoch wurden ihm im Oktober 1935 die Partei\u00e4mter auf Lebenszeit aberkannt. Die Nationalsozialisten lehnten seine Malerei ab, was dazu f\u00fchrte, dass Hellingrath im Jahr 1937 wegen &#8220;artfremder Malerei&#8221; aus der Reichskunstkammer ausgeschlossen wurde. Ein gro\u00dfer Teil seiner Werke ging durch Ausbombung unwiederbringlich verloren.<\/p>\n<p>Er verstarb 1954 an den Folgen eines Verkehrsunfalls.<\/p>\n","protected":false},"excerpt":{"rendered":"<p>Berthold HELLINGRATH (1877-1954)<\/p>\n","protected":false},"featured_media":3676,"template":"","meta":{"site-sidebar-layout":"default","site-content-layout":"","ast-site-content-layout":"default","site-content-style":"default","site-sidebar-style":"default","ast-global-header-display":"","ast-banner-title-visibility":"","ast-main-header-display":"","ast-hfb-above-header-display":"","ast-hfb-below-header-display":"","ast-hfb-mobile-header-display":"","site-post-title":"","ast-breadcrumbs-content":"","ast-featured-img":"","footer-sml-layout":"","ast-disable-related-posts":"","theme-transparent-header-meta":"default","adv-header-id-meta":"","stick-header-meta":"","header-above-stick-meta":"","header-main-stick-meta":"","header-below-stick-meta":"","astra-migrate-meta-layouts":"set","ast-page-background-enabled":"default","ast-page-background-meta":{"desktop":{"background-color":"var(--ast-global-color-4)","background-image":"","background-repeat":"repeat","background-position":"center center","background-size":"auto","background-attachment":"scroll","background-type":"","background-media":"","overlay-type":"","overlay-color":"","overlay-opacity":"","overlay-gradient":""},"tablet":{"background-color":"","background-image":"","background-repeat":"repeat","background-position":"center center","background-size":"auto","background-attachment":"scroll","background-type":"","background-media":"","overlay-type":"","overlay-color":"","overlay-opacity":"","overlay-gradient":""},"mobile":{"background-color":"","background-image":"","background-repeat":"repeat","background-position":"center center","background-size":"auto","background-attachment":"scroll","background-type":"","background-media":"","overlay-type":"","overlay-color":"","overlay-opacity":"","overlay-gradient":""}},"ast-content-background-meta":{"desktop":{"background-color":"var(--ast-global-color-5)","background-image":"","background-repeat":"repeat","background-position":"center center","background-size":"auto","background-attachment":"scroll","background-type":"","background-media":"","overlay-type":"","overlay-color":"","overlay-opacity":"","overlay-gradient":""},"tablet":{"background-color":"var(--ast-global-color-5)","background-image":"","background-repeat":"repeat","background-position":"center center","background-size":"auto","background-attachment":"scroll","background-type":"","background-media":"","overlay-type":"","overlay-color":"","overlay-opacity":"","overlay-gradient":""},"mobile":{"background-color":"var(--ast-global-color-5)","background-image":"","background-repeat":"repeat","background-position":"center center","background-size":"auto","background-attachment":"scroll","background-type":"","background-media":"","overlay-type":"","overlay-color":"","overlay-opacity":"","overlay-gradient":""}}},"product_brand":[],"product_cat":[52,255,25,179,409],"product_tag":[364,362,363,74,361,365],"class_list":{"0":"post-3654","1":"product","2":"type-product","3":"status-publish","4":"has-post-thumbnail","6":"product_cat-20th-century","7":"product_cat-berthold-hellingrath","8":"product_cat-deutsch","9":"product_cat-gemaelde","10":"product_cat-landschaft","11":"product_tag-art","12":"product_tag-gemalde","13":"product_tag-kunst","14":"product_tag-painting","15":"product_tag-peintures","16":"product_tag-pittura","17":"desktop-align-center","18":"tablet-align-left","19":"mobile-align-left","21":"first","22":"instock","23":"taxable","24":"shipping-taxable","25":"product-type-simple"},"_links":{"self":[{"href":"https:\/\/collection.galerie-gerdes.com\/uk\/wp-json\/wp\/v2\/product\/3654","targetHints":{"allow":["GET"]}}],"collection":[{"href":"https:\/\/collection.galerie-gerdes.com\/uk\/wp-json\/wp\/v2\/product"}],"about":[{"href":"https:\/\/collection.galerie-gerdes.com\/uk\/wp-json\/wp\/v2\/types\/product"}],"wp:featuredmedia":[{"embeddable":true,"href":"https:\/\/collection.galerie-gerdes.com\/uk\/wp-json\/wp\/v2\/media\/3676"}],"wp:attachment":[{"href":"https:\/\/collection.galerie-gerdes.com\/uk\/wp-json\/wp\/v2\/media?parent=3654"}],"wp:term":[{"taxonomy":"product_brand","embeddable":true,"href":"https:\/\/collection.galerie-gerdes.com\/uk\/wp-json\/wp\/v2\/product_brand?post=3654"},{"taxonomy":"product_cat","embeddable":true,"href":"https:\/\/collection.galerie-gerdes.com\/uk\/wp-json\/wp\/v2\/product_cat?post=3654"},{"taxonomy":"product_tag","embeddable":true,"href":"https:\/\/collection.galerie-gerdes.com\/uk\/wp-json\/wp\/v2\/product_tag?post=3654"}],"curies":[{"name":"wp","href":"https:\/\/api.w.org\/{rel}","templated":true}]}}