{"id":369087,"date":"2025-11-16T15:31:00","date_gmt":"2025-11-16T14:31:00","guid":{"rendered":"https:\/\/collection.galerie-gerdes.com\/?post_type=product&#038;p=369087"},"modified":"2026-01-07T20:03:31","modified_gmt":"2026-01-07T19:03:31","slug":"blumenstillleben-1925-gemaelde-von-johanna-dann","status":"publish","type":"product","link":"https:\/\/collection.galerie-gerdes.com\/uk\/p\/blumenstillleben-1925-gemaelde-von-johanna-dann\/","title":{"rendered":"Blumenstillleben, 1925 | Gem\u00e4lde von Johanna Dann"},"content":{"rendered":"<p data-start=\"84\" data-end=\"347\"><strong data-start=\"84\" data-end=\"100\">Johanna Dann<\/strong> (1878\u20131974), geboren in F\u00fcrfeld bei Bad Rappenau, war eine in Stuttgart t\u00e4tige Malerin und z\u00e4hlt zu den Schw\u00e4bischen Impressionistinnen. Besonders ihre Landschafts- und Blumenbilder fanden wegen ihrer charakteristischen Lichtgestaltung Beachtung.<\/p>\n<p data-start=\"349\" data-end=\"792\">Sie wurde am 22. Dezember 1878 als \u00e4lteste Tochter des Pfarrers Karl Theodor Dann (1844\u20131915) und seiner Frau Thekla, geb. Neuffer (1844\u20131933), geboren. Nach mehreren Pfarrortwechseln der Familie wuchs sie in Fl\u00f6zlingen, Steinenbronn und Pleidelsheim auf. Im Alter von 27 Jahren nahm sie zun\u00e4chst privaten Kunstunterricht, bevor sie ab 1907 an der Stuttgarter Kunstakademie studierte und dort Sch\u00fclerin von Gustav Igler und Rudolf Yelin wurde.<\/p>\n<p data-start=\"794\" data-end=\"1265\">Ab etwa 1918 lebte sie in der Olgastra\u00dfe 64 in Stuttgart. Sie engagierte sich im W\u00fcrttemberger Malerinnen-Verein, dessen Kassenf\u00fchrerin sie war, und arbeitete in einem Atelier im vereinseigenen Atelierhaus. Ein gro\u00dfer Teil ihres Schaffens ging bei Luftangriffen auf Stuttgart w\u00e4hrend des Zweiten Weltkriegs verloren. Nach Kriegsende wirkte sie im Ausschuss mit, der aus den Resten des Malerinnen-Vereins den Bund Bildender K\u00fcnstlerinnen W\u00fcrttembergs (BBK\/W) neu gr\u00fcndete.<\/p>\n<p data-start=\"1267\" data-end=\"1520\">Ihren Lebensabend verbrachte Johanna Dann im st\u00e4dtischen Altenheim in Stuttgart-Berg, wo sie am 28. November 1974 verstarb. Werke von ihr wurden 2025 in einer Ausstellung Schw\u00e4bischer Impressionistinnen in der St\u00e4dtischen Galerie Bietigheim pr\u00e4sentiert.<\/p>\n","protected":false},"excerpt":{"rendered":"<p>Johanna Dann (1878-1986)<\/p>\n","protected":false},"featured_media":369469,"template":"","meta":{"site-sidebar-layout":"default","site-content-layout":"","ast-site-content-layout":"default","site-content-style":"default","site-sidebar-style":"default","ast-global-header-display":"","ast-banner-title-visibility":"","ast-main-header-display":"","ast-hfb-above-header-display":"","ast-hfb-below-header-display":"","ast-hfb-mobile-header-display":"","site-post-title":"","ast-breadcrumbs-content":"","ast-featured-img":"","footer-sml-layout":"","ast-disable-related-posts":"","theme-transparent-header-meta":"default","adv-header-id-meta":"","stick-header-meta":"","header-above-stick-meta":"","header-main-stick-meta":"","header-below-stick-meta":"","astra-migrate-meta-layouts":"set","ast-page-background-enabled":"default","ast-page-background-meta":{"desktop":{"background-color":"var(--ast-global-color-4)","background-image":"","background-repeat":"repeat","background-position":"center center","background-size":"auto","background-attachment":"scroll","background-type":"","background-media":"","overlay-type":"","overlay-color":"","overlay-opacity":"","overlay-gradient":""},"tablet":{"background-color":"","background-image":"","background-repeat":"repeat","background-position":"center center","background-size":"auto","background-attachment":"scroll","background-type":"","background-media":"","overlay-type":"","overlay-color":"","overlay-opacity":"","overlay-gradient":""},"mobile":{"background-color":"","background-image":"","background-repeat":"repeat","background-position":"center center","background-size":"auto","background-attachment":"scroll","background-type":"","background-media":"","overlay-type":"","overlay-color":"","overlay-opacity":"","overlay-gradient":""}},"ast-content-background-meta":{"desktop":{"background-color":"var(--ast-global-color-5)","background-image":"","background-repeat":"repeat","background-position":"center center","background-size":"auto","background-attachment":"scroll","background-type":"","background-media":"","overlay-type":"","overlay-color":"","overlay-opacity":"","overlay-gradient":""},"tablet":{"background-color":"var(--ast-global-color-5)","background-image":"","background-repeat":"repeat","background-position":"center center","background-size":"auto","background-attachment":"scroll","background-type":"","background-media":"","overlay-type":"","overlay-color":"","overlay-opacity":"","overlay-gradient":""},"mobile":{"background-color":"var(--ast-global-color-5)","background-image":"","background-repeat":"repeat","background-position":"center center","background-size":"auto","background-attachment":"scroll","background-type":"","background-media":"","overlay-type":"","overlay-color":"","overlay-opacity":"","overlay-gradient":""}}},"product_brand":[],"product_cat":[15296],"product_tag":[],"class_list":{"0":"post-369087","1":"product","2":"type-product","3":"status-publish","4":"has-post-thumbnail","6":"product_cat-johanna-dann","7":"desktop-align-center","8":"tablet-align-left","9":"mobile-align-left","11":"first","12":"instock","13":"taxable","14":"shipping-taxable","15":"product-type-simple"},"_links":{"self":[{"href":"https:\/\/collection.galerie-gerdes.com\/uk\/wp-json\/wp\/v2\/product\/369087","targetHints":{"allow":["GET"]}}],"collection":[{"href":"https:\/\/collection.galerie-gerdes.com\/uk\/wp-json\/wp\/v2\/product"}],"about":[{"href":"https:\/\/collection.galerie-gerdes.com\/uk\/wp-json\/wp\/v2\/types\/product"}],"wp:featuredmedia":[{"embeddable":true,"href":"https:\/\/collection.galerie-gerdes.com\/uk\/wp-json\/wp\/v2\/media\/369469"}],"wp:attachment":[{"href":"https:\/\/collection.galerie-gerdes.com\/uk\/wp-json\/wp\/v2\/media?parent=369087"}],"wp:term":[{"taxonomy":"product_brand","embeddable":true,"href":"https:\/\/collection.galerie-gerdes.com\/uk\/wp-json\/wp\/v2\/product_brand?post=369087"},{"taxonomy":"product_cat","embeddable":true,"href":"https:\/\/collection.galerie-gerdes.com\/uk\/wp-json\/wp\/v2\/product_cat?post=369087"},{"taxonomy":"product_tag","embeddable":true,"href":"https:\/\/collection.galerie-gerdes.com\/uk\/wp-json\/wp\/v2\/product_tag?post=369087"}],"curies":[{"name":"wp","href":"https:\/\/api.w.org\/{rel}","templated":true}]}}