{"id":426,"date":"2023-12-25T17:56:05","date_gmt":"2023-12-25T16:56:05","guid":{"rendered":"https:\/\/collection.galerie-gerdes.com\/?post_type=product&#038;p=426"},"modified":"2024-04-24T14:04:07","modified_gmt":"2024-04-24T12:04:07","slug":"paul-haslbauer-1919-2016","status":"publish","type":"product","link":"https:\/\/collection.galerie-gerdes.com\/uk\/p\/paul-haslbauer-1919-2016\/","title":{"rendered":"Gem\u00e4lde, (Selbst-)Portr\u00e4t, Paul Haslbauer, gerahmt"},"content":{"rendered":"<p>Paul Haslbauer wurde am 1919 in M\u00fcnchen geboren und verstarb 2016 in M\u00fcnchen-Pasing. Er war ein renommierter deutscher Maler und Bildhauer.<\/p>\n<p>Haslbauer zeigte bereits in jungen Jahren eine gro\u00dfe k\u00fcnstlerische Begabung und Leidenschaft f\u00fcr die bildende Kunst. Nach seiner Schulzeit entschied er sich, seine k\u00fcnstlerische Ausbildung zu vertiefen, und begann ein Studium an der renommierten Akademie der Bildenden K\u00fcnste M\u00fcnchen.<\/p>\n<p>W\u00e4hrend seines Studiums entwickelte Haslbauer seinen eigenen Stil und seine k\u00fcnstlerische Stimme weiter. Er experimentierte mit verschiedenen Techniken und Materialien, sowohl in der Malerei als auch in der Bildhauerei. Seine Werke zeichneten sich durch eine kraftvolle Ausdrucksweise, eine sensible Beobachtungsgabe und eine tiefe emotionale Intensit\u00e4t aus.<\/p>\n","protected":false},"excerpt":{"rendered":"<p>Paul Haslbauer (1919-2016)<\/p>\n","protected":false},"featured_media":427,"template":"","meta":{"site-sidebar-layout":"default","site-content-layout":"","ast-site-content-layout":"default","site-content-style":"default","site-sidebar-style":"default","ast-global-header-display":"","ast-banner-title-visibility":"","ast-main-header-display":"","ast-hfb-above-header-display":"","ast-hfb-below-header-display":"","ast-hfb-mobile-header-display":"","site-post-title":"","ast-breadcrumbs-content":"","ast-featured-img":"","footer-sml-layout":"","ast-disable-related-posts":"","theme-transparent-header-meta":"default","adv-header-id-meta":"","stick-header-meta":"","header-above-stick-meta":"","header-main-stick-meta":"","header-below-stick-meta":"","astra-migrate-meta-layouts":"set","ast-page-background-enabled":"default","ast-page-background-meta":{"desktop":{"background-color":"var(--ast-global-color-4)","background-image":"","background-repeat":"repeat","background-position":"center center","background-size":"auto","background-attachment":"scroll","background-type":"","background-media":"","overlay-type":"","overlay-color":"","overlay-opacity":"","overlay-gradient":""},"tablet":{"background-color":"","background-image":"","background-repeat":"repeat","background-position":"center center","background-size":"auto","background-attachment":"scroll","background-type":"","background-media":"","overlay-type":"","overlay-color":"","overlay-opacity":"","overlay-gradient":""},"mobile":{"background-color":"","background-image":"","background-repeat":"repeat","background-position":"center center","background-size":"auto","background-attachment":"scroll","background-type":"","background-media":"","overlay-type":"","overlay-color":"","overlay-opacity":"","overlay-gradient":""}},"ast-content-background-meta":{"desktop":{"background-color":"var(--ast-global-color-5)","background-image":"","background-repeat":"repeat","background-position":"center center","background-size":"auto","background-attachment":"scroll","background-type":"","background-media":"","overlay-type":"","overlay-color":"","overlay-opacity":"","overlay-gradient":""},"tablet":{"background-color":"var(--ast-global-color-5)","background-image":"","background-repeat":"repeat","background-position":"center center","background-size":"auto","background-attachment":"scroll","background-type":"","background-media":"","overlay-type":"","overlay-color":"","overlay-opacity":"","overlay-gradient":""},"mobile":{"background-color":"var(--ast-global-color-5)","background-image":"","background-repeat":"repeat","background-position":"center center","background-size":"auto","background-attachment":"scroll","background-type":"","background-media":"","overlay-type":"","overlay-color":"","overlay-opacity":"","overlay-gradient":""}}},"product_brand":[],"product_cat":[179,147],"product_tag":[364,362,363,74,361,365],"class_list":{"0":"post-426","1":"product","2":"type-product","3":"status-publish","4":"has-post-thumbnail","6":"product_cat-gemaelde","7":"product_cat-paul-haslbauer","8":"product_tag-art","9":"product_tag-gemalde","10":"product_tag-kunst","11":"product_tag-painting","12":"product_tag-peintures","13":"product_tag-pittura","14":"desktop-align-center","15":"tablet-align-left","16":"mobile-align-left","18":"first","19":"instock","20":"taxable","21":"shipping-taxable","22":"product-type-simple"},"_links":{"self":[{"href":"https:\/\/collection.galerie-gerdes.com\/uk\/wp-json\/wp\/v2\/product\/426","targetHints":{"allow":["GET"]}}],"collection":[{"href":"https:\/\/collection.galerie-gerdes.com\/uk\/wp-json\/wp\/v2\/product"}],"about":[{"href":"https:\/\/collection.galerie-gerdes.com\/uk\/wp-json\/wp\/v2\/types\/product"}],"wp:featuredmedia":[{"embeddable":true,"href":"https:\/\/collection.galerie-gerdes.com\/uk\/wp-json\/wp\/v2\/media\/427"}],"wp:attachment":[{"href":"https:\/\/collection.galerie-gerdes.com\/uk\/wp-json\/wp\/v2\/media?parent=426"}],"wp:term":[{"taxonomy":"product_brand","embeddable":true,"href":"https:\/\/collection.galerie-gerdes.com\/uk\/wp-json\/wp\/v2\/product_brand?post=426"},{"taxonomy":"product_cat","embeddable":true,"href":"https:\/\/collection.galerie-gerdes.com\/uk\/wp-json\/wp\/v2\/product_cat?post=426"},{"taxonomy":"product_tag","embeddable":true,"href":"https:\/\/collection.galerie-gerdes.com\/uk\/wp-json\/wp\/v2\/product_tag?post=426"}],"curies":[{"name":"wp","href":"https:\/\/api.w.org\/{rel}","templated":true}]}}