{"id":175788,"date":"2024-06-15T16:40:37","date_gmt":"2024-06-15T14:40:37","guid":{"rendered":"https:\/\/collection.galerie-gerdes.com\/?post_type=product&#038;p=175788"},"modified":"2024-06-16T16:23:00","modified_gmt":"2024-06-16T14:23:00","slug":"hafenlandschaft-mit-personen-aquarell-von-philip-moysey","status":"publish","type":"product","link":"https:\/\/collection.galerie-gerdes.com\/zh-hans\/p\/hafenlandschaft-mit-personen-aquarell-von-philip-moysey\/","title":{"rendered":"Hafenlandschaft mit Personen | Aquarell von Philip MOYSEY"},"content":{"rendered":"<div class=\"flex-shrink-0 flex flex-col relative items-end\">\n<div>\n<div class=\"pt-0.5 juice:pt-0\">\n<div class=\"gizmo-bot-avatar flex h-6 w-6 items-center justify-center overflow-hidden rounded-full juice:h-8 juice:w-8\">\n<div class=\"relative p-1 rounded-sm flex items-center justify-center bg-token-main-surface-primary text-token-text-primary h-8 w-8\"><span style=\"font-size: 16px;\">Philip Moysey <\/span><span style=\"font-size: 16px;\">(1912-1991) wurde in London geboren und erhielt im Alter von 14 Jahren ein Kunststipendium des County of Middlesex. Er studierte an der Willesden Polytechnic. 1939 traf er in Cornwall den expressionistischen K\u00fcnstler Oskar Kokoschka, der ihn als Sch\u00fcler aufnahm und damit sein Leben nachhaltig beeinflusste. Moysey stellte zwischen 1948 und 1953 dreimal bei Waddington&#8217;s in Dublin, Irland, aus; die zweite Ausstellung im Jahr 1950 wurde von Kokoschka und Jack Yeats besucht. 1953 lud Kokoschka Moysey ein, an seiner School of Vision in Salzburg zu unterrichten.<\/span><\/div>\n<\/div>\n<\/div>\n<\/div>\n<\/div>\n<div class=\"group\/conversation-turn relative flex w-full min-w-0 flex-col agent-turn\">\n<div class=\"flex-col gap-1 md:gap-3\">\n<div class=\"flex flex-grow flex-col max-w-full\">\n<div class=\"min-h-[20px] text-message flex flex-col items-start whitespace-pre-wrap break-words [.text-message+&amp;]:mt-5 juice:w-full juice:items-end overflow-x-auto gap-2\" dir=\"auto\" data-message-author-role=\"assistant\" data-message-id=\"0478d622-faf1-4c44-ad2f-a1fc773225cb\">\n<div class=\"flex w-full flex-col gap-1 juice:empty:hidden juice:first:pt-[3px]\">\n<div class=\"markdown prose w-full break-words dark:prose-invert dark\">\n<p>1960 zeigte Moysey seine Werke erstmals in Nordamerika bei Raymond and Raymond in New York. 1963 wurden seine Arbeiten in der Ausstellung &#8220;Oskar Kokoschka und Sch\u00fcler&#8221; in der Wolfensberg Galerie in Z\u00fcrich sowie bei der Contemporary Art Society bei Agnew pr\u00e4sentiert.<\/p>\n<\/div>\n<\/div>\n<\/div>\n<\/div>\n<\/div>\n<\/div>\n","protected":false},"excerpt":{"rendered":"<p>Philip MOYSEY (1912-1991)<\/p>\n","protected":false},"featured_media":175850,"template":"","meta":{"site-sidebar-layout":"default","site-content-layout":"","ast-site-content-layout":"default","site-content-style":"default","site-sidebar-style":"default","ast-global-header-display":"","ast-banner-title-visibility":"","ast-main-header-display":"","ast-hfb-above-header-display":"","ast-hfb-below-header-display":"","ast-hfb-mobile-header-display":"","site-post-title":"","ast-breadcrumbs-content":"","ast-featured-img":"","footer-sml-layout":"","ast-disable-related-posts":"","theme-transparent-header-meta":"default","adv-header-id-meta":"","stick-header-meta":"","header-above-stick-meta":"","header-main-stick-meta":"","header-below-stick-meta":"","astra-migrate-meta-layouts":"set","ast-page-background-enabled":"default","ast-page-background-meta":{"desktop":{"background-color":"var(--ast-global-color-4)","background-image":"","background-repeat":"repeat","background-position":"center center","background-size":"auto","background-attachment":"scroll","background-type":"","background-media":"","overlay-type":"","overlay-color":"","overlay-opacity":"","overlay-gradient":""},"tablet":{"background-color":"","background-image":"","background-repeat":"repeat","background-position":"center center","background-size":"auto","background-attachment":"scroll","background-type":"","background-media":"","overlay-type":"","overlay-color":"","overlay-opacity":"","overlay-gradient":""},"mobile":{"background-color":"","background-image":"","background-repeat":"repeat","background-position":"center center","background-size":"auto","background-attachment":"scroll","background-type":"","background-media":"","overlay-type":"","overlay-color":"","overlay-opacity":"","overlay-gradient":""}},"ast-content-background-meta":{"desktop":{"background-color":"var(--ast-global-color-5)","background-image":"","background-repeat":"repeat","background-position":"center center","background-size":"auto","background-attachment":"scroll","background-type":"","background-media":"","overlay-type":"","overlay-color":"","overlay-opacity":"","overlay-gradient":""},"tablet":{"background-color":"var(--ast-global-color-5)","background-image":"","background-repeat":"repeat","background-position":"center center","background-size":"auto","background-attachment":"scroll","background-type":"","background-media":"","overlay-type":"","overlay-color":"","overlay-opacity":"","overlay-gradient":""},"mobile":{"background-color":"var(--ast-global-color-5)","background-image":"","background-repeat":"repeat","background-position":"center center","background-size":"auto","background-attachment":"scroll","background-type":"","background-media":"","overlay-type":"","overlay-color":"","overlay-opacity":"","overlay-gradient":""}}},"product_brand":[],"product_cat":[14272],"product_tag":[],"class_list":{"0":"post-175788","1":"product","2":"type-product","3":"status-publish","4":"has-post-thumbnail","6":"product_cat-philip-moysey","7":"desktop-align-center","8":"tablet-align-left","9":"mobile-align-left","11":"first","12":"instock","13":"taxable","14":"shipping-taxable","15":"product-type-simple"},"_links":{"self":[{"href":"https:\/\/collection.galerie-gerdes.com\/zh-hans\/wp-json\/wp\/v2\/product\/175788","targetHints":{"allow":["GET"]}}],"collection":[{"href":"https:\/\/collection.galerie-gerdes.com\/zh-hans\/wp-json\/wp\/v2\/product"}],"about":[{"href":"https:\/\/collection.galerie-gerdes.com\/zh-hans\/wp-json\/wp\/v2\/types\/product"}],"wp:featuredmedia":[{"embeddable":true,"href":"https:\/\/collection.galerie-gerdes.com\/zh-hans\/wp-json\/wp\/v2\/media\/175850"}],"wp:attachment":[{"href":"https:\/\/collection.galerie-gerdes.com\/zh-hans\/wp-json\/wp\/v2\/media?parent=175788"}],"wp:term":[{"taxonomy":"product_brand","embeddable":true,"href":"https:\/\/collection.galerie-gerdes.com\/zh-hans\/wp-json\/wp\/v2\/product_brand?post=175788"},{"taxonomy":"product_cat","embeddable":true,"href":"https:\/\/collection.galerie-gerdes.com\/zh-hans\/wp-json\/wp\/v2\/product_cat?post=175788"},{"taxonomy":"product_tag","embeddable":true,"href":"https:\/\/collection.galerie-gerdes.com\/zh-hans\/wp-json\/wp\/v2\/product_tag?post=175788"}],"curies":[{"name":"wp","href":"https:\/\/api.w.org\/{rel}","templated":true}]}}