{"id":222469,"date":"2024-08-15T23:30:06","date_gmt":"2024-08-15T21:30:06","guid":{"rendered":"https:\/\/www.collection.galerie-gerdes.com\/?post_type=product&#038;p=222469"},"modified":"2024-09-03T20:43:48","modified_gmt":"2024-09-03T18:43:48","slug":"weite-kieler-feld-landschaft-1940-gemaelde-von-berthold-exner","status":"publish","type":"product","link":"https:\/\/collection.galerie-gerdes.com\/zh-hans\/p\/weite-kieler-feld-landschaft-1940-gemaelde-von-berthold-exner\/","title":{"rendered":"Weite Kieler Feld-Landschaft, 1940 | Gem\u00e4lde von Berthold Exner"},"content":{"rendered":"<p>Berthold Exner wurde 1901 in Kiel geboren und verstarb dort im Jahr 1990. Er war ein vielseitiger K\u00fcnstler, der sich auf \u00d6lbilder, Aquarelle, Grafik und Zeichnungen spezialisierte. Seine k\u00fcnstlerische Ausbildung begann mit einer Lehre an der Kieler Handwerkerschule. Anschlie\u00dfend setzte er sein Studium von 1924 bis 1928 an der M\u00fcnchner Akademie der Bildenden K\u00fcnste fort.<\/p>\n<p>Nach dem Studium arbeitete Exner zun\u00e4chst als B\u00fchnenbildner am Kieler Stadttheater, bevor er sich als freischaffender K\u00fcnstler etablierte. Er war sowohl in Berlin als auch in seiner Heimatstadt Kiel t\u00e4tig. Exner erhielt viele Auftr\u00e4ge von der \u00f6ffentlichen Hand und pr\u00e4gte somit das kulturelle Leben in seinen Wirkungsorten entscheidend mit.<\/p>\n","protected":false},"excerpt":{"rendered":"<p>Berthold Exner (1901-1990)<\/p>\n","protected":false},"featured_media":222561,"template":"","meta":{"site-sidebar-layout":"default","site-content-layout":"","ast-site-content-layout":"default","site-content-style":"default","site-sidebar-style":"default","ast-global-header-display":"","ast-banner-title-visibility":"","ast-main-header-display":"","ast-hfb-above-header-display":"","ast-hfb-below-header-display":"","ast-hfb-mobile-header-display":"","site-post-title":"","ast-breadcrumbs-content":"","ast-featured-img":"","footer-sml-layout":"","ast-disable-related-posts":"","theme-transparent-header-meta":"default","adv-header-id-meta":"","stick-header-meta":"","header-above-stick-meta":"","header-main-stick-meta":"","header-below-stick-meta":"","astra-migrate-meta-layouts":"set","ast-page-background-enabled":"default","ast-page-background-meta":{"desktop":{"background-color":"var(--ast-global-color-4)","background-image":"","background-repeat":"repeat","background-position":"center center","background-size":"auto","background-attachment":"scroll","background-type":"","background-media":"","overlay-type":"","overlay-color":"","overlay-opacity":"","overlay-gradient":""},"tablet":{"background-color":"","background-image":"","background-repeat":"repeat","background-position":"center center","background-size":"auto","background-attachment":"scroll","background-type":"","background-media":"","overlay-type":"","overlay-color":"","overlay-opacity":"","overlay-gradient":""},"mobile":{"background-color":"","background-image":"","background-repeat":"repeat","background-position":"center center","background-size":"auto","background-attachment":"scroll","background-type":"","background-media":"","overlay-type":"","overlay-color":"","overlay-opacity":"","overlay-gradient":""}},"ast-content-background-meta":{"desktop":{"background-color":"var(--ast-global-color-5)","background-image":"","background-repeat":"repeat","background-position":"center center","background-size":"auto","background-attachment":"scroll","background-type":"","background-media":"","overlay-type":"","overlay-color":"","overlay-opacity":"","overlay-gradient":""},"tablet":{"background-color":"var(--ast-global-color-5)","background-image":"","background-repeat":"repeat","background-position":"center center","background-size":"auto","background-attachment":"scroll","background-type":"","background-media":"","overlay-type":"","overlay-color":"","overlay-opacity":"","overlay-gradient":""},"mobile":{"background-color":"var(--ast-global-color-5)","background-image":"","background-repeat":"repeat","background-position":"center center","background-size":"auto","background-attachment":"scroll","background-type":"","background-media":"","overlay-type":"","overlay-color":"","overlay-opacity":"","overlay-gradient":""}}},"product_brand":[],"product_cat":[14341],"product_tag":[],"class_list":{"0":"post-222469","1":"product","2":"type-product","3":"status-publish","4":"has-post-thumbnail","6":"product_cat-berthold-exner","7":"desktop-align-center","8":"tablet-align-left","9":"mobile-align-left","11":"first","12":"instock","13":"taxable","14":"shipping-taxable","15":"product-type-simple"},"_links":{"self":[{"href":"https:\/\/collection.galerie-gerdes.com\/zh-hans\/wp-json\/wp\/v2\/product\/222469","targetHints":{"allow":["GET"]}}],"collection":[{"href":"https:\/\/collection.galerie-gerdes.com\/zh-hans\/wp-json\/wp\/v2\/product"}],"about":[{"href":"https:\/\/collection.galerie-gerdes.com\/zh-hans\/wp-json\/wp\/v2\/types\/product"}],"wp:featuredmedia":[{"embeddable":true,"href":"https:\/\/collection.galerie-gerdes.com\/zh-hans\/wp-json\/wp\/v2\/media\/222561"}],"wp:attachment":[{"href":"https:\/\/collection.galerie-gerdes.com\/zh-hans\/wp-json\/wp\/v2\/media?parent=222469"}],"wp:term":[{"taxonomy":"product_brand","embeddable":true,"href":"https:\/\/collection.galerie-gerdes.com\/zh-hans\/wp-json\/wp\/v2\/product_brand?post=222469"},{"taxonomy":"product_cat","embeddable":true,"href":"https:\/\/collection.galerie-gerdes.com\/zh-hans\/wp-json\/wp\/v2\/product_cat?post=222469"},{"taxonomy":"product_tag","embeddable":true,"href":"https:\/\/collection.galerie-gerdes.com\/zh-hans\/wp-json\/wp\/v2\/product_tag?post=222469"}],"curies":[{"name":"wp","href":"https:\/\/api.w.org\/{rel}","templated":true}]}}