{"id":225244,"date":"2024-08-23T23:53:18","date_gmt":"2024-08-23T21:53:18","guid":{"rendered":"https:\/\/www.collection.galerie-gerdes.com\/?post_type=product&#038;p=225244"},"modified":"2024-09-03T20:43:47","modified_gmt":"2024-09-03T18:43:47","slug":"verliebtes-paar-federzeichnung-von-rudolf-wolf-meggendorfer-blaetter","status":"publish","type":"product","link":"https:\/\/collection.galerie-gerdes.com\/zh-hans\/p\/verliebtes-paar-federzeichnung-von-rudolf-wolf-meggendorfer-blaetter\/","title":{"rendered":"Verliebtes Paar | Federzeichnung von Rudolf Wolf | Meggendorfer-Bl\u00e4tter"},"content":{"rendered":"<p>Rudolf Wolf, eigentlich Rudolf Robert Wolf (* 1877 in Leipzig; \u2020 1940 in M\u00fcnchen), war ein deutscher Maler, Grafiker, Karikaturist und Illustrator. Er studierte an der Akademie Leipzig unter Paul Mohn und setzte ab 1905 sein Studium an der Akademie der Bildenden K\u00fcnste M\u00fcnchen bei Wilhelm von Dietz fort. Wolf stellte regelm\u00e4\u00dfig auf den Ausstellungen der M\u00fcnchner K\u00fcnstlergenossenschaft und im M\u00fcnchner Glaspalast aus.<\/p>\n<p>Bekannt wurde er als Mitarbeiter der \u201eMeggendorfer Bl\u00e4tter\u201c und der \u201eFliegenden Bl\u00e4tter\u201c, zwei f\u00fchrenden humoristischen Zeitschriften M\u00fcnchens. Er war Mitglied der M\u00fcnchner K\u00fcnstlergenossenschaft, des Verbands Deutscher Illustratoren, der M\u00fcnchner K\u00fcnstlervereinigung \u201eDer Bund\u201c sowie des Reichsverbandes Bildender K\u00fcnstler Deutschlands. Sein k\u00fcnstlerisches Schaffen war haupts\u00e4chlich in M\u00fcnchen angesiedelt.<\/p>\n","protected":false},"excerpt":{"rendered":"<p>Rudolf Wolf (1877-1940)<\/p>\n","protected":false},"featured_media":225974,"template":"","meta":{"site-sidebar-layout":"default","site-content-layout":"","ast-site-content-layout":"default","site-content-style":"default","site-sidebar-style":"default","ast-global-header-display":"","ast-banner-title-visibility":"","ast-main-header-display":"","ast-hfb-above-header-display":"","ast-hfb-below-header-display":"","ast-hfb-mobile-header-display":"","site-post-title":"","ast-breadcrumbs-content":"","ast-featured-img":"","footer-sml-layout":"","ast-disable-related-posts":"","theme-transparent-header-meta":"default","adv-header-id-meta":"","stick-header-meta":"","header-above-stick-meta":"","header-main-stick-meta":"","header-below-stick-meta":"","astra-migrate-meta-layouts":"set","ast-page-background-enabled":"default","ast-page-background-meta":{"desktop":{"background-color":"var(--ast-global-color-4)","background-image":"","background-repeat":"repeat","background-position":"center center","background-size":"auto","background-attachment":"scroll","background-type":"","background-media":"","overlay-type":"","overlay-color":"","overlay-opacity":"","overlay-gradient":""},"tablet":{"background-color":"","background-image":"","background-repeat":"repeat","background-position":"center center","background-size":"auto","background-attachment":"scroll","background-type":"","background-media":"","overlay-type":"","overlay-color":"","overlay-opacity":"","overlay-gradient":""},"mobile":{"background-color":"","background-image":"","background-repeat":"repeat","background-position":"center center","background-size":"auto","background-attachment":"scroll","background-type":"","background-media":"","overlay-type":"","overlay-color":"","overlay-opacity":"","overlay-gradient":""}},"ast-content-background-meta":{"desktop":{"background-color":"var(--ast-global-color-5)","background-image":"","background-repeat":"repeat","background-position":"center center","background-size":"auto","background-attachment":"scroll","background-type":"","background-media":"","overlay-type":"","overlay-color":"","overlay-opacity":"","overlay-gradient":""},"tablet":{"background-color":"var(--ast-global-color-5)","background-image":"","background-repeat":"repeat","background-position":"center center","background-size":"auto","background-attachment":"scroll","background-type":"","background-media":"","overlay-type":"","overlay-color":"","overlay-opacity":"","overlay-gradient":""},"mobile":{"background-color":"var(--ast-global-color-5)","background-image":"","background-repeat":"repeat","background-position":"center center","background-size":"auto","background-attachment":"scroll","background-type":"","background-media":"","overlay-type":"","overlay-color":"","overlay-opacity":"","overlay-gradient":""}}},"product_brand":[],"product_cat":[52,25,424,382,14348,266],"product_tag":[],"class_list":{"0":"post-225244","1":"product","2":"type-product","3":"status-publish","4":"has-post-thumbnail","6":"product_cat-20th-century","7":"product_cat-deutsch","8":"product_cat-karikaturen","9":"product_cat-meggendorfer-blatter","10":"product_cat-rudolf-wolf","11":"product_cat-zeichnung","12":"desktop-align-center","13":"tablet-align-left","14":"mobile-align-left","16":"first","17":"instock","18":"taxable","19":"shipping-taxable","20":"product-type-simple"},"_links":{"self":[{"href":"https:\/\/collection.galerie-gerdes.com\/zh-hans\/wp-json\/wp\/v2\/product\/225244","targetHints":{"allow":["GET"]}}],"collection":[{"href":"https:\/\/collection.galerie-gerdes.com\/zh-hans\/wp-json\/wp\/v2\/product"}],"about":[{"href":"https:\/\/collection.galerie-gerdes.com\/zh-hans\/wp-json\/wp\/v2\/types\/product"}],"wp:featuredmedia":[{"embeddable":true,"href":"https:\/\/collection.galerie-gerdes.com\/zh-hans\/wp-json\/wp\/v2\/media\/225974"}],"wp:attachment":[{"href":"https:\/\/collection.galerie-gerdes.com\/zh-hans\/wp-json\/wp\/v2\/media?parent=225244"}],"wp:term":[{"taxonomy":"product_brand","embeddable":true,"href":"https:\/\/collection.galerie-gerdes.com\/zh-hans\/wp-json\/wp\/v2\/product_brand?post=225244"},{"taxonomy":"product_cat","embeddable":true,"href":"https:\/\/collection.galerie-gerdes.com\/zh-hans\/wp-json\/wp\/v2\/product_cat?post=225244"},{"taxonomy":"product_tag","embeddable":true,"href":"https:\/\/collection.galerie-gerdes.com\/zh-hans\/wp-json\/wp\/v2\/product_tag?post=225244"}],"curies":[{"name":"wp","href":"https:\/\/api.w.org\/{rel}","templated":true}]}}