{"id":255774,"date":"2024-10-23T23:37:44","date_gmt":"2024-10-23T21:37:44","guid":{"rendered":"https:\/\/www.collection.galerie-gerdes.com\/?post_type=product&#038;p=255774"},"modified":"2024-10-29T17:42:28","modified_gmt":"2024-10-29T16:42:28","slug":"landschaft-bei-dachau-gemaelde-von-simon-hohenegger","status":"publish","type":"product","link":"https:\/\/collection.galerie-gerdes.com\/zh-hans\/p\/landschaft-bei-dachau-gemaelde-von-simon-hohenegger\/","title":{"rendered":"Landschaft bei Dachau | Gem\u00e4lde von Simon Hohenegger"},"content":{"rendered":"<p>Simon Hohenegger (* 13. Januar 1898 in Dachau; \u2020 21. Mai 1990 ebenda) war ein deutscher Maler, bekannt f\u00fcr seine Landschaftsgem\u00e4lde der Dachauer Umgebung. Als \u00e4ltestes von vier Kindern eines Arbeiters und einer Hausfrau zeigte Hohenegger schon fr\u00fch eine Begabung f\u00fcr das Zeichnen. Nach dem Besuch der Volksschule absolvierte er eine Malerlehre, entschied sich jedoch f\u00fcr den autodidaktischen Weg als K\u00fcnstler. 1928 heiratete er Sofie Hartmann, und das Paar hatte einen Sohn, Alfred Hohenegger (* 1928), der sp\u00e4ter selbst als Kunstmaler in Rom bekannt wurde.<\/p>\n<p>Hoheneggers Werk konzentrierte sich auf \u00d6lmalerei, h\u00e4ufig im kleinen Format. Seine bevorzugten Motive entstammten der Landschaft seiner Heimat Dachau, wobei er sich durch klare, teils kontrastreiche Farbgebung auszeichnete. Seine Himmel- und Wolkendarstellungen sind besonders bekannt und gesch\u00e4tzt. Trotz seiner bescheidenen Herkunft und autodidaktischen Ausbildung erlangte Hohenegger Anerkennung f\u00fcr die stimmige Komposition und Harmonie seiner Landschaftsbilder.<\/p>\n","protected":false},"excerpt":{"rendered":"<p>Simon Hohenegger (1898-1990)<\/p>\n","protected":false},"featured_media":255806,"template":"","meta":{"site-sidebar-layout":"default","site-content-layout":"","ast-site-content-layout":"default","site-content-style":"default","site-sidebar-style":"default","ast-global-header-display":"","ast-banner-title-visibility":"","ast-main-header-display":"","ast-hfb-above-header-display":"","ast-hfb-below-header-display":"","ast-hfb-mobile-header-display":"","site-post-title":"","ast-breadcrumbs-content":"","ast-featured-img":"","footer-sml-layout":"","ast-disable-related-posts":"","theme-transparent-header-meta":"default","adv-header-id-meta":"","stick-header-meta":"","header-above-stick-meta":"","header-main-stick-meta":"","header-below-stick-meta":"","astra-migrate-meta-layouts":"set","ast-page-background-enabled":"default","ast-page-background-meta":{"desktop":{"background-color":"var(--ast-global-color-4)","background-image":"","background-repeat":"repeat","background-position":"center center","background-size":"auto","background-attachment":"scroll","background-type":"","background-media":"","overlay-type":"","overlay-color":"","overlay-opacity":"","overlay-gradient":""},"tablet":{"background-color":"","background-image":"","background-repeat":"repeat","background-position":"center center","background-size":"auto","background-attachment":"scroll","background-type":"","background-media":"","overlay-type":"","overlay-color":"","overlay-opacity":"","overlay-gradient":""},"mobile":{"background-color":"","background-image":"","background-repeat":"repeat","background-position":"center center","background-size":"auto","background-attachment":"scroll","background-type":"","background-media":"","overlay-type":"","overlay-color":"","overlay-opacity":"","overlay-gradient":""}},"ast-content-background-meta":{"desktop":{"background-color":"var(--ast-global-color-5)","background-image":"","background-repeat":"repeat","background-position":"center center","background-size":"auto","background-attachment":"scroll","background-type":"","background-media":"","overlay-type":"","overlay-color":"","overlay-opacity":"","overlay-gradient":""},"tablet":{"background-color":"var(--ast-global-color-5)","background-image":"","background-repeat":"repeat","background-position":"center center","background-size":"auto","background-attachment":"scroll","background-type":"","background-media":"","overlay-type":"","overlay-color":"","overlay-opacity":"","overlay-gradient":""},"mobile":{"background-color":"var(--ast-global-color-5)","background-image":"","background-repeat":"repeat","background-position":"center center","background-size":"auto","background-attachment":"scroll","background-type":"","background-media":"","overlay-type":"","overlay-color":"","overlay-opacity":"","overlay-gradient":""}}},"product_brand":[],"product_cat":[52,25,179,409,267,14410],"product_tag":[],"class_list":{"0":"post-255774","1":"product","2":"type-product","3":"status-publish","4":"has-post-thumbnail","6":"product_cat-20th-century","7":"product_cat-deutsch","8":"product_cat-gemaelde","9":"product_cat-landschaft","10":"product_cat-oelgemaelde","11":"product_cat-simon-hohenegger","12":"desktop-align-center","13":"tablet-align-left","14":"mobile-align-left","16":"first","17":"instock","18":"taxable","19":"shipping-taxable","20":"product-type-simple"},"_links":{"self":[{"href":"https:\/\/collection.galerie-gerdes.com\/zh-hans\/wp-json\/wp\/v2\/product\/255774","targetHints":{"allow":["GET"]}}],"collection":[{"href":"https:\/\/collection.galerie-gerdes.com\/zh-hans\/wp-json\/wp\/v2\/product"}],"about":[{"href":"https:\/\/collection.galerie-gerdes.com\/zh-hans\/wp-json\/wp\/v2\/types\/product"}],"wp:featuredmedia":[{"embeddable":true,"href":"https:\/\/collection.galerie-gerdes.com\/zh-hans\/wp-json\/wp\/v2\/media\/255806"}],"wp:attachment":[{"href":"https:\/\/collection.galerie-gerdes.com\/zh-hans\/wp-json\/wp\/v2\/media?parent=255774"}],"wp:term":[{"taxonomy":"product_brand","embeddable":true,"href":"https:\/\/collection.galerie-gerdes.com\/zh-hans\/wp-json\/wp\/v2\/product_brand?post=255774"},{"taxonomy":"product_cat","embeddable":true,"href":"https:\/\/collection.galerie-gerdes.com\/zh-hans\/wp-json\/wp\/v2\/product_cat?post=255774"},{"taxonomy":"product_tag","embeddable":true,"href":"https:\/\/collection.galerie-gerdes.com\/zh-hans\/wp-json\/wp\/v2\/product_tag?post=255774"}],"curies":[{"name":"wp","href":"https:\/\/api.w.org\/{rel}","templated":true}]}}