{"id":272,"date":"2023-12-22T20:52:08","date_gmt":"2023-12-22T19:52:08","guid":{"rendered":"https:\/\/collection.galerie-gerdes.com\/?post_type=product&#038;p=272"},"modified":"2024-06-08T09:45:18","modified_gmt":"2024-06-08T07:45:18","slug":"oelstudie-eines-gefallenen-mannes","status":"publish","type":"product","link":"https:\/\/collection.galerie-gerdes.com\/zh-hans\/p\/oelstudie-eines-gefallenen-mannes\/","title":{"rendered":"Gro\u00dfe \u00d6lstudie eines gefallenen Mannes, signiert Ludwig von Hofmann"},"content":{"rendered":"<p>Ludwig von Hofmann (* 17. August 1861 in Darmstadt; \u2020 23. August 1945 in Pillnitz bei Dresden) war ein deutscher Maler, Grafiker und Gestalter. Seine in \u00fcber 60 Jahren Schaffenszeit entstandenen Werke verbinden Elemente des Symbolismus mit dem Jugendstil, sind aber auch von anderen k\u00fcnstlerischen Bewegungen seiner Zeit vom Historismus bis zur Neuen Sachlichkeit beeinflusst. Er war ein Vorreiter der Bewegung Neues Weimar.<\/p>\n<p>Hofmann war der Sohn des preu\u00dfischen Staatsmanns Karl Hofmann, der von 1872 bis 1876 Ministerpr\u00e4sident des Gro\u00dfherzogtums Hessen war und als Handelsminister im Kabinett Bismarck 1882 in den erblichen Adelsstand erhoben wurde. Seine Onkel waren die Maler Rudolf und Heinrich Ferdinand Hofmann.<\/p>\n<p>Ludwig Hofmann studierte ab 1883 an der Akademie der bildenden K\u00fcnste in Dresden und wechselte sp\u00e4ter zu Ferdinand Keller an die Kunstakademie Karlsruhe. 1889 studierte er an der Acad\u00e9mie Julian in Paris und stand unter dem Einfluss franz\u00f6sischer K\u00fcnstler wie Pierre Puvis de Chavannes und Paul-Albert Besnard.<\/p>\n<p>Ab 1890 war Hofmann als freischaffender K\u00fcnstler in Berlin t\u00e4tig. Er geh\u00f6rte dort zur \u201eGruppe der Elf\u201c (mit Max Klinger, Max Liebermann u. a.). Von 1894 bis 1900 war Hofmann viel auf Reisen und verbrachte den gr\u00f6\u00dften Teil seiner Zeit in Rom und in seiner Villa bei Fiesole. Zeit seines Lebens sollte die Rezeption der Antike und seine Vorstellung von einem Arkadien sein Werk entscheidend beeinflussen. Ab 1895 trug Hofmann zahlreiche Illustrationen zur einflussreichsten deutschen Zeitschrift des Jugendstils \u201ePan\u201c bei. Auf der Internationalen Kunstausstellung in Berlin 1896 erhielt er eine kleine Goldmedaille. Ab 1898 war er Mitglied der \u201eBerliner Secession\u201c. 1899 heiratete er Eleonore Kekul\u00e9 von Stradonitz, Tochter des Arch\u00e4ologen Reinhard Kekul\u00e9 von Stradonitz und damit eine Nichte seiner Mutter Cornelia Cora Kekul\u00e9, also seine Cousine.<\/p>\n<p>1903 wurde er als Professor an die Gro\u00dfherzogliche Kunstschule in Weimar berufen, wo er im Umkreis von Harry Graf Kessler und Henry van de Velde mit vielen Vertretern der k\u00fcnstlerischen und literarischen Avantgarde verkehrte und zu einem Vorreiter von Kesslers Bewegung \u201eNeues Weimar\u201c wurde. Zu seinen Sch\u00fclern in Weimar z\u00e4hlten Hans Arp und Ivo Hauptmann. Mit dessen Vater, dem Literatur-Nobelpreistr\u00e4ger Gerhart Hauptmann, verband ihn eine Freundschaft, die sich in einer umfangreichen Korrespondenz und einer gemeinsamen Griechenlandreise im Jahr 1907 niederschlug. Mit van de Velde arbeitete Hofmann in mehreren Bauprojekten zusammen.<\/p>\n<p>Im Kriegsjahr 1916 wechselte Hofmann nach Dresden an die Kunstakademie, wo er als Nachfolger Hermann Prells f\u00fcr das Fach Monumentalmalerei bis 1931 Professor war. In diese Zeit f\u00e4llt die Ausgestaltung des Lesesaals der Deutschen B\u00fccherei in Leipzig (1919). Mit Marcus Behmer schuf er Illustrationen f\u00fcr bedeutende Werke der Dichtkunst, beispielsweise f\u00fcr die Odyssee-\u00dcbersetzung Leopold Zieglers oder das Hirtenlied von Gerhart Hauptmann.<\/p>\n<p>Hoffmann geh\u00f6rte dem Vorstand der K\u00fcnstlervereinigung Dresden an.<\/p>\n<p>In den 1920er und 1930er Jahren wurde es ruhiger um Hofmann. 1937 wurden einige Werke in Erfurt als \u201eEntartete Kunst\u201c verfemt, andere wurden aber weiterhin in Deutschland ausgestellt. 1941 erhielt er die Goethe-Medaille f\u00fcr Kunst und Wissenschaft. 1945 starb Hofmann in Pillnitz. Sein Grab befindet sich auf dem Kirchhof Maria am Wasser in Dresden-Hosterwitz.<\/p>\n<p>Ludwig von Hofmann war Mitglied im Deutschen K\u00fcnstlerbund. Zu seinen Bewunderern und Sammlern geh\u00f6rten die \u00f6sterreich-ungarische Kaiserin Elisabeth, der Bankier und bedeutende M\u00e4zen August Freiherr von der Heydt, der Verleger Rudolf Mosse sowie die Kunsthistoriker Heinrich W\u00f6lfflin und Wilhelm von Bode. Rainer Maria Rilke widmete Hofmann 1898 den (von Zeichnungen Hofmanns inspirierten) Gedichtzyklus \u201eDie Bilder entlang\u201c; Hofmann hatte bereits vorher Rilkes Gedichtzyklus \u201eLieder der M\u00e4dchen\u201c mit Illustrationen versehen. Auch Thomas Mann bewunderte Hofmann und verarbeitete Eindr\u00fccke von Hofmanns Werk in seinem Roman \u201eDer Zauberberg\u201c. Bis zu seinem Tod hing das 1914 gekaufte Bild Die Quelle in seinem Arbeitszimmer. Hugo von Hofmannsthal verfasste zu Hofmanns Grafikmappe \u201eT\u00e4nze\u201c 1905 ein Vorwort.<\/p>\n","protected":false},"excerpt":{"rendered":"<p>Ludwig von Hofmann (1861-1945)<\/p>\n","protected":false},"featured_media":273,"template":"","meta":{"site-sidebar-layout":"default","site-content-layout":"","ast-site-content-layout":"default","site-content-style":"default","site-sidebar-style":"default","ast-global-header-display":"","ast-banner-title-visibility":"","ast-main-header-display":"","ast-hfb-above-header-display":"","ast-hfb-below-header-display":"","ast-hfb-mobile-header-display":"","site-post-title":"","ast-breadcrumbs-content":"","ast-featured-img":"","footer-sml-layout":"","ast-disable-related-posts":"","theme-transparent-header-meta":"default","adv-header-id-meta":"","stick-header-meta":"","header-above-stick-meta":"","header-main-stick-meta":"","header-below-stick-meta":"","astra-migrate-meta-layouts":"set","ast-page-background-enabled":"default","ast-page-background-meta":{"desktop":{"background-color":"var(--ast-global-color-4)","background-image":"","background-repeat":"repeat","background-position":"center center","background-size":"auto","background-attachment":"scroll","background-type":"","background-media":"","overlay-type":"","overlay-color":"","overlay-opacity":"","overlay-gradient":""},"tablet":{"background-color":"","background-image":"","background-repeat":"repeat","background-position":"center center","background-size":"auto","background-attachment":"scroll","background-type":"","background-media":"","overlay-type":"","overlay-color":"","overlay-opacity":"","overlay-gradient":""},"mobile":{"background-color":"","background-image":"","background-repeat":"repeat","background-position":"center center","background-size":"auto","background-attachment":"scroll","background-type":"","background-media":"","overlay-type":"","overlay-color":"","overlay-opacity":"","overlay-gradient":""}},"ast-content-background-meta":{"desktop":{"background-color":"var(--ast-global-color-5)","background-image":"","background-repeat":"repeat","background-position":"center center","background-size":"auto","background-attachment":"scroll","background-type":"","background-media":"","overlay-type":"","overlay-color":"","overlay-opacity":"","overlay-gradient":""},"tablet":{"background-color":"var(--ast-global-color-5)","background-image":"","background-repeat":"repeat","background-position":"center center","background-size":"auto","background-attachment":"scroll","background-type":"","background-media":"","overlay-type":"","overlay-color":"","overlay-opacity":"","overlay-gradient":""},"mobile":{"background-color":"var(--ast-global-color-5)","background-image":"","background-repeat":"repeat","background-position":"center center","background-size":"auto","background-attachment":"scroll","background-type":"","background-media":"","overlay-type":"","overlay-color":"","overlay-opacity":"","overlay-gradient":""}}},"product_brand":[],"product_cat":[52,25,179,111],"product_tag":[364,362,363,74,361,365],"class_list":{"0":"post-272","1":"product","2":"type-product","3":"status-publish","4":"has-post-thumbnail","6":"product_cat-20th-century","7":"product_cat-deutsch","8":"product_cat-gemaelde","9":"product_cat-ludwig-von-hofmann","10":"product_tag-art","11":"product_tag-gemalde","12":"product_tag-kunst","13":"product_tag-painting","14":"product_tag-peintures","15":"product_tag-pittura","16":"desktop-align-center","17":"tablet-align-left","18":"mobile-align-left","20":"first","21":"instock","22":"taxable","23":"shipping-taxable","24":"product-type-simple"},"_links":{"self":[{"href":"https:\/\/collection.galerie-gerdes.com\/zh-hans\/wp-json\/wp\/v2\/product\/272","targetHints":{"allow":["GET"]}}],"collection":[{"href":"https:\/\/collection.galerie-gerdes.com\/zh-hans\/wp-json\/wp\/v2\/product"}],"about":[{"href":"https:\/\/collection.galerie-gerdes.com\/zh-hans\/wp-json\/wp\/v2\/types\/product"}],"wp:featuredmedia":[{"embeddable":true,"href":"https:\/\/collection.galerie-gerdes.com\/zh-hans\/wp-json\/wp\/v2\/media\/273"}],"wp:attachment":[{"href":"https:\/\/collection.galerie-gerdes.com\/zh-hans\/wp-json\/wp\/v2\/media?parent=272"}],"wp:term":[{"taxonomy":"product_brand","embeddable":true,"href":"https:\/\/collection.galerie-gerdes.com\/zh-hans\/wp-json\/wp\/v2\/product_brand?post=272"},{"taxonomy":"product_cat","embeddable":true,"href":"https:\/\/collection.galerie-gerdes.com\/zh-hans\/wp-json\/wp\/v2\/product_cat?post=272"},{"taxonomy":"product_tag","embeddable":true,"href":"https:\/\/collection.galerie-gerdes.com\/zh-hans\/wp-json\/wp\/v2\/product_tag?post=272"}],"curies":[{"name":"wp","href":"https:\/\/api.w.org\/{rel}","templated":true}]}}