{"id":284,"date":"2023-12-22T22:19:26","date_gmt":"2023-12-22T21:19:26","guid":{"rendered":"https:\/\/collection.galerie-gerdes.com\/?post_type=product&#038;p=284"},"modified":"2024-09-26T17:16:30","modified_gmt":"2024-09-26T15:16:30","slug":"florenz","status":"publish","type":"product","link":"https:\/\/collection.galerie-gerdes.com\/zh-hans\/p\/florenz\/","title":{"rendered":"&#8220;Florenz&#8221;, Marius Woulfart. Gem\u00e4lde italienische Stadtansicht mit Personen"},"content":{"rendered":"<p>Marius Woulfart, der 1905 in Paris geboren wurde, ist ein vielseitiger K\u00fcnstler, der als Maler, Graveur, Lithograf, Illustrator und Theaterdesigner t\u00e4tig war. Seine Wurzeln sind russisch-j\u00fcdisch, und sein k\u00fcnstlerisches Erbe ist beeindruckend.<\/p>\n<p>Die k\u00fcnstlerische Leidenschaft begann in seiner Familie, insbesondere bei seinem Vater, Max Wulfart, der 1876 in Frauenburg, Russland, zur Welt kam. Max absolvierte die Akademie der Sch\u00f6nen K\u00fcnste in Odessa und machte sich als Maler im zaristischen Russland einen Namen. 1903 zog er nach Paris, um dem k\u00fcnstlerischen Pulsschlag der Belle \u00c9poque zu folgen. Dort kam 1905 sein zweiter Sohn Marius zur Welt, zwei Jahre nach der Ankunft der Familie in Frankreich.<\/p>\n<p>Die Geschichte der Wulfart-Familie ist wie viele andere, deren kyrillische Namen bei der Einwanderung nach Frankreich ungenau transkribiert wurden. Max Wulfart entschied sich daf\u00fcr, den richtigen Namen seiner Familie beizubehalten, und so trug Marius den korrekten Namen Wulfart und nicht Wulfart. Im Jahr 1927 wurde die gesamte Familie eingeb\u00fcrgert und erhielt die franz\u00f6sische Staatsb\u00fcrgerschaft.<\/p>\n<p>Max Wulfart begann in Frankreich von Grund auf und nahm am Unterricht der National School of Fine Arts in Paris teil. Seine Werke wurden regelm\u00e4\u00dfig in Pariser Salons ausgestellt, und er wurde sogar mit der Ehrenlegion ausgezeichnet.<\/p>\n<p>Marius f\u00fchlte sich eng mit seinem Vater verbunden und war von dessen k\u00fcnstlerischem Ausdruck fasziniert. Er entschied sich, Maler zu werden, um die Vision seines Vaters weiterzuentwickeln, und er erhielt seine Ausbildung direkt in der Werkstatt seines Vaters.<\/p>\n<p>Marius Woulfarts k\u00fcnstlerische Karriere spielte sich haupts\u00e4chlich im S\u00fcden Frankreichs ab. Er etablierte sein Atelier zun\u00e4chst in Cannes und sp\u00e4ter in Grasse, aber seine Werke fanden ein breites Publikum in ganz Frankreich und internationalen Schaupl\u00e4tzen wie England, Kanada und Florida.<\/p>\n<p>Seine k\u00fcnstlerische Pr\u00e4senz war in Paris gut sichtbar, da er regelm\u00e4\u00dfig im Salon d&#8217;Automne ausstellte und pers\u00f6nliche Ausstellungen in renommierten Galerien wie der Galerie du Vieux Colombier, der Galerie des Champs Elys\u00e9es und der Galerie Georges V hatte. Seine Werke sind Teil der Sammlungen des Museums f\u00fcr Moderne Kunst der Stadt Paris.<\/p>\n<p>Besonders im S\u00fcden Frankreichs fand Marius eine treue Anh\u00e4ngerschaft. Er pr\u00e4sentierte seine Werke gerne im warmen Licht der Region und nahm regelm\u00e4\u00dfig an der Biennale von Menton teil. Einzelausstellungen in St\u00e4dten wie Nizza, Grasse, Bordeaux, Antibes und Cannes wurden immer positiv aufgenommen. Sogar die F\u00fcrstenfamilie von Monaco, darunter Florence Gould, z\u00e4hlte zu seinen Sammlern.<\/p>\n<p>Der Stil von Marius Woulfart ist von Poesie durchdrungen, und seine Kompositionen sind stets sorgf\u00e4ltig durchdacht, um Harmonie und Gelassenheit auszudr\u00fccken. Trotz eines breiten und kr\u00e4ftigen Pinselstrichs und einer reichen Bildsprache bleibt seine Kunst fest in ihrer Zeit verankert und zeitlos zugleich. Im Jahr 1991 verstarb er in Grasse.<\/p>\n","protected":false},"excerpt":{"rendered":"<p>Marius Woulfart (1905-1991)<br \/>\n\u00d6l auf Pappe. Sollte gereinigt werden.<\/p>\n","protected":false},"featured_media":285,"template":"","meta":{"site-sidebar-layout":"default","site-content-layout":"","ast-site-content-layout":"default","site-content-style":"default","site-sidebar-style":"default","ast-global-header-display":"","ast-banner-title-visibility":"","ast-main-header-display":"","ast-hfb-above-header-display":"","ast-hfb-below-header-display":"","ast-hfb-mobile-header-display":"","site-post-title":"","ast-breadcrumbs-content":"","ast-featured-img":"","footer-sml-layout":"","ast-disable-related-posts":"","theme-transparent-header-meta":"","adv-header-id-meta":"","stick-header-meta":"","header-above-stick-meta":"","header-main-stick-meta":"","header-below-stick-meta":"","astra-migrate-meta-layouts":"default","ast-page-background-enabled":"default","ast-page-background-meta":{"desktop":{"background-color":"var(--ast-global-color-4)","background-image":"","background-repeat":"repeat","background-position":"center center","background-size":"auto","background-attachment":"scroll","background-type":"","background-media":"","overlay-type":"","overlay-color":"","overlay-opacity":"","overlay-gradient":""},"tablet":{"background-color":"","background-image":"","background-repeat":"repeat","background-position":"center center","background-size":"auto","background-attachment":"scroll","background-type":"","background-media":"","overlay-type":"","overlay-color":"","overlay-opacity":"","overlay-gradient":""},"mobile":{"background-color":"","background-image":"","background-repeat":"repeat","background-position":"center center","background-size":"auto","background-attachment":"scroll","background-type":"","background-media":"","overlay-type":"","overlay-color":"","overlay-opacity":"","overlay-gradient":""}},"ast-content-background-meta":{"desktop":{"background-color":"var(--ast-global-color-5)","background-image":"","background-repeat":"repeat","background-position":"center center","background-size":"auto","background-attachment":"scroll","background-type":"","background-media":"","overlay-type":"","overlay-color":"","overlay-opacity":"","overlay-gradient":""},"tablet":{"background-color":"var(--ast-global-color-5)","background-image":"","background-repeat":"repeat","background-position":"center center","background-size":"auto","background-attachment":"scroll","background-type":"","background-media":"","overlay-type":"","overlay-color":"","overlay-opacity":"","overlay-gradient":""},"mobile":{"background-color":"var(--ast-global-color-5)","background-image":"","background-repeat":"repeat","background-position":"center center","background-size":"auto","background-attachment":"scroll","background-type":"","background-media":"","overlay-type":"","overlay-color":"","overlay-opacity":"","overlay-gradient":""}}},"product_brand":[],"product_cat":[179,114],"product_tag":[364,362,363,74,361,365],"class_list":{"0":"post-284","1":"product","2":"type-product","3":"status-publish","4":"has-post-thumbnail","6":"product_cat-gemaelde","7":"product_cat-marius-woulfart","8":"product_tag-art","9":"product_tag-gemalde","10":"product_tag-kunst","11":"product_tag-painting","12":"product_tag-peintures","13":"product_tag-pittura","14":"desktop-align-center","15":"tablet-align-left","16":"mobile-align-left","18":"first","19":"instock","20":"taxable","21":"shipping-taxable","22":"product-type-simple"},"_links":{"self":[{"href":"https:\/\/collection.galerie-gerdes.com\/zh-hans\/wp-json\/wp\/v2\/product\/284","targetHints":{"allow":["GET"]}}],"collection":[{"href":"https:\/\/collection.galerie-gerdes.com\/zh-hans\/wp-json\/wp\/v2\/product"}],"about":[{"href":"https:\/\/collection.galerie-gerdes.com\/zh-hans\/wp-json\/wp\/v2\/types\/product"}],"wp:featuredmedia":[{"embeddable":true,"href":"https:\/\/collection.galerie-gerdes.com\/zh-hans\/wp-json\/wp\/v2\/media\/285"}],"wp:attachment":[{"href":"https:\/\/collection.galerie-gerdes.com\/zh-hans\/wp-json\/wp\/v2\/media?parent=284"}],"wp:term":[{"taxonomy":"product_brand","embeddable":true,"href":"https:\/\/collection.galerie-gerdes.com\/zh-hans\/wp-json\/wp\/v2\/product_brand?post=284"},{"taxonomy":"product_cat","embeddable":true,"href":"https:\/\/collection.galerie-gerdes.com\/zh-hans\/wp-json\/wp\/v2\/product_cat?post=284"},{"taxonomy":"product_tag","embeddable":true,"href":"https:\/\/collection.galerie-gerdes.com\/zh-hans\/wp-json\/wp\/v2\/product_tag?post=284"}],"curies":[{"name":"wp","href":"https:\/\/api.w.org\/{rel}","templated":true}]}}