{"id":289008,"date":"2024-12-05T20:34:48","date_gmt":"2024-12-05T19:34:48","guid":{"rendered":"https:\/\/www.collection.galerie-gerdes.com\/?post_type=product&#038;p=289008"},"modified":"2024-12-18T16:46:08","modified_gmt":"2024-12-18T15:46:08","slug":"roemer-besuch-beim-kuenstler-federzeichnung-von-robert-fink-meggendorfer-blaetter-muenchen","status":"publish","type":"product","link":"https:\/\/collection.galerie-gerdes.com\/zh-hans\/p\/roemer-besuch-beim-kuenstler-federzeichnung-von-robert-fink-meggendorfer-blaetter-muenchen\/","title":{"rendered":"R\u00f6mer-Besuch beim K\u00fcnstler | Federzeichnung von Robert Fink | Meggendorfer Bl\u00e4tter M\u00fcnchen"},"content":{"rendered":"<div class=\"woocommerce-tabs wc-tabs-wrapper\">\n<div id=\"tab-description\" class=\"woocommerce-Tabs-panel woocommerce-Tabs-panel--description panel entry-content wc-tab\" role=\"tabpanel\" aria-labelledby=\"tab-title-description\">\n<p>Robert Fink (1878 in Pozsony \u2013 1950 in M\u00fcnchen) war ein bedeutender Maler und Grafiker, bekannt f\u00fcr seine fig\u00fcrlichen Kompositionen, atmosph\u00e4rischen Landschaften und Portr\u00e4ts. Er begann seine k\u00fcnstlerische Ausbildung an der privaten Malschule von S. Hollosy in M\u00fcnchen und setzte sie ab 1915 an der M\u00fcnchner Kunstakademie bei K. v. Marr fort. Seine Studien f\u00fchrten ihn auch ins Ausland, darunter nach Schweden.<\/p>\n<p>Fink pr\u00e4sentierte seine Werke haupts\u00e4chlich in den 1910er- und 1920er-Jahren im M\u00fcnchner Glaspalast. Bereits 1907 war er erstmals am Hagenbund beteiligt und wurde von 1909 bis 1912 Mitglied dieser Vereinigung. Zudem geh\u00f6rte er dem Reichsverband bildender K\u00fcnstler Deutschlands an. In einem Ausstellungskatalog des Hagenbundes von 1922 in Kaschau wurde er als \u201cL\u00e4ndliches Mitglied\u201d aufgef\u00fchrt, obwohl keine seiner Werke ausgestellt waren.<\/p>\n<p>Werke von Robert Fink befinden sich unter anderem in der Neuen Pinakothek und in der St\u00e4dtischen Galerie M\u00fcnchen im Galerie im Lenbachhaus.<\/p>\n<\/div>\n<\/div>\n","protected":false},"excerpt":{"rendered":"<p>Robert Fink (1878-1950)<\/p>\n","protected":false},"featured_media":290368,"template":"","meta":{"site-sidebar-layout":"default","site-content-layout":"","ast-site-content-layout":"default","site-content-style":"default","site-sidebar-style":"default","ast-global-header-display":"","ast-banner-title-visibility":"","ast-main-header-display":"","ast-hfb-above-header-display":"","ast-hfb-below-header-display":"","ast-hfb-mobile-header-display":"","site-post-title":"","ast-breadcrumbs-content":"","ast-featured-img":"","footer-sml-layout":"","ast-disable-related-posts":"","theme-transparent-header-meta":"default","adv-header-id-meta":"","stick-header-meta":"","header-above-stick-meta":"","header-main-stick-meta":"","header-below-stick-meta":"","astra-migrate-meta-layouts":"set","ast-page-background-enabled":"default","ast-page-background-meta":{"desktop":{"background-color":"var(--ast-global-color-4)","background-image":"","background-repeat":"repeat","background-position":"center center","background-size":"auto","background-attachment":"scroll","background-type":"","background-media":"","overlay-type":"","overlay-color":"","overlay-opacity":"","overlay-gradient":""},"tablet":{"background-color":"","background-image":"","background-repeat":"repeat","background-position":"center center","background-size":"auto","background-attachment":"scroll","background-type":"","background-media":"","overlay-type":"","overlay-color":"","overlay-opacity":"","overlay-gradient":""},"mobile":{"background-color":"","background-image":"","background-repeat":"repeat","background-position":"center center","background-size":"auto","background-attachment":"scroll","background-type":"","background-media":"","overlay-type":"","overlay-color":"","overlay-opacity":"","overlay-gradient":""}},"ast-content-background-meta":{"desktop":{"background-color":"var(--ast-global-color-5)","background-image":"","background-repeat":"repeat","background-position":"center center","background-size":"auto","background-attachment":"scroll","background-type":"","background-media":"","overlay-type":"","overlay-color":"","overlay-opacity":"","overlay-gradient":""},"tablet":{"background-color":"var(--ast-global-color-5)","background-image":"","background-repeat":"repeat","background-position":"center center","background-size":"auto","background-attachment":"scroll","background-type":"","background-media":"","overlay-type":"","overlay-color":"","overlay-opacity":"","overlay-gradient":""},"mobile":{"background-color":"var(--ast-global-color-5)","background-image":"","background-repeat":"repeat","background-position":"center center","background-size":"auto","background-attachment":"scroll","background-type":"","background-media":"","overlay-type":"","overlay-color":"","overlay-opacity":"","overlay-gradient":""}}},"product_brand":[],"product_cat":[52,25,179,424,327,266],"product_tag":[],"class_list":{"0":"post-289008","1":"product","2":"type-product","3":"status-publish","4":"has-post-thumbnail","6":"product_cat-20th-century","7":"product_cat-deutsch","8":"product_cat-gemaelde","9":"product_cat-karikaturen","10":"product_cat-robert-fink","11":"product_cat-zeichnung","12":"desktop-align-center","13":"tablet-align-left","14":"mobile-align-left","16":"first","17":"instock","18":"taxable","19":"shipping-taxable","20":"product-type-simple"},"_links":{"self":[{"href":"https:\/\/collection.galerie-gerdes.com\/zh-hans\/wp-json\/wp\/v2\/product\/289008","targetHints":{"allow":["GET"]}}],"collection":[{"href":"https:\/\/collection.galerie-gerdes.com\/zh-hans\/wp-json\/wp\/v2\/product"}],"about":[{"href":"https:\/\/collection.galerie-gerdes.com\/zh-hans\/wp-json\/wp\/v2\/types\/product"}],"wp:featuredmedia":[{"embeddable":true,"href":"https:\/\/collection.galerie-gerdes.com\/zh-hans\/wp-json\/wp\/v2\/media\/290368"}],"wp:attachment":[{"href":"https:\/\/collection.galerie-gerdes.com\/zh-hans\/wp-json\/wp\/v2\/media?parent=289008"}],"wp:term":[{"taxonomy":"product_brand","embeddable":true,"href":"https:\/\/collection.galerie-gerdes.com\/zh-hans\/wp-json\/wp\/v2\/product_brand?post=289008"},{"taxonomy":"product_cat","embeddable":true,"href":"https:\/\/collection.galerie-gerdes.com\/zh-hans\/wp-json\/wp\/v2\/product_cat?post=289008"},{"taxonomy":"product_tag","embeddable":true,"href":"https:\/\/collection.galerie-gerdes.com\/zh-hans\/wp-json\/wp\/v2\/product_tag?post=289008"}],"curies":[{"name":"wp","href":"https:\/\/api.w.org\/{rel}","templated":true}]}}