{"id":4992,"date":"2024-04-05T13:56:22","date_gmt":"2024-04-05T11:56:22","guid":{"rendered":"https:\/\/collection.galerie-gerdes.com\/?post_type=product&#038;p=4992"},"modified":"2024-05-21T13:03:13","modified_gmt":"2024-05-21T11:03:13","slug":"wurzburg-1961-aquarell-von-prof-hermann-wilhelm","status":"publish","type":"product","link":"https:\/\/collection.galerie-gerdes.com\/zh-hans\/p\/wurzburg-1961-aquarell-von-prof-hermann-wilhelm\/","title":{"rendered":"W\u00fcrzburg, Festung und Mainbr\u00fccke 1961, Aquarell von Prof. Hermann Wilhelm"},"content":{"rendered":"<p>Hermann Wilhelm, geboren am 4. September 1897 in Lauenstein (heute Ortsteil von Ludwigsstadt) in Oberfranken, war ein bedeutender deutscher Maler und Professor an der Akademie der Bildenden K\u00fcnste in N\u00fcrnberg.<\/p>\n<p>W\u00e4hrend des Ersten Weltkriegs diente Wilhelm von 1916 bis 1918 als Soldat. Seine k\u00fcnstlerische Ausbildung begann er von 1919 bis 1923 als Sch\u00fcler unter Rudolf Schiestl an der Kunstgewerbeschule in N\u00fcrnberg. Anschlie\u00dfend setzte er von 1925 bis 1931 seine Studien an den Vereinigten Staatsschulen f\u00fcr freie und angewandte Kunst in Berlin fort, wo er unter anderem als Meistersch\u00fcler von Paul Plontke ausgebildet wurde. Sein Talent und seine Arbeiten wurden bereits fr\u00fchzeitig anerkannt, und er erhielt 1928 eine Medaille der Vereinigten Staatsschulen.<\/p>\n<p>Wilhelm kn\u00fcpfte enge Verbindungen zu anderen K\u00fcnstlern, darunter Max Slevogt und Max Liebermann, und war aktiv an der Gr\u00fcndung der Gesellschaft f\u00fcr zeichnende K\u00fcnste in Franken und der Oberpfalz beteiligt. Seine Werke stie\u00dfen auf breites Interesse und standen im Austausch mit bedeutenden K\u00fcnstlern wie Ernst Barlach und Alfred Kubin.<\/p>\n<p>W\u00e4hrend des Zweiten Weltkriegs wurde Wilhelm 1939 erneut eingezogen und heiratete 1940 Wett Scharg. Er diente bis 1945 im Kriegsdienst, wobei sein gesamtes bis dahin geschaffenes Werk durch Luftangriffe auf N\u00fcrnberg, insbesondere am 2. Januar 1945, zerst\u00f6rt wurde.<\/p>\n<p>Nach dem Krieg arbeitete Wilhelm von 1945 bis 1950 in Erlangen und wurde 1946 an die Akademie der Bildenden K\u00fcnste in N\u00fcrnberg berufen. Dort pr\u00e4gte er als Professor eine neue Generation von K\u00fcnstlern, darunter Oskar Koller, Toni Burghart und Christian Kruck. Von 1960 bis 1963 diente er als Vizepr\u00e4sident der Akademie, bevor er am 24. Februar 1970 verstarb und auf dem Johannesfriedhof in N\u00fcrnberg beigesetzt wurde.<\/p>\n","protected":false},"excerpt":{"rendered":"<p>Hermann Wilhelm (1897-1970)<\/p>\n","protected":false},"featured_media":4993,"template":"","meta":{"site-sidebar-layout":"default","site-content-layout":"","ast-site-content-layout":"default","site-content-style":"default","site-sidebar-style":"default","ast-global-header-display":"","ast-banner-title-visibility":"","ast-main-header-display":"","ast-hfb-above-header-display":"","ast-hfb-below-header-display":"","ast-hfb-mobile-header-display":"","site-post-title":"","ast-breadcrumbs-content":"","ast-featured-img":"","footer-sml-layout":"","ast-disable-related-posts":"","theme-transparent-header-meta":"default","adv-header-id-meta":"","stick-header-meta":"","header-above-stick-meta":"","header-main-stick-meta":"","header-below-stick-meta":"","astra-migrate-meta-layouts":"set","ast-page-background-enabled":"default","ast-page-background-meta":{"desktop":{"background-color":"var(--ast-global-color-4)","background-image":"","background-repeat":"repeat","background-position":"center center","background-size":"auto","background-attachment":"scroll","background-type":"","background-media":"","overlay-type":"","overlay-color":"","overlay-opacity":"","overlay-gradient":""},"tablet":{"background-color":"","background-image":"","background-repeat":"repeat","background-position":"center center","background-size":"auto","background-attachment":"scroll","background-type":"","background-media":"","overlay-type":"","overlay-color":"","overlay-opacity":"","overlay-gradient":""},"mobile":{"background-color":"","background-image":"","background-repeat":"repeat","background-position":"center center","background-size":"auto","background-attachment":"scroll","background-type":"","background-media":"","overlay-type":"","overlay-color":"","overlay-opacity":"","overlay-gradient":""}},"ast-content-background-meta":{"desktop":{"background-color":"var(--ast-global-color-5)","background-image":"","background-repeat":"repeat","background-position":"center center","background-size":"auto","background-attachment":"scroll","background-type":"","background-media":"","overlay-type":"","overlay-color":"","overlay-opacity":"","overlay-gradient":""},"tablet":{"background-color":"var(--ast-global-color-5)","background-image":"","background-repeat":"repeat","background-position":"center center","background-size":"auto","background-attachment":"scroll","background-type":"","background-media":"","overlay-type":"","overlay-color":"","overlay-opacity":"","overlay-gradient":""},"mobile":{"background-color":"var(--ast-global-color-5)","background-image":"","background-repeat":"repeat","background-position":"center center","background-size":"auto","background-attachment":"scroll","background-type":"","background-media":"","overlay-type":"","overlay-color":"","overlay-opacity":"","overlay-gradient":""}}},"product_brand":[],"product_cat":[52,265,25,179,317,409],"product_tag":[364,362,363,74,361,365],"class_list":{"0":"post-4992","1":"product","2":"type-product","3":"status-publish","4":"has-post-thumbnail","6":"product_cat-20th-century","7":"product_cat-aquarell","8":"product_cat-deutsch","9":"product_cat-gemaelde","10":"product_cat-hermann-wilhelm","11":"product_cat-landschaft","12":"product_tag-art","13":"product_tag-gemalde","14":"product_tag-kunst","15":"product_tag-painting","16":"product_tag-peintures","17":"product_tag-pittura","18":"desktop-align-center","19":"tablet-align-left","20":"mobile-align-left","22":"first","23":"instock","24":"taxable","25":"shipping-taxable","26":"product-type-simple"},"_links":{"self":[{"href":"https:\/\/collection.galerie-gerdes.com\/zh-hans\/wp-json\/wp\/v2\/product\/4992","targetHints":{"allow":["GET"]}}],"collection":[{"href":"https:\/\/collection.galerie-gerdes.com\/zh-hans\/wp-json\/wp\/v2\/product"}],"about":[{"href":"https:\/\/collection.galerie-gerdes.com\/zh-hans\/wp-json\/wp\/v2\/types\/product"}],"wp:featuredmedia":[{"embeddable":true,"href":"https:\/\/collection.galerie-gerdes.com\/zh-hans\/wp-json\/wp\/v2\/media\/4993"}],"wp:attachment":[{"href":"https:\/\/collection.galerie-gerdes.com\/zh-hans\/wp-json\/wp\/v2\/media?parent=4992"}],"wp:term":[{"taxonomy":"product_brand","embeddable":true,"href":"https:\/\/collection.galerie-gerdes.com\/zh-hans\/wp-json\/wp\/v2\/product_brand?post=4992"},{"taxonomy":"product_cat","embeddable":true,"href":"https:\/\/collection.galerie-gerdes.com\/zh-hans\/wp-json\/wp\/v2\/product_cat?post=4992"},{"taxonomy":"product_tag","embeddable":true,"href":"https:\/\/collection.galerie-gerdes.com\/zh-hans\/wp-json\/wp\/v2\/product_tag?post=4992"}],"curies":[{"name":"wp","href":"https:\/\/api.w.org\/{rel}","templated":true}]}}